{"id":87,"date":"2023-06-07T13:27:46","date_gmt":"2023-06-07T16:27:46","guid":{"rendered":"https:\/\/www.itirapina.sp.gov.br\/portal\/?page_id=87"},"modified":"2026-03-06T10:38:32","modified_gmt":"2026-03-06T13:38:32","slug":"funcionarios","status":"publish","type":"page","link":"https:\/\/www.itirapina.sp.gov.br\/portal\/funcionarios\/","title":{"rendered":"Funcion\u00e1rios"},"content":{"rendered":"\n<h2 class=\"wp-block-heading\">Acompanhe as informa\u00e7\u00f5es e comunicados da Administra\u00e7\u00e3o<\/h2>\n\n\n\n<p class=\"wp-block-paragraph\">Navegue nos conte\u00fados abaixo de seu interesse:<\/p>\n\n\n\n<div class=\"wp-block-buttons is-layout-flex wp-block-buttons-is-layout-flex\">\n<div class=\"wp-block-button is-style-outline is-style-outline--1\"><a class=\"wp-block-button__link has-vivid-cyan-blue-color has-text-color has-link-color wp-element-button\" href=\"https:\/\/novoportal.conam.com.br\/rhitirapina\/login.php\" target=\"_blank\" rel=\"noreferrer noopener\">ACESSAR HOLERITE<\/a><\/div>\n\n\n\n<div class=\"wp-block-button is-style-outline is-style-outline--2\"><a class=\"wp-block-button__link has-vivid-cyan-blue-color has-text-color has-link-color wp-element-button\" href=\"https:\/\/www.itirapina.sp.gov.br\/portal\/documentos\/manual-do-caixinha\/\" target=\"_blank\" rel=\"noreferrer noopener\">MANUAL DO CAIXINHA<\/a><\/div>\n\n\n\n<div class=\"wp-block-button is-style-outline is-style-outline--3\"><a class=\"wp-block-button__link has-vivid-cyan-blue-color has-text-color has-link-color wp-element-button\" href=\"https:\/\/www.itirapina.sp.gov.br\/portal\/documentos\/termo-de-responsabilidade-de-tecnologia-da-informacao-e-assinatura-digital\/\" target=\"_blank\" rel=\"noreferrer noopener\">TERMO DE RESPONSABILIDADE &#8211; T.I.<\/a><\/div>\n\n\n\n<div class=\"wp-block-button is-style-outline is-style-outline--4\"><a class=\"wp-block-button__link has-vivid-cyan-blue-color has-text-color has-link-color wp-element-button\" href=\"https:\/\/insightinfo.izeus.com.br\/itirapina\" target=\"_blank\" rel=\"noreferrer noopener\">CONSULTAR REGISTRO DE DIGITAIS<\/a><\/div>\n<\/div>\n\n\n\n<div style=\"height:40px\" aria-hidden=\"true\" class=\"wp-block-spacer\"><\/div>\n\n\n\n<h2 class=\"wp-block-heading\">COMUNICADOS IMPORTANTES:<\/h2>\n\n\n\n<hr class=\"wp-block-separator has-alpha-channel-opacity\"\/>\n\n\n\n<p class=\"wp-block-paragraph\"><\/p>\n\n\n\n<h3 class=\"wp-block-heading\">ATEN\u00c7\u00c3O SERVIDOR: VOC\u00ca DEVE ATUALIZAR O SEU CADASTRO ANUAL &#8211; 06\/03\/2026<\/h3>\n\n\n\n<figure class=\"wp-block-image size-full\"><img fetchpriority=\"high\" decoding=\"async\" width=\"940\" height=\"788\" src=\"https:\/\/www.itirapina.sp.gov.br\/portal\/wp-content\/uploads\/2026\/03\/2026-03-06-recadastramento-2026.png\" alt=\"ATEN\u00c7\u00c3O SERVIDOR: VOC\u00ca DEVE ATUALIZAR O SEU CADASTRO ANUAL\" class=\"wp-image-7328\" srcset=\"https:\/\/www.itirapina.sp.gov.br\/portal\/wp-content\/uploads\/2026\/03\/2026-03-06-recadastramento-2026.png 940w, https:\/\/www.itirapina.sp.gov.br\/portal\/wp-content\/uploads\/2026\/03\/2026-03-06-recadastramento-2026-300x251.png 300w, https:\/\/www.itirapina.sp.gov.br\/portal\/wp-content\/uploads\/2026\/03\/2026-03-06-recadastramento-2026-768x644.png 768w\" sizes=\"(max-width: 940px) 100vw, 940px\" \/><\/figure>\n\n\n\n<hr class=\"wp-block-separator has-alpha-channel-opacity\"\/>\n\n\n\n<h3 class=\"wp-block-heading\"><strong>ANTIGOS:<\/strong><\/h3>\n\n\n\n<details class=\"wp-block-details is-layout-flow wp-block-details-is-layout-flow\"><summary><strong>FUNCION\u00c1RIOS P\u00daBLICOS MUNICIPAIS PASSAR\u00c3O A RECEBER O SAL\u00c1RIO PELO BANCO BRADESCO &#8211; 29\/10\/2025<\/strong><\/summary>\n<p class=\"wp-block-paragraph\">Os funcion\u00e1rios p\u00fablicos municipais da Prefeitura de Itirapina, a partir do m\u00eas de novembro, passar\u00e3o a receber seus sal\u00e1rios no Banco Bradesco, sendo assim, \u00e9 de extrema import\u00e2ncia que <strong>TODOS <\/strong>os funcion\u00e1rios abram uma conta neste banco para continuarem a receber o sal\u00e1rio normalmente.<\/p>\n\n\n\n<p class=\"wp-block-paragraph\">O passo a passo para a abertura de conta pode ser visualizado no link a seguir: (<a href=\"https:\/\/www.youtube.com\/watch?v=UuVCc03M0JI\" target=\"_blank\" rel=\"noopener\" title=\"\">https:\/\/www.youtube.com\/watch?v=UuVCc03M0JI<\/a>)<\/p>\n\n\n\n<p class=\"wp-block-paragraph\">Haver\u00e1 atendimento no<strong> Anfiteatro Municipal<\/strong> (Pra\u00e7a Central) dos<strong> dias 3 ao 7 de novembro<\/strong>, das 8 \u00e0s 17 horas, para aqueles que estiverem tendo dificuldades para criarem sua conta.<\/p>\n\n\n\n<p class=\"wp-block-paragraph\">Para realizar a abertura de uma conta, veja o v\u00eddeo demonstrando, atrav\u00e9s do link abaixo:<\/p>\n<\/details>\n\n\n\n<details class=\"wp-block-details is-layout-flow wp-block-details-is-layout-flow\"><summary><strong>Recadastramento Anual Obrigat\u00f3rio \u2013 Comunicado aos Servidores Municipais &#8211; 29\/04\/2025 &#8211; Leia mais!<\/strong><\/summary>\n<p class=\"wp-block-paragraph\">A Prefeitura Municipal de Itirapina informa que, conforme determina\u00e7\u00e3o vigente <strong><em>Decreto de n\u00b03.832<\/em><\/strong><em>, de 21 de janeiro de 2022<\/em>, todos os servidores p\u00fablicos ativos dever\u00e3o realizar o recadastramento anual obrigat\u00f3rio no m\u00eas de seu anivers\u00e1rio.<\/p>\n\n\n\n<p class=\"wp-block-paragraph\">O objetivo do recadastramento \u00e9 manter atualizados os dados funcionais e pessoais dos servidores, assegurando a regularidade do v\u00ednculo funcional e o correto pagamento dos vencimentos.<\/p>\n\n\n\n<p class=\"wp-block-paragraph\">As informa\u00e7\u00f5es s\u00e3o encaminhadas ao eSocial e tem por finalidade viabilizar a garantia de direitos previdenci\u00e1rios e trabalhistas. A atualiza\u00e7\u00e3o cadastral traz benef\u00edcios para toda a Administra\u00e7\u00e3o P\u00fablica e para as pessoas que trabalham no setor p\u00fablico pois os dados do funcionalismo p\u00fablico s\u00e3o mantidos atualizados; a amplia\u00e7\u00e3o da utilidade das informa\u00e7\u00f5es de pessoal prestadas \u00e0 sociedade garante dados mais qualificados para tomadas de decis\u00f5es; a melhoria da conformidade das informa\u00e7\u00f5es reflete em pagamentos justos aos agentes p\u00fablicos e mitiga os riscos de pagamentos indevidos; o atendimento presencial nas Unidades de Gest\u00e3o de Pessoas dos \u00f3rg\u00e3os p\u00fablicos \u00e9 reduzido; a qualidade de informa\u00e7\u00f5es para toda a sociedade faz com que o municipio cumpra o seu papel de ampliar a transpar\u00eancia sobre as suas a\u00e7\u00f5es.<\/p>\n\n\n\n<p class=\"wp-block-paragraph\">O recadastramento garante mais celeridade, efici\u00eancia, transpar\u00eancia e controle das informa\u00e7\u00f5es relativas \u00e0 folha de pagamento, Plano de Cargos, e tamb\u00e9m garante uma comunica\u00e7\u00e3o assertiva e, ainda o cumprimento das obriga\u00e7\u00f5es legais para os \u00f3rg\u00e3os de fiscaliza\u00e7\u00e3o e acompanhamento, especialmente o envio de informa\u00e7\u00f5es precisas ao eSocial, Receita Federal, INSS, Previd\u00eancia Complementar, Tribunal de Contas entre outros.<\/p>\n\n\n\n<p class=\"wp-block-paragraph\"><strong>Quando e como fazer<\/strong><\/p>\n\n\n\n<p class=\"wp-block-paragraph\">Todos os servidores e empregados p\u00fablicos municipais ativos da Prefeitura, no m\u00eas de seu anivers\u00e1rio, caso haja alguma atualiza\u00e7\u00e3o de dados est\u00e3o obrigados a realizarem o recadastramento anual.&nbsp;Para isso o servidor deve acessar, utilizando-se de seu login e senha pessoal, o site da Prefeitura Municipal de Itirapina no campo \u201cHOLERITE\u201d no Portal do Servidor.<\/p>\n\n\n\n<p class=\"wp-block-paragraph\">Em caso de altera\u00e7\u00e3o de dados (estado civil, endere\u00e7o, telefone, escolaridade etc.), anexar documenta\u00e7\u00e3o comprobat\u00f3ria.<\/p>\n\n\n\n<p class=\"wp-block-paragraph\">Caso n\u00e3o consiga efetuar o recadastramento, apresente-se ao setor de Departamento Pessoal.<\/p>\n\n\n\n<p class=\"wp-block-paragraph\"><strong>Prazos:<\/strong><\/p>\n\n\n\n<p class=\"wp-block-paragraph\">O recadastramento deve ser realizado at\u00e9 o \u00faltimo dia \u00fatil do m\u00eas de anivers\u00e1rio do servidor;<\/p>\n\n\n\n<p class=\"wp-block-paragraph\">O n\u00e3o cumprimento do prazo poder\u00e1 resultar em suspens\u00e3o do pagamento at\u00e9 a regulariza\u00e7\u00e3o da situa\u00e7\u00e3o cadastral.<\/p>\n\n\n\n<p class=\"wp-block-paragraph\">Contamos com a colabora\u00e7\u00e3o de todos para garantir a efetividade deste processo.<\/p>\n\n\n\n<p class=\"wp-block-paragraph\">Secretaria Municipal de Administra\u00e7\u00e3o<\/p>\n\n\n\n<p class=\"wp-block-paragraph\"><strong>Setor de Departamento Pessoal<\/strong><\/p>\n\n\n\n<p class=\"wp-block-paragraph\">Itirapina, 29 de abril de 2025<\/p>\n<\/details>\n\n\n\n<hr class=\"wp-block-separator has-alpha-channel-opacity\"\/>\n\n\n\n<h2 class=\"wp-block-heading\">\u00daLTIMAS PUBLICA\u00c7\u00d5ES DA ADMINISTRA\u00c7\u00c3O:<\/h2>\n\n\n\n            <div class=\"widget shortcode-widget lsvr_document-list-widget lsvr_document-list-widget--shortcode\"><div class=\"widget__inner\">\n<div class=\"widget__content\">\n\n\t\n\t\t<ul class=\"lsvr_document-list-widget__list\">\n\n    \t\t\n    \t\t\t<li class=\"lsvr_document-list-widget__item\">\n\n        \t\t\t<h4 class=\"lsvr_document-list-widget__item-title\">\n        \t\t\t\t<a href=\"https:\/\/www.itirapina.sp.gov.br\/portal\/documentos\/manual-do-caixinha\/\" class=\"lsvr_document-list-widget__item-title-link\">\n        \t\t\t\t\tManual do Caixinha        \t\t\t\t<\/a>\n        \t\t\t<\/h4>\n\n        \t\t\t\n        \t\t\t\t<div class=\"lsvr_document-list-widget__item-info\">\n\n\t\t\t\t\t\t\t\n\t\t\t\t\t\t\t\t<p class=\"lsvr_document-list-widget__item-date\">\n\t\t\t\t\t\t\t\t\t28 de julho de 2025\t\t\t\t\t\t\t\t<\/p>\n\n\t\t\t\t\t\t\t\n\t\t\t\t\t\t\t\n\t\t\t\t\t\t\t\t<p class=\"lsvr_document-list-widget__item-count\">\n\t\t\t\t\t\t\t\t\t3 anexos\t\t\t\t\t\t\t\t<\/p>\n\n\t\t\t\t\t\t\t\n        \t\t\t\t<\/div>\n\n        \t\t\t\n    \t\t\t<\/li>\n\n    \t\t\n    \t\t\t<li class=\"lsvr_document-list-widget__item\">\n\n        \t\t\t<h4 class=\"lsvr_document-list-widget__item-title\">\n        \t\t\t\t<a href=\"https:\/\/www.itirapina.sp.gov.br\/portal\/documentos\/recadastramento-anual-obrigatorio-comunicado-aos-servidores-municipais\/\" class=\"lsvr_document-list-widget__item-title-link\">\n        \t\t\t\t\tRecadastramento Anual Obrigat\u00f3rio \u2013 Comunicado aos Servidores Municipais        \t\t\t\t<\/a>\n        \t\t\t<\/h4>\n\n        \t\t\t\n        \t\t\t\t<div class=\"lsvr_document-list-widget__item-info\">\n\n\t\t\t\t\t\t\t\n\t\t\t\t\t\t\t\t<p class=\"lsvr_document-list-widget__item-date\">\n\t\t\t\t\t\t\t\t\t29 de abril de 2025\t\t\t\t\t\t\t\t<\/p>\n\n\t\t\t\t\t\t\t\n\t\t\t\t\t\t\t\n        \t\t\t\t<\/div>\n\n        \t\t\t\n    \t\t\t<\/li>\n\n    \t\t\n    \t\t\t<li class=\"lsvr_document-list-widget__item\">\n\n        \t\t\t<h4 class=\"lsvr_document-list-widget__item-title\">\n        \t\t\t\t<a href=\"https:\/\/www.itirapina.sp.gov.br\/portal\/documentos\/termo-de-responsabilidade-de-tecnologia-da-informacao-e-assinatura-digital\/\" class=\"lsvr_document-list-widget__item-title-link\">\n        \t\t\t\t\tTermo de Responsabilidade de Tecnologia da Informa\u00e7\u00e3o e Assinatura Digital        \t\t\t\t<\/a>\n        \t\t\t<\/h4>\n\n        \t\t\t\n        \t\t\t\t<div class=\"lsvr_document-list-widget__item-info\">\n\n\t\t\t\t\t\t\t\n\t\t\t\t\t\t\t\t<p class=\"lsvr_document-list-widget__item-date\">\n\t\t\t\t\t\t\t\t\t21 de mar\u00e7o de 2024\t\t\t\t\t\t\t\t<\/p>\n\n\t\t\t\t\t\t\t\n\t\t\t\t\t\t\t\n\t\t\t\t\t\t\t\t<p class=\"lsvr_document-list-widget__item-count\">\n\t\t\t\t\t\t\t\t\t1 anexos\t\t\t\t\t\t\t\t<\/p>\n\n\t\t\t\t\t\t\t\n        \t\t\t\t<\/div>\n\n        \t\t\t\n    \t\t\t<\/li>\n\n    \t\t\n\t\t<\/ul>\n\n\t\t\n\t\t\t<p class=\"widget__more\">\n\n\t\t\t\t\n\t\t\t\t\t<a href=\"https:\/\/www.itirapina.sp.gov.br\/portal\/doc-cat\/administracao\/\" class=\"widget__more-link\">Mais documentos<\/a>\n\n\t\t\t\t\n\t\t\t<\/p>\n\n\t\t\n\t\n<\/div>\n\n<\/div><\/div>\n            ","protected":false},"excerpt":{"rendered":"<p>Acompanhe as informa\u00e7\u00f5es e comunicados da Administra\u00e7\u00e3o Navegue nos conte\u00fados abaixo de seu interesse: COMUNICADOS IMPORTANTES: ATEN\u00c7\u00c3O SERVIDOR: VOC\u00ca DEVE ATUALIZAR O SEU CADASTRO ANUAL &#8211; 06\/03\/2026 ANTIGOS: \u00daLTIMAS PUBLICA\u00c7\u00d5ES DA ADMINISTRA\u00c7\u00c3O:<\/p>\n","protected":false},"author":1,"featured_media":0,"parent":0,"menu_order":0,"comment_status":"closed","ping_status":"closed","template":"","meta":{"_crdt_document":"","footnotes":""},"class_list":["post-87","page","type-page","status-publish","hentry"],"yoast_head":"<!-- This site is optimized with the Yoast SEO plugin v27.4 - https:\/\/yoast.com\/product\/yoast-seo-wordpress\/ -->\n<title>Funcion\u00e1rios - Prefeitura Municipal de Itirapina<\/title>\n<meta name=\"robots\" content=\"index, follow, max-snippet:-1, max-image-preview:large, max-video-preview:-1\" \/>\n<link rel=\"canonical\" href=\"https:\/\/www.itirapina.sp.gov.br\/portal\/funcionarios\/\" \/>\n<meta property=\"og:locale\" content=\"pt_BR\" \/>\n<meta property=\"og:type\" content=\"article\" \/>\n<meta property=\"og:title\" content=\"Funcion\u00e1rios - Prefeitura Municipal de Itirapina\" \/>\n<meta property=\"og:description\" content=\"Acompanhe as informa\u00e7\u00f5es e comunicados da Administra\u00e7\u00e3o Navegue nos conte\u00fados abaixo de seu interesse: COMUNICADOS IMPORTANTES: ATEN\u00c7\u00c3O SERVIDOR: VOC\u00ca DEVE ATUALIZAR O SEU CADASTRO ANUAL &#8211; 06\/03\/2026 ANTIGOS: \u00daLTIMAS PUBLICA\u00c7\u00d5ES DA ADMINISTRA\u00c7\u00c3O:\" \/>\n<meta property=\"og:url\" content=\"https:\/\/www.itirapina.sp.gov.br\/portal\/funcionarios\/\" \/>\n<meta property=\"og:site_name\" content=\"Prefeitura Municipal de Itirapina\" \/>\n<meta property=\"article:publisher\" content=\"https:\/\/www.facebook.com\/prefeituramunicipaldeitirapina\" \/>\n<meta property=\"article:modified_time\" content=\"2026-03-06T13:38:32+00:00\" \/>\n<meta property=\"og:image\" content=\"https:\/\/www.itirapina.sp.gov.br\/portal\/wp-content\/uploads\/2026\/03\/2026-03-06-recadastramento-2026.png\" \/>\n\t<meta property=\"og:image:width\" content=\"940\" \/>\n\t<meta property=\"og:image:height\" content=\"788\" \/>\n\t<meta property=\"og:image:type\" content=\"image\/png\" \/>\n<meta name=\"twitter:card\" content=\"summary_large_image\" \/>\n<meta name=\"twitter:label1\" content=\"Est. tempo de leitura\" \/>\n\t<meta name=\"twitter:data1\" content=\"3 minutos\" \/>\n<script type=\"application\/ld+json\" class=\"yoast-schema-graph\">{\"@context\":\"https:\\\/\\\/schema.org\",\"@graph\":[{\"@type\":\"WebPage\",\"@id\":\"https:\\\/\\\/www.itirapina.sp.gov.br\\\/portal\\\/funcionarios\\\/\",\"url\":\"https:\\\/\\\/www.itirapina.sp.gov.br\\\/portal\\\/funcionarios\\\/\",\"name\":\"Funcion\u00e1rios - Prefeitura Municipal de Itirapina\",\"isPartOf\":{\"@id\":\"https:\\\/\\\/www.itirapina.sp.gov.br\\\/portal\\\/#website\"},\"primaryImageOfPage\":{\"@id\":\"https:\\\/\\\/www.itirapina.sp.gov.br\\\/portal\\\/funcionarios\\\/#primaryimage\"},\"image\":{\"@id\":\"https:\\\/\\\/www.itirapina.sp.gov.br\\\/portal\\\/funcionarios\\\/#primaryimage\"},\"thumbnailUrl\":\"https:\\\/\\\/www.itirapina.sp.gov.br\\\/portal\\\/wp-content\\\/uploads\\\/2026\\\/03\\\/2026-03-06-recadastramento-2026.png\",\"datePublished\":\"2023-06-07T16:27:46+00:00\",\"dateModified\":\"2026-03-06T13:38:32+00:00\",\"breadcrumb\":{\"@id\":\"https:\\\/\\\/www.itirapina.sp.gov.br\\\/portal\\\/funcionarios\\\/#breadcrumb\"},\"inLanguage\":\"pt-BR\",\"potentialAction\":[{\"@type\":\"ReadAction\",\"target\":[\"https:\\\/\\\/www.itirapina.sp.gov.br\\\/portal\\\/funcionarios\\\/\"]}]},{\"@type\":\"ImageObject\",\"inLanguage\":\"pt-BR\",\"@id\":\"https:\\\/\\\/www.itirapina.sp.gov.br\\\/portal\\\/funcionarios\\\/#primaryimage\",\"url\":\"https:\\\/\\\/www.itirapina.sp.gov.br\\\/portal\\\/wp-content\\\/uploads\\\/2026\\\/03\\\/2026-03-06-recadastramento-2026.png\",\"contentUrl\":\"https:\\\/\\\/www.itirapina.sp.gov.br\\\/portal\\\/wp-content\\\/uploads\\\/2026\\\/03\\\/2026-03-06-recadastramento-2026.png\",\"width\":940,\"height\":788,\"caption\":\"ATEN\u00c7\u00c3O SERVIDOR: VOC\u00ca DEVE ATUALIZAR O SEU CADASTRO ANUAL\"},{\"@type\":\"BreadcrumbList\",\"@id\":\"https:\\\/\\\/www.itirapina.sp.gov.br\\\/portal\\\/funcionarios\\\/#breadcrumb\",\"itemListElement\":[{\"@type\":\"ListItem\",\"position\":1,\"name\":\"In\u00edcio\",\"item\":\"https:\\\/\\\/www.itirapina.sp.gov.br\\\/portal\\\/\"},{\"@type\":\"ListItem\",\"position\":2,\"name\":\"Funcion\u00e1rios\"}]},{\"@type\":\"WebSite\",\"@id\":\"https:\\\/\\\/www.itirapina.sp.gov.br\\\/portal\\\/#website\",\"url\":\"https:\\\/\\\/www.itirapina.sp.gov.br\\\/portal\\\/\",\"name\":\"Prefeitura Municipal de Itirapina\",\"description\":\"Portal da Prefeitura de Itirapina\",\"publisher\":{\"@id\":\"https:\\\/\\\/www.itirapina.sp.gov.br\\\/portal\\\/#organization\"},\"alternateName\":\"Prefeitura de Itirapina\",\"potentialAction\":[{\"@type\":\"SearchAction\",\"target\":{\"@type\":\"EntryPoint\",\"urlTemplate\":\"https:\\\/\\\/www.itirapina.sp.gov.br\\\/portal\\\/?s={search_term_string}\"},\"query-input\":{\"@type\":\"PropertyValueSpecification\",\"valueRequired\":true,\"valueName\":\"search_term_string\"}}],\"inLanguage\":\"pt-BR\"},{\"@type\":\"Organization\",\"@id\":\"https:\\\/\\\/www.itirapina.sp.gov.br\\\/portal\\\/#organization\",\"name\":\"Prefeitura Municipal de Itirapina\",\"alternateName\":\"Prefeitura de Itirapina\",\"url\":\"https:\\\/\\\/www.itirapina.sp.gov.br\\\/portal\\\/\",\"logo\":{\"@type\":\"ImageObject\",\"inLanguage\":\"pt-BR\",\"@id\":\"https:\\\/\\\/www.itirapina.sp.gov.br\\\/portal\\\/#\\\/schema\\\/logo\\\/image\\\/\",\"url\":\"https:\\\/\\\/www.itirapina.sp.gov.br\\\/portal\\\/wp-content\\\/uploads\\\/2023\\\/06\\\/brasao_etiqueta.jpg\",\"contentUrl\":\"https:\\\/\\\/www.itirapina.sp.gov.br\\\/portal\\\/wp-content\\\/uploads\\\/2023\\\/06\\\/brasao_etiqueta.jpg\",\"width\":537,\"height\":587,\"caption\":\"Prefeitura Municipal de Itirapina\"},\"image\":{\"@id\":\"https:\\\/\\\/www.itirapina.sp.gov.br\\\/portal\\\/#\\\/schema\\\/logo\\\/image\\\/\"},\"sameAs\":[\"https:\\\/\\\/www.facebook.com\\\/prefeituramunicipaldeitirapina\",\"https:\\\/\\\/www.instagram.com\\\/itirapinaturismo\\\/\"]}]}<\/script>\n<!-- \/ Yoast SEO plugin. -->","yoast_head_json":{"title":"Funcion\u00e1rios - Prefeitura Municipal de Itirapina","robots":{"index":"index","follow":"follow","max-snippet":"max-snippet:-1","max-image-preview":"max-image-preview:large","max-video-preview":"max-video-preview:-1"},"canonical":"https:\/\/www.itirapina.sp.gov.br\/portal\/funcionarios\/","og_locale":"pt_BR","og_type":"article","og_title":"Funcion\u00e1rios - Prefeitura Municipal de Itirapina","og_description":"Acompanhe as informa\u00e7\u00f5es e comunicados da Administra\u00e7\u00e3o Navegue nos conte\u00fados abaixo de seu interesse: COMUNICADOS IMPORTANTES: ATEN\u00c7\u00c3O SERVIDOR: VOC\u00ca DEVE ATUALIZAR O SEU CADASTRO ANUAL &#8211; 06\/03\/2026 ANTIGOS: \u00daLTIMAS PUBLICA\u00c7\u00d5ES DA ADMINISTRA\u00c7\u00c3O:","og_url":"https:\/\/www.itirapina.sp.gov.br\/portal\/funcionarios\/","og_site_name":"Prefeitura Municipal de Itirapina","article_publisher":"https:\/\/www.facebook.com\/prefeituramunicipaldeitirapina","article_modified_time":"2026-03-06T13:38:32+00:00","og_image":[{"width":940,"height":788,"url":"https:\/\/www.itirapina.sp.gov.br\/portal\/wp-content\/uploads\/2026\/03\/2026-03-06-recadastramento-2026.png","type":"image\/png"}],"twitter_card":"summary_large_image","twitter_misc":{"Est. tempo de leitura":"3 minutos"},"schema":{"@context":"https:\/\/schema.org","@graph":[{"@type":"WebPage","@id":"https:\/\/www.itirapina.sp.gov.br\/portal\/funcionarios\/","url":"https:\/\/www.itirapina.sp.gov.br\/portal\/funcionarios\/","name":"Funcion\u00e1rios - Prefeitura Municipal de Itirapina","isPartOf":{"@id":"https:\/\/www.itirapina.sp.gov.br\/portal\/#website"},"primaryImageOfPage":{"@id":"https:\/\/www.itirapina.sp.gov.br\/portal\/funcionarios\/#primaryimage"},"image":{"@id":"https:\/\/www.itirapina.sp.gov.br\/portal\/funcionarios\/#primaryimage"},"thumbnailUrl":"https:\/\/www.itirapina.sp.gov.br\/portal\/wp-content\/uploads\/2026\/03\/2026-03-06-recadastramento-2026.png","datePublished":"2023-06-07T16:27:46+00:00","dateModified":"2026-03-06T13:38:32+00:00","breadcrumb":{"@id":"https:\/\/www.itirapina.sp.gov.br\/portal\/funcionarios\/#breadcrumb"},"inLanguage":"pt-BR","potentialAction":[{"@type":"ReadAction","target":["https:\/\/www.itirapina.sp.gov.br\/portal\/funcionarios\/"]}]},{"@type":"ImageObject","inLanguage":"pt-BR","@id":"https:\/\/www.itirapina.sp.gov.br\/portal\/funcionarios\/#primaryimage","url":"https:\/\/www.itirapina.sp.gov.br\/portal\/wp-content\/uploads\/2026\/03\/2026-03-06-recadastramento-2026.png","contentUrl":"https:\/\/www.itirapina.sp.gov.br\/portal\/wp-content\/uploads\/2026\/03\/2026-03-06-recadastramento-2026.png","width":940,"height":788,"caption":"ATEN\u00c7\u00c3O SERVIDOR: VOC\u00ca DEVE ATUALIZAR O SEU CADASTRO ANUAL"},{"@type":"BreadcrumbList","@id":"https:\/\/www.itirapina.sp.gov.br\/portal\/funcionarios\/#breadcrumb","itemListElement":[{"@type":"ListItem","position":1,"name":"In\u00edcio","item":"https:\/\/www.itirapina.sp.gov.br\/portal\/"},{"@type":"ListItem","position":2,"name":"Funcion\u00e1rios"}]},{"@type":"WebSite","@id":"https:\/\/www.itirapina.sp.gov.br\/portal\/#website","url":"https:\/\/www.itirapina.sp.gov.br\/portal\/","name":"Prefeitura Municipal de Itirapina","description":"Portal da Prefeitura de Itirapina","publisher":{"@id":"https:\/\/www.itirapina.sp.gov.br\/portal\/#organization"},"alternateName":"Prefeitura de Itirapina","potentialAction":[{"@type":"SearchAction","target":{"@type":"EntryPoint","urlTemplate":"https:\/\/www.itirapina.sp.gov.br\/portal\/?s={search_term_string}"},"query-input":{"@type":"PropertyValueSpecification","valueRequired":true,"valueName":"search_term_string"}}],"inLanguage":"pt-BR"},{"@type":"Organization","@id":"https:\/\/www.itirapina.sp.gov.br\/portal\/#organization","name":"Prefeitura Municipal de Itirapina","alternateName":"Prefeitura de Itirapina","url":"https:\/\/www.itirapina.sp.gov.br\/portal\/","logo":{"@type":"ImageObject","inLanguage":"pt-BR","@id":"https:\/\/www.itirapina.sp.gov.br\/portal\/#\/schema\/logo\/image\/","url":"https:\/\/www.itirapina.sp.gov.br\/portal\/wp-content\/uploads\/2023\/06\/brasao_etiqueta.jpg","contentUrl":"https:\/\/www.itirapina.sp.gov.br\/portal\/wp-content\/uploads\/2023\/06\/brasao_etiqueta.jpg","width":537,"height":587,"caption":"Prefeitura Municipal de Itirapina"},"image":{"@id":"https:\/\/www.itirapina.sp.gov.br\/portal\/#\/schema\/logo\/image\/"},"sameAs":["https:\/\/www.facebook.com\/prefeituramunicipaldeitirapina","https:\/\/www.instagram.com\/itirapinaturismo\/"]}]}},"_links":{"self":[{"href":"https:\/\/www.itirapina.sp.gov.br\/portal\/wp-json\/wp\/v2\/pages\/87","targetHints":{"allow":["GET"]}}],"collection":[{"href":"https:\/\/www.itirapina.sp.gov.br\/portal\/wp-json\/wp\/v2\/pages"}],"about":[{"href":"https:\/\/www.itirapina.sp.gov.br\/portal\/wp-json\/wp\/v2\/types\/page"}],"author":[{"embeddable":true,"href":"https:\/\/www.itirapina.sp.gov.br\/portal\/wp-json\/wp\/v2\/users\/1"}],"replies":[{"embeddable":true,"href":"https:\/\/www.itirapina.sp.gov.br\/portal\/wp-json\/wp\/v2\/comments?post=87"}],"version-history":[{"count":20,"href":"https:\/\/www.itirapina.sp.gov.br\/portal\/wp-json\/wp\/v2\/pages\/87\/revisions"}],"predecessor-version":[{"id":7331,"href":"https:\/\/www.itirapina.sp.gov.br\/portal\/wp-json\/wp\/v2\/pages\/87\/revisions\/7331"}],"wp:attachment":[{"href":"https:\/\/www.itirapina.sp.gov.br\/portal\/wp-json\/wp\/v2\/media?parent=87"}],"curies":[{"name":"wp","href":"https:\/\/api.w.org\/{rel}","templated":true}]}}