{"id":847,"date":"2023-07-10T17:02:06","date_gmt":"2023-07-10T20:02:06","guid":{"rendered":"https:\/\/www.itirapina.sp.gov.br\/portal\/?page_id=847"},"modified":"2023-08-07T13:07:41","modified_gmt":"2023-08-07T16:07:41","slug":"cadastramento-cultural-2023","status":"publish","type":"page","link":"https:\/\/www.itirapina.sp.gov.br\/portal\/cadastramento-cultural-2023\/","title":{"rendered":"Cadastramento Cultural 2023"},"content":{"rendered":"\n<p class=\"wp-block-paragraph\">Este cadastramento visa identificar e mapear os artistas, trabalhadores da cultura e espa\u00e7os culturais de todas as linguagens:&nbsp; (m\u00fasicos, bandas, Djs, Mc&#8217;s, roadies, atores\/atrizes, diretores teatrais, costureiras, figurinistas, cen\u00f3grafos, aderecistas, contrarregras, bailarinas, core\u00f3grafos, fot\u00f3grafos,&nbsp; cineastas, t\u00e9cnicos de imagem e som, artes\u00e3os, escritores e poetas, artistas pl\u00e1sticos, grafiteiros, pintores, tatuadores, desenhistas, designers, capoeiristas, t\u00e9cnicos de som e luz, professores de arte,&nbsp; produtores,&nbsp; escolas de dan\u00e7a, escolas de m\u00fasica, escolas de samba, espa\u00e7os culturais, empresas de eventos, patrim\u00f4nio hist\u00f3rico, museus, pontos de cultura, ateli\u00eas, dentre outros).<\/p>\n\n\n\n<p class=\"wp-block-paragraph\"><strong>A a\u00e7\u00e3o tem como objetivo identificar os artistas e fazedores de Cultura para:<\/strong><\/p>\n\n\n\n<ul class=\"wp-block-list\">\n<li><strong>Realizar contrata\u00e7\u00f5es em eventos municipais. (A partir de 2023 somente artistas da cidade que forem credenciados poder\u00e3o ser contratados).<\/strong><\/li>\n\n\n\n<li><strong>Participar de projetos inscritos pela Secretaria de Cultura, turismo e lazer em editais estaduais e federais, como Juntos Pela Cultura, ProAc e Lei Rouanet.&nbsp;<\/strong><\/li>\n\n\n\n<li><strong>Convocar os artistas para a 1\u00aa F\u00f3rum Municipal de Cultura a ser realizada em 2023 para reativa\u00e7\u00e3o do Conselho de Pol\u00edtica Cultural.<\/strong><\/li>\n\n\n\n<li><strong>Mapear os artistas e grupos para realizar as escutas setoriais para a aplica\u00e7\u00e3o da Lei Paulo Gustavo e Lei Aldir Blanc 2. (Somente credenciados poder\u00e3o concorrer aos editais).<\/strong><\/li>\n\n\n\n<li><strong>Divulgar cursos, eventos, editais e a\u00e7\u00f5es da Secretaria de Educa\u00e7\u00e3o e Cultura e do Conselho Municipal de Cultura.<\/strong><\/li>\n\n\n\n<li><strong>Enviar os dados municipais para a Secretaria Estadual de Cultura e Economia Criativa para pleitear recursos para cria\u00e7\u00e3o de novos espa\u00e7os e projetos.<\/strong><\/li>\n\n\n\n<li><strong>Incentivar a participa\u00e7\u00e3o popular na cria\u00e7\u00e3o de pol\u00edticas culturais para Itirapina.<\/strong><\/li>\n<\/ul>\n\n\n\n<p class=\"wp-block-paragraph\">Com o mapa em m\u00e3os, a Secretaria Municipal de Educa\u00e7\u00e3o e Cultura e futuramente o Conselho Municipal de Cultura ter\u00e3o uma vis\u00e3o integrada do territ\u00f3rio art\u00edstico, criando diretrizes e metas para o setor, no reconhecimento de demandas importantes e na reivindica\u00e7\u00e3o de a\u00e7\u00f5es para a melhoria na distribui\u00e7\u00e3o de recursos.<\/p>\n\n\n\n<hr class=\"wp-block-separator has-alpha-channel-opacity\"\/>\n\n\n\n<p class=\"wp-block-paragraph\"><strong>ATEN\u00c7\u00c3O: O CADASTRAMENTO CULTURAL DE 2023 EST\u00c1 ENCERRADO.<\/strong><\/p>\n","protected":false},"excerpt":{"rendered":"<p>Este cadastramento visa identificar e mapear os artistas, trabalhadores da cultura e espa\u00e7os culturais de todas as linguagens:&nbsp; (m\u00fasicos, bandas, Djs, Mc&#8217;s, roadies, atores\/atrizes, diretores teatrais, costureiras, figurinistas, cen\u00f3grafos, aderecistas, contrarregras, bailarinas, core\u00f3grafos, fot\u00f3grafos,&nbsp; cineastas, t\u00e9cnicos de imagem e som, artes\u00e3os, escritores e poetas, artistas pl\u00e1sticos, grafiteiros, pintores, tatuadores, desenhistas, designers, capoeiristas, t\u00e9cnicos de som e luz, professores de arte,&nbsp; produtores,&nbsp; escolas de dan\u00e7a, escolas de m\u00fasica, escolas de samba, espa\u00e7os culturais, empresas de eventos, patrim\u00f4nio hist\u00f3rico, museus, pontos de cultura, ateli\u00eas, dentre outros). A a\u00e7\u00e3o tem como objetivo identificar os artistas e fazedores de Cultura para: Com o mapa em m\u00e3os, a Secretaria Municipal de Educa\u00e7\u00e3o e Cultura e futuramente o Conselho Municipal de Cultura ter\u00e3o uma vis\u00e3o integrada do territ\u00f3rio art\u00edstico, criando diretrizes e metas para o setor, no reconhecimento de demandas importantes e na reivindica\u00e7\u00e3o de a\u00e7\u00f5es para a melhoria na distribui\u00e7\u00e3o de recursos. ATEN\u00c7\u00c3O: O CADASTRAMENTO CULTURAL DE 2023 EST\u00c1 ENCERRADO.<\/p>\n","protected":false},"author":1,"featured_media":0,"parent":0,"menu_order":0,"comment_status":"closed","ping_status":"closed","template":"","meta":{"_crdt_document":"","footnotes":""},"class_list":["post-847","page","type-page","status-publish","hentry"],"yoast_head":"<!-- This site is optimized with the Yoast SEO plugin v27.4 - https:\/\/yoast.com\/product\/yoast-seo-wordpress\/ -->\n<title>Cadastramento Cultural 2023 - Prefeitura Municipal de Itirapina<\/title>\n<meta name=\"robots\" content=\"index, follow, max-snippet:-1, max-image-preview:large, max-video-preview:-1\" \/>\n<link rel=\"canonical\" href=\"https:\/\/www.itirapina.sp.gov.br\/portal\/cadastramento-cultural-2023\/\" \/>\n<meta property=\"og:locale\" content=\"pt_BR\" \/>\n<meta property=\"og:type\" content=\"article\" \/>\n<meta property=\"og:title\" content=\"Cadastramento Cultural 2023 - Prefeitura Municipal de Itirapina\" \/>\n<meta property=\"og:description\" content=\"Este cadastramento visa identificar e mapear os artistas, trabalhadores da cultura e espa\u00e7os culturais de todas as linguagens:&nbsp; (m\u00fasicos, bandas, Djs, Mc&#8217;s, roadies, atores\/atrizes, diretores teatrais, costureiras, figurinistas, cen\u00f3grafos, aderecistas, contrarregras, bailarinas, core\u00f3grafos, fot\u00f3grafos,&nbsp; cineastas, t\u00e9cnicos de imagem e som, artes\u00e3os, escritores e poetas, artistas pl\u00e1sticos, grafiteiros, pintores, tatuadores, desenhistas, designers, capoeiristas, t\u00e9cnicos de som e luz, professores de arte,&nbsp; produtores,&nbsp; escolas de dan\u00e7a, escolas de m\u00fasica, escolas de samba, espa\u00e7os culturais, empresas de eventos, patrim\u00f4nio hist\u00f3rico, museus, pontos de cultura, ateli\u00eas, dentre outros). A a\u00e7\u00e3o tem como objetivo identificar os artistas e fazedores de Cultura para: Com o mapa em m\u00e3os, a Secretaria Municipal de Educa\u00e7\u00e3o e Cultura e futuramente o Conselho Municipal de Cultura ter\u00e3o uma vis\u00e3o integrada do territ\u00f3rio art\u00edstico, criando diretrizes e metas para o setor, no reconhecimento de demandas importantes e na reivindica\u00e7\u00e3o de a\u00e7\u00f5es para a melhoria na distribui\u00e7\u00e3o de recursos. ATEN\u00c7\u00c3O: O CADASTRAMENTO CULTURAL DE 2023 EST\u00c1 ENCERRADO.\" \/>\n<meta property=\"og:url\" content=\"https:\/\/www.itirapina.sp.gov.br\/portal\/cadastramento-cultural-2023\/\" \/>\n<meta property=\"og:site_name\" content=\"Prefeitura Municipal de Itirapina\" \/>\n<meta property=\"article:publisher\" content=\"https:\/\/www.facebook.com\/prefeituramunicipaldeitirapina\" \/>\n<meta property=\"article:modified_time\" content=\"2023-08-07T16:07:41+00:00\" \/>\n<meta property=\"og:image\" content=\"https:\/\/www.itirapina.sp.gov.br\/portal\/wp-content\/uploads\/2023\/06\/brasao_etiqueta.jpg\" \/>\n\t<meta property=\"og:image:width\" content=\"537\" \/>\n\t<meta property=\"og:image:height\" content=\"587\" \/>\n\t<meta property=\"og:image:type\" content=\"image\/jpeg\" \/>\n<meta name=\"twitter:card\" content=\"summary_large_image\" \/>\n<meta name=\"twitter:label1\" content=\"Est. tempo de leitura\" \/>\n\t<meta name=\"twitter:data1\" content=\"2 minutos\" \/>\n<script type=\"application\/ld+json\" class=\"yoast-schema-graph\">{\"@context\":\"https:\\\/\\\/schema.org\",\"@graph\":[{\"@type\":\"WebPage\",\"@id\":\"https:\\\/\\\/www.itirapina.sp.gov.br\\\/portal\\\/cadastramento-cultural-2023\\\/\",\"url\":\"https:\\\/\\\/www.itirapina.sp.gov.br\\\/portal\\\/cadastramento-cultural-2023\\\/\",\"name\":\"Cadastramento Cultural 2023 - Prefeitura Municipal de Itirapina\",\"isPartOf\":{\"@id\":\"https:\\\/\\\/www.itirapina.sp.gov.br\\\/portal\\\/#website\"},\"datePublished\":\"2023-07-10T20:02:06+00:00\",\"dateModified\":\"2023-08-07T16:07:41+00:00\",\"breadcrumb\":{\"@id\":\"https:\\\/\\\/www.itirapina.sp.gov.br\\\/portal\\\/cadastramento-cultural-2023\\\/#breadcrumb\"},\"inLanguage\":\"pt-BR\",\"potentialAction\":[{\"@type\":\"ReadAction\",\"target\":[\"https:\\\/\\\/www.itirapina.sp.gov.br\\\/portal\\\/cadastramento-cultural-2023\\\/\"]}]},{\"@type\":\"BreadcrumbList\",\"@id\":\"https:\\\/\\\/www.itirapina.sp.gov.br\\\/portal\\\/cadastramento-cultural-2023\\\/#breadcrumb\",\"itemListElement\":[{\"@type\":\"ListItem\",\"position\":1,\"name\":\"In\u00edcio\",\"item\":\"https:\\\/\\\/www.itirapina.sp.gov.br\\\/portal\\\/\"},{\"@type\":\"ListItem\",\"position\":2,\"name\":\"Cadastramento Cultural 2023\"}]},{\"@type\":\"WebSite\",\"@id\":\"https:\\\/\\\/www.itirapina.sp.gov.br\\\/portal\\\/#website\",\"url\":\"https:\\\/\\\/www.itirapina.sp.gov.br\\\/portal\\\/\",\"name\":\"Prefeitura Municipal de Itirapina\",\"description\":\"Portal da Prefeitura de Itirapina\",\"publisher\":{\"@id\":\"https:\\\/\\\/www.itirapina.sp.gov.br\\\/portal\\\/#organization\"},\"alternateName\":\"Prefeitura de Itirapina\",\"potentialAction\":[{\"@type\":\"SearchAction\",\"target\":{\"@type\":\"EntryPoint\",\"urlTemplate\":\"https:\\\/\\\/www.itirapina.sp.gov.br\\\/portal\\\/?s={search_term_string}\"},\"query-input\":{\"@type\":\"PropertyValueSpecification\",\"valueRequired\":true,\"valueName\":\"search_term_string\"}}],\"inLanguage\":\"pt-BR\"},{\"@type\":\"Organization\",\"@id\":\"https:\\\/\\\/www.itirapina.sp.gov.br\\\/portal\\\/#organization\",\"name\":\"Prefeitura Municipal de Itirapina\",\"alternateName\":\"Prefeitura de Itirapina\",\"url\":\"https:\\\/\\\/www.itirapina.sp.gov.br\\\/portal\\\/\",\"logo\":{\"@type\":\"ImageObject\",\"inLanguage\":\"pt-BR\",\"@id\":\"https:\\\/\\\/www.itirapina.sp.gov.br\\\/portal\\\/#\\\/schema\\\/logo\\\/image\\\/\",\"url\":\"https:\\\/\\\/www.itirapina.sp.gov.br\\\/portal\\\/wp-content\\\/uploads\\\/2023\\\/06\\\/brasao_etiqueta.jpg\",\"contentUrl\":\"https:\\\/\\\/www.itirapina.sp.gov.br\\\/portal\\\/wp-content\\\/uploads\\\/2023\\\/06\\\/brasao_etiqueta.jpg\",\"width\":537,\"height\":587,\"caption\":\"Prefeitura Municipal de Itirapina\"},\"image\":{\"@id\":\"https:\\\/\\\/www.itirapina.sp.gov.br\\\/portal\\\/#\\\/schema\\\/logo\\\/image\\\/\"},\"sameAs\":[\"https:\\\/\\\/www.facebook.com\\\/prefeituramunicipaldeitirapina\",\"https:\\\/\\\/www.instagram.com\\\/itirapinaturismo\\\/\"]}]}<\/script>\n<!-- \/ Yoast SEO plugin. -->","yoast_head_json":{"title":"Cadastramento Cultural 2023 - Prefeitura Municipal de Itirapina","robots":{"index":"index","follow":"follow","max-snippet":"max-snippet:-1","max-image-preview":"max-image-preview:large","max-video-preview":"max-video-preview:-1"},"canonical":"https:\/\/www.itirapina.sp.gov.br\/portal\/cadastramento-cultural-2023\/","og_locale":"pt_BR","og_type":"article","og_title":"Cadastramento Cultural 2023 - Prefeitura Municipal de Itirapina","og_description":"Este cadastramento visa identificar e mapear os artistas, trabalhadores da cultura e espa\u00e7os culturais de todas as linguagens:&nbsp; (m\u00fasicos, bandas, Djs, Mc&#8217;s, roadies, atores\/atrizes, diretores teatrais, costureiras, figurinistas, cen\u00f3grafos, aderecistas, contrarregras, bailarinas, core\u00f3grafos, fot\u00f3grafos,&nbsp; cineastas, t\u00e9cnicos de imagem e som, artes\u00e3os, escritores e poetas, artistas pl\u00e1sticos, grafiteiros, pintores, tatuadores, desenhistas, designers, capoeiristas, t\u00e9cnicos de som e luz, professores de arte,&nbsp; produtores,&nbsp; escolas de dan\u00e7a, escolas de m\u00fasica, escolas de samba, espa\u00e7os culturais, empresas de eventos, patrim\u00f4nio hist\u00f3rico, museus, pontos de cultura, ateli\u00eas, dentre outros). A a\u00e7\u00e3o tem como objetivo identificar os artistas e fazedores de Cultura para: Com o mapa em m\u00e3os, a Secretaria Municipal de Educa\u00e7\u00e3o e Cultura e futuramente o Conselho Municipal de Cultura ter\u00e3o uma vis\u00e3o integrada do territ\u00f3rio art\u00edstico, criando diretrizes e metas para o setor, no reconhecimento de demandas importantes e na reivindica\u00e7\u00e3o de a\u00e7\u00f5es para a melhoria na distribui\u00e7\u00e3o de recursos. ATEN\u00c7\u00c3O: O CADASTRAMENTO CULTURAL DE 2023 EST\u00c1 ENCERRADO.","og_url":"https:\/\/www.itirapina.sp.gov.br\/portal\/cadastramento-cultural-2023\/","og_site_name":"Prefeitura Municipal de Itirapina","article_publisher":"https:\/\/www.facebook.com\/prefeituramunicipaldeitirapina","article_modified_time":"2023-08-07T16:07:41+00:00","og_image":[{"width":537,"height":587,"url":"https:\/\/www.itirapina.sp.gov.br\/portal\/wp-content\/uploads\/2023\/06\/brasao_etiqueta.jpg","type":"image\/jpeg"}],"twitter_card":"summary_large_image","twitter_misc":{"Est. tempo de leitura":"2 minutos"},"schema":{"@context":"https:\/\/schema.org","@graph":[{"@type":"WebPage","@id":"https:\/\/www.itirapina.sp.gov.br\/portal\/cadastramento-cultural-2023\/","url":"https:\/\/www.itirapina.sp.gov.br\/portal\/cadastramento-cultural-2023\/","name":"Cadastramento Cultural 2023 - Prefeitura Municipal de Itirapina","isPartOf":{"@id":"https:\/\/www.itirapina.sp.gov.br\/portal\/#website"},"datePublished":"2023-07-10T20:02:06+00:00","dateModified":"2023-08-07T16:07:41+00:00","breadcrumb":{"@id":"https:\/\/www.itirapina.sp.gov.br\/portal\/cadastramento-cultural-2023\/#breadcrumb"},"inLanguage":"pt-BR","potentialAction":[{"@type":"ReadAction","target":["https:\/\/www.itirapina.sp.gov.br\/portal\/cadastramento-cultural-2023\/"]}]},{"@type":"BreadcrumbList","@id":"https:\/\/www.itirapina.sp.gov.br\/portal\/cadastramento-cultural-2023\/#breadcrumb","itemListElement":[{"@type":"ListItem","position":1,"name":"In\u00edcio","item":"https:\/\/www.itirapina.sp.gov.br\/portal\/"},{"@type":"ListItem","position":2,"name":"Cadastramento Cultural 2023"}]},{"@type":"WebSite","@id":"https:\/\/www.itirapina.sp.gov.br\/portal\/#website","url":"https:\/\/www.itirapina.sp.gov.br\/portal\/","name":"Prefeitura Municipal de Itirapina","description":"Portal da Prefeitura de Itirapina","publisher":{"@id":"https:\/\/www.itirapina.sp.gov.br\/portal\/#organization"},"alternateName":"Prefeitura de Itirapina","potentialAction":[{"@type":"SearchAction","target":{"@type":"EntryPoint","urlTemplate":"https:\/\/www.itirapina.sp.gov.br\/portal\/?s={search_term_string}"},"query-input":{"@type":"PropertyValueSpecification","valueRequired":true,"valueName":"search_term_string"}}],"inLanguage":"pt-BR"},{"@type":"Organization","@id":"https:\/\/www.itirapina.sp.gov.br\/portal\/#organization","name":"Prefeitura Municipal de Itirapina","alternateName":"Prefeitura de Itirapina","url":"https:\/\/www.itirapina.sp.gov.br\/portal\/","logo":{"@type":"ImageObject","inLanguage":"pt-BR","@id":"https:\/\/www.itirapina.sp.gov.br\/portal\/#\/schema\/logo\/image\/","url":"https:\/\/www.itirapina.sp.gov.br\/portal\/wp-content\/uploads\/2023\/06\/brasao_etiqueta.jpg","contentUrl":"https:\/\/www.itirapina.sp.gov.br\/portal\/wp-content\/uploads\/2023\/06\/brasao_etiqueta.jpg","width":537,"height":587,"caption":"Prefeitura Municipal de Itirapina"},"image":{"@id":"https:\/\/www.itirapina.sp.gov.br\/portal\/#\/schema\/logo\/image\/"},"sameAs":["https:\/\/www.facebook.com\/prefeituramunicipaldeitirapina","https:\/\/www.instagram.com\/itirapinaturismo\/"]}]}},"_links":{"self":[{"href":"https:\/\/www.itirapina.sp.gov.br\/portal\/wp-json\/wp\/v2\/pages\/847","targetHints":{"allow":["GET"]}}],"collection":[{"href":"https:\/\/www.itirapina.sp.gov.br\/portal\/wp-json\/wp\/v2\/pages"}],"about":[{"href":"https:\/\/www.itirapina.sp.gov.br\/portal\/wp-json\/wp\/v2\/types\/page"}],"author":[{"embeddable":true,"href":"https:\/\/www.itirapina.sp.gov.br\/portal\/wp-json\/wp\/v2\/users\/1"}],"replies":[{"embeddable":true,"href":"https:\/\/www.itirapina.sp.gov.br\/portal\/wp-json\/wp\/v2\/comments?post=847"}],"version-history":[{"count":3,"href":"https:\/\/www.itirapina.sp.gov.br\/portal\/wp-json\/wp\/v2\/pages\/847\/revisions"}],"predecessor-version":[{"id":1612,"href":"https:\/\/www.itirapina.sp.gov.br\/portal\/wp-json\/wp\/v2\/pages\/847\/revisions\/1612"}],"wp:attachment":[{"href":"https:\/\/www.itirapina.sp.gov.br\/portal\/wp-json\/wp\/v2\/media?parent=847"}],"curies":[{"name":"wp","href":"https:\/\/api.w.org\/{rel}","templated":true}]}}