{"id":7589,"date":"2026-05-12T13:34:50","date_gmt":"2026-05-12T16:34:50","guid":{"rendered":"https:\/\/www.itirapina.sp.gov.br\/portal\/?page_id=7589"},"modified":"2026-05-12T13:35:44","modified_gmt":"2026-05-12T16:35:44","slug":"pesquisa-de-satisfacao-institucional","status":"publish","type":"page","link":"https:\/\/www.itirapina.sp.gov.br\/portal\/acesso-a-informacao\/pesquisa-de-satisfacao-institucional\/","title":{"rendered":"Pesquisa de Satisfa\u00e7\u00e3o Institucional"},"content":{"rendered":"\n<p class=\"wp-block-paragraph\">A sua opini\u00e3o \u00e9 fundamental para a melhoria dos servi\u00e7os p\u00fablicos municipais.<\/p>\n\n\n\n<p class=\"wp-block-paragraph\">A Prefeitura disponibiliza este espa\u00e7o para que cidad\u00e3os possam avaliar o atendimento, a qualidade dos servi\u00e7os prestados e o funcionamento dos \u00f3rg\u00e3os p\u00fablicos municipais. Atrav\u00e9s da Pesquisa de Satisfa\u00e7\u00e3o, buscamos compreender as necessidades da popula\u00e7\u00e3o, identificar pontos que precisam ser aprimorados e fortalecer a transpar\u00eancia e a efici\u00eancia da administra\u00e7\u00e3o p\u00fablica.<\/p>\n\n\n\n<p class=\"wp-block-paragraph\">Sua participa\u00e7\u00e3o \u00e9 simples, r\u00e1pida e muito importante. As informa\u00e7\u00f5es coletadas ser\u00e3o utilizadas exclusivamente para fins de avalia\u00e7\u00e3o e aperfei\u00e7oamento dos servi\u00e7os oferecidos \u00e0 comunidade.<\/p>\n\n\n\n<p class=\"wp-block-paragraph\">Contamos com a sua colabora\u00e7\u00e3o para construirmos uma cidade cada vez melhor para todos.<\/p>\n\n\n\n<p class=\"wp-block-paragraph\"><strong>Clique no bot\u00e3o abaixo para acessar a Pesquisa de Satisfa\u00e7\u00e3o.<\/strong><\/p>\n\n\n\n<div class=\"wp-block-buttons is-content-justification-center is-layout-flex wp-container-core-buttons-is-layout-3e41869c wp-block-buttons-is-layout-flex\">\n<div class=\"wp-block-button is-style-outline is-style-outline--1\"><a class=\"wp-block-button__link wp-element-button\" href=\"https:\/\/forms.gle\/Wvgm9oUH2dx5k4X5A\" target=\"_blank\" rel=\"noopener\">Acessar Pesquisa de Satisfa\u00e7\u00e3o<\/a><\/div>\n<\/div>\n\n\n\n<div style=\"height:40px\" aria-hidden=\"true\" class=\"wp-block-spacer\"><\/div>\n","protected":false},"excerpt":{"rendered":"<p>A sua opini\u00e3o \u00e9 fundamental para a melhoria dos servi\u00e7os p\u00fablicos municipais. A Prefeitura disponibiliza este espa\u00e7o para que cidad\u00e3os possam avaliar o atendimento, a qualidade dos servi\u00e7os prestados e o funcionamento dos \u00f3rg\u00e3os p\u00fablicos municipais. Atrav\u00e9s da Pesquisa de Satisfa\u00e7\u00e3o, buscamos compreender as necessidades da popula\u00e7\u00e3o, identificar pontos que precisam ser aprimorados e fortalecer a transpar\u00eancia e a efici\u00eancia da administra\u00e7\u00e3o p\u00fablica. Sua participa\u00e7\u00e3o \u00e9 simples, r\u00e1pida e muito importante. As informa\u00e7\u00f5es coletadas ser\u00e3o utilizadas exclusivamente para fins de avalia\u00e7\u00e3o e aperfei\u00e7oamento dos servi\u00e7os oferecidos \u00e0 comunidade. Contamos com a sua colabora\u00e7\u00e3o para construirmos uma cidade cada vez melhor para todos. Clique no bot\u00e3o abaixo para acessar a Pesquisa de Satisfa\u00e7\u00e3o.<\/p>\n","protected":false},"author":1,"featured_media":0,"parent":239,"menu_order":0,"comment_status":"closed","ping_status":"closed","template":"","meta":{"_crdt_document":"{\"document\":\"AAAHyOjktBbVAbMBBjYBAlCKAQRyjgEBAQgASAoIAwIGAsoCvgIDBdABAwAMZKwEAQEIAkJIAL4LAQEIAkJIAIwGAQEIAkJIAL4CAQEIAkJI3hgEAwM2mheeIgEBCABIQiQDAgQDBQQCBgIWEvABBAiyAQEBCAEASA5G5gG8AvoCmgQDANwElAXQBQYCBAMBBAIGGCgBAMAClgOgAQMAOLIC0EdCpj6QDwEBCABIAgQC3g2MDi4DAdYBqgPIAy4oCJ4CBgMAPgQDA5A7AAIBAQIABAYCBAMBBAIGGL4BoAEDADjABYwPLrkBKAAhAScABAAnASgEJwAoBCcARACEAgcAKAInASgAJwAEAIQGBACBAIQGRADEAoQAhwAoAicBBAAoACcAhwAoAicBBAAoACcAhwAoAicBBAAoACcAhwAoAicBBAAoACcAxAaEAIcAKAInASgAJwCEAoEAhACBAIQBgQCEBoEAhACBAIQAqAEHACgCJwAoAScBBAAoAMQSKAPEBagBKAKHACgCJwEoACcAqAEoAIQBgQCEAIEAhACoAcT\/G8oac3RhdGV2ZXJzaW9uZG9jdW1lbnRkYXRlZG9jdW1lbnRzdGF0dXNkb2N1bWVudHRpdGxlUmFzY3VuaG8gYXV0b23DoXRpY29kb2N1bWVudGNvbnRlbnRkb2N1bWVudGV4Y2VycHRkb2N1bWVudGF1dGhvcmRvY3VtZW50ZmVhdHVyZWRfbWVkaWFkb2N1bWVudGNvbW1lbnRfc3RhdHVzZG9jdW1lbnRwaW5nX3N0YXR1c2RvY3VtZW50dGVtcGxhdGVkb2N1bWVudG1ldGFmb290bm90ZXNfZWxlbWVudG9yX2VkaXRfbW9kZV9lbGVtZW50b3JfdGVtcGxhdGVfdHlwZV9lbGVtZW50b3JfZGF0YV9lbGVtZW50b3JfcGFnZV9zZXR0aW5nc2RvY3VtZW50YmxvY2tzUGVzcXVpc2EgZGUgU2F0aXNmYcOnw6NvIGRvSW5zdGl0dWNpb25hbGNsaWVudElkaXNWYWxpZG5hbWVhdHRyaWJ1dGVzY29udGVudGRyb3BDYXBpbm5lckJsb2Nrc1Jlc3BvbnNhIGRhPCEtLSB3cDpwYXJhZ3JhcGggLS0+CjxwPmVzcG9uZDwvcD4KPCEtLSAvd3A6cGFyYWdyYXBoIC0tPkEgdWEgb2luacOjIMOpIGZ1YW1lbnRhbCBwYXJhIGEgbWVsaG9yaWEgZG9zIHNlcnZpw6dvcyBww7pibGljb3MgbXVuaWNpcGFpcy5jbGllbnRJZGlzVmFsaWRuYW1lYXR0cmlidXRlc2NvbnRlbnRBIFByZWZlaXR1cmEgZGlzcG9uaWJpbGl6YSBlc3RlIGVzcGHDp28gcGFyYSBxdWUgY2lkYWTDo29zIHBvc3NhbSBhdmFsaWFyIG8gYXRlbmRpbWVudG8sIGEgcXVhbGlkYWRlIGRvcyBzZXJ2acOnb3MgcHJlc3RhZG9zIGUgbyBmdW5jaW9uYW1lbnRvIGRvcyDDs3Jnw6NvcyBww7pibGljb3MgbXVuaWNpcGFpcy4gQXRyYXbDqXMgZGEgUGVzcXVpc2EgZGUgU2F0aXNmYcOnw6NvLCBidXNjYW1vcyBjb21wcmVlbmRlciBhcyBuZWNlc3NpZGFkZXMgZGEgcG9wdWxhw6fDo28sIGlkZW50aWZpY2FyIHBvbnRvcyBxdWUgcHJlY2lzYW0gc2VyIGFwcmltb3JhZG9zIGUgZm9ydGFsZWNlciBhIHRyYW5zcGFyw6puY2lhIGUgYSBlZmljacOqbmNpYSBkYSBhZG1pbmlzdHJhw6fDo28gcMO6YmxpY2EuZHJvcENhcGlubmVyQmxvY2tzY2xpZW50SWRpc1ZhbGlkbmFtZWF0dHJpYnV0ZXNjb250ZW50U3VhIHBhcnRpY2lwYcOnw6NvIMOpIHNpbXBsZXMsIHLDoXBpZGEgZSBtdWl0byBpbXBvcnRhbnRlLiBBcyBpbmZvcm1hw6fDtWVzIGNvbGV0YWRhcyBzZXLDo28gdXRpbGl6YWRhcyBleGNsdXNpdmFtZW50ZSBwYXJhIGZpbnMgZGUgYXZhbGlhw6fDo28gZSBhcGVyZmVpw6dvYW1lbnRvIGRvcyBzZXJ2acOnb3Mgb2ZlcmVjaWRvcyDDoCBjb211bmlkYWRlLmRyb3BDYXBpbm5lckJsb2Nrc2NsaWVudElkaXNWYWxpZG5hbWVhdHRyaWJ1dGVzY29udGVudENvbnRhbW9zIGNvbSBhIHN1YSBjb2xhYm9yYcOnw6NvIHBhcmEgY29uc3RydWlybW9zIHVtYSBjaWRhZGUgY2FkYSB2ZXogbWVsaG9yIHBhcmEgdG9kb3MuZHJvcENhcGlubmVyQmxvY2tzY2xpZW50SWRpc1ZhbGlkbmFtZWF0dHJpYnV0ZXNjb250ZW50PHN0cm9uZz5DbGlxdWUgbm8gYm90w6NvIGFiYWl4byBwYXJhIGFjZXNzYXIgYSBQZXNxdWlzYSBkZSBTYXRpc2Zhw6fDo28uPC9zdHJvbmc+ZHJvcENhcGlubmVyQmxvY2tzQSBzdWEgb3BpbmnDo28gw6kgZnVuZGFtbnRhbCBwYXJhIGEgbWVsaG9yaWEgZG8gc2VydmnDp29zIMO6YmxpY3MgbXVpY2lwYWlzLjwvcD4KPCEtLSAvd3A6cGFyYWdyYXBoIC0tPgoKPCEtLSB3cDpwYXJhZ3JhcGggLS0+CjxwPkEgUHJlZmVpdHVyYSBpc3BvbmliaWxpemEgZXN0ZSBlc3Bhw6dvIHBhcmEgcXVlIGNpZGFkw6NvcyBwb3NzYW0gYXZhbGlhciBvIGF0ZW5kaW1lbnRvLCBhIHF1YWxpZGFkZSBkb3Mgc2VydmnDp29zIHByZXN0YWRvcyBlIG8gZnVuY2lvbmFtZW50byBkb3Mgw7NyZ8Ojb3MgcMO6YmxpY29zIG11bmljaXBhaXMuIEF0cmF2w6lzIGRhIFBlc3F1aXNhIGRlIFNhdGlzZmHDp8OjbywgYnVzY2Ftb3MgY29tcHJlZW5kZXIgYXMgbmVjZXNzaWRhZGVzIGRhIHBvcHVsYcOnw6NvLCBpZGVudGlmaWNhciBwb250b3MgcXVlIHByZWNpc2FtIHNlciBhcHJpbW9yYWRvcyBlIGZvcnRhbGVjZXIgYSB0cmFuc3BhcsOqbmNpYSBlIGEgZWZpY2nDqm5jaWEgZGEgYWRtaW5pc3RyYcOnw6NvIHDDumJsaWNhLgoKPCEtLSB3cDpwYXJhZ3JhcGggLS0+CjxwPlN1YSBwYXJ0aWNpcGHDp8OjbyDDqSBzaW1wbGVzLCByw6FwaWRhIGUgbXVpdG8gaW1wb3J0YW50ZS4gQXMgaW5mb3JtYcOnw7VlcyBjb2xldGFkYXMgc2Vyw6NvIHV0aWxpemFkYXMgZXhjbHVzaXZhbWVudGUgcGFyYSBmaW5zIGRlIGF2YWxpYcOnw6NvIGUgYXBlcmZlacOnb2FtZW50byBkb3Mgc2VydmnDp29zIG9mZXJlY2lkb3Mgw6AgY29tdW5pZGFkZS48L3A+CjwhLS0gL3dwOnBhcmFncmFwaCAtLT4KCjwhLS0gd3A6cGFyYWdyYXBoIC0tPgo8cD5Db250YW1vcyBjb20gYSBzdWEgY29sYWJvcmHDp8OjbyBwYXJhIGNvbnN0cnVpcm1vcyB1bWEgY2lkYWRlIGNhZGEgdmV6IG1lbGhvciBwYXJhIHRvZG9zLjwvcD4KPCEtLSAvd3A6cGFyYWdyYXBoIC0tPgoKPCEtLSB3cDpwYXJhZ3JhcGggLS0+CjxwPjxzdHJvbmc+Q2xpcXVlIG5vIGJvdMOjbyBhYmFpeG8gcGFyYSBhY2Vzc2FyIGEgUGVzcXVpc2EgZGUgU2F0aXNmYcOnw6NvLjwvc3Ryb25nPjwvcD4KPCEtLSAvd3A6cGFyYWdyYXBoIC0tPmNsaWVudElkaXNWYWxpZG5hbWVhdHRyaWJ1dGVzY29udGVudGRyb3BDYXBpbm5lckJsb2NrcwoKPCEtLSB3cDpwYWFhcCAtLT4KPHA+PC8+CjwhLS0gL3dwOiAtLT5jbGllbnRJZGlzVmFsaWRuYW1lYXR0cmlidXRlc3RhZ05hbWV0eXBldGV4dGlubmVyQmxvY2tzQWNlc3NhciBQZXNxdWlzYSBkZSBTYXRpc2Zhw6fDo291cmxidXR0b25zIC0tPgo8ZGl2IGNsYXNzPSJ3LWJsb2NrLWJ1dHRvbnMiPjwhLS0gd3A6YnV0dG9uIC0tPgo8ZGl2IGNsc3M9IndwLWJsb2NrLWJ1dHRvbiI+PCBjbHNzPSJ3LWJsb2NrLWJ1dHRvbl9fbGlua3dwZWxlbWVudGJ1dHRvbiIgaHJlZj0iaHR0cHM6Ly9mb3Jtcy5nbGUvV3ZnbTlvVUgyZHg1azRYNUEiQWNlc3NhciBQZXNxdWlzYSBkZSBTYXRpc2Zhw6fDo288L2E+PC9kaXY+IS0tIC93OmJ1dHRvbiAtLWRpdmJ1dHRvbnNsaW5rVGFyZ2V0cmVsY2xhc3NOYW1lbGF5b3V0eyJsYXlvdXQiOnsidHlwZSI6ImZsZXgiLCJqdXN0aWZ5Q29udGVudCI6ImNlbnRlciJ9fSB7ImNsYXNzTmFtZSI6Imlzc3R5bGVvdXRsaW5lIn0gLS0gaXMtc3R5bGUtb3V0bGluZSB0YXJnZXQ9Il9ibGFuayIgcmVsPSJub29wZW5lciJkb2N1bWVudHNsdWdzdGF0ZXNhdmVkQXRzdGF0ZXNhdmVkQnljbGllbnRJZGlzVmFsaWRuYW1lYXR0cmlidXRlc2NvbnRlbnRkcm9wQ2FwaW5uZXJCbG9ja3NoZWlnaHQKCjwhLS0gd3A6c3BhY2VyIC0tPgo8ZGl2IHN0eWxlPSJoZWlnaHQ6MHB4IiBhcmlhLWhpZGRlbj0idHJ1ZSIgY2xhc3M9IndwLWJsb2NrLXNwYWNlciI+PC9kaXY+CjwhLS0gL3dwOnNwYWNlciAtLT57ImhlaWdodCI6IjQwcHgifSA0BQcIBAgGCAUTCAcIBwgGCA4IDggLSAEECRQYDxgIBgEWAg0IBwQKRwALAkECA0EAGUEEGwJEAAU5CAcECge3BQcLCAcECge+AgcLCAcECgeXAQcLCAcECgeOAQcLFhcKBQSLAakFhQgIBwQKRwALCkEHAgEDCwQIBwQKB0QACx4DCBEfQQAJE0MABRMCBzIoBgoDBwoDCQY1EAUMER8IBAUHBQcIBwQKRwALBhEXAYkBEgEPAQMAAAEHAAQBAAA\/AQIAJEIBAQBBAAIAQQACAEEAAgBBAAIAQQACAEEAAgBBAAIAQQACAAhBJQJBAAlBGgHBAQB9AX0BfQB3BmNsb3NlZHcGY2xvc2VkdwB3AHcAdwB3AH53JDMwZTU4MDk2LWI4YWYtNDljZC05MWQ2LTU3MDVlOWEyNzRlMXh3DmNvcmUvcGFyYWdyYXBoeXckYTY4NTBlMzMtMThkMi00NzY4LTgxMzktZjgxNGU4OWZkZjg3eHcOY29yZS9wYXJhZ3JhcGh5dyQ3M2JmNDYxYy1kYjZmLTQ1MjctODc0Zi04NjNjMzg1Y2JjZjB4dw5jb3JlL3BhcmFncmFwaHl3JDY4NGIzNWVkLTA0ZjktNDdhZS1iOTQ1LTRkNWNjNTY4NTRiNXh3DmNvcmUvcGFyYWdyYXBoeXckMDNmN2YwYzYtOTQ4Ny00N2IxLTk0OTctYzI5YmM2N2EwNDEweHcOY29yZS9wYXJhZ3JhcGh5dyQwMDgyNWY3My1hNWQ4LTQ5ZGYtYjMzZC0yNDZhYmMxOTk3ZTV4dw5jb3JlL3BhcmFncmFwaHl3JDA3ZjU5ODlkLWVhYzgtNDllZS1hZmJhLTNjZmUxN2I1ZGIxZncMY29yZS9idXR0b25zdyRjNTJmZmM1YS01ODAzLTRhNjQtYjdiZS1iOTc1NTYwY2NhNjR4dwtjb3JlL2J1dHRvbncBYXcGYnV0dG9udyNodHRwczovL2Zvcm1zLmdsZS9XdmdtOW9VSDJkeDVrNFg1QXcGX2JsYW5rdwhub29wZW5lcncQaXMtc3R5bGUtb3V0bGluZXYCBHR5cGV3BGZsZXgOanVzdGlmeUNvbnRlbnR3BmNlbnRlcncHcHVibGlzaHcTMjAyNi0wNS0xMlQxMzozNDo1MHckcGVzcXVpc2EtZGUtc2F0aXNmYWNhby1pbnN0aXR1Y2lvbmFse0J54dCoxnAAe0HmaZNBAAAAdyQ1MjBlODUyZi03NGU2LTRkNjAtOGUxNS0wOTVhZjU0ODk1MDF4dw5jb3JlL3BhcmFncmFwaHl3JGVhNTUzMzBjLWM0MzUtNGFjNC04MzE2LTNiNzhmNzg5Zjg0NXcLY29yZS9zcGFjZXJ3BTEwMHB4dwM0cHh3BDQwcHgBiLSymgsWAQEBEiUBFQEEAgEAGQDdDgABAAEBDQABAQIACgALCK8DAAEAAQEDACgAAQBJAA==\",\"updateId\":60249291}","footnotes":""},"class_list":["post-7589","page","type-page","status-publish","hentry"],"yoast_head":"<!-- This site is optimized with the Yoast SEO plugin v27.6 - https:\/\/yoast.com\/product\/yoast-seo-wordpress\/ -->\n<title>Pesquisa de Satisfa\u00e7\u00e3o Institucional - Prefeitura Municipal de Itirapina<\/title>\n<meta name=\"robots\" content=\"index, follow, max-snippet:-1, max-image-preview:large, max-video-preview:-1\" \/>\n<link rel=\"canonical\" href=\"https:\/\/www.itirapina.sp.gov.br\/portal\/acesso-a-informacao\/pesquisa-de-satisfacao-institucional\/\" \/>\n<meta property=\"og:locale\" content=\"pt_BR\" \/>\n<meta property=\"og:type\" content=\"article\" \/>\n<meta property=\"og:title\" content=\"Pesquisa de Satisfa\u00e7\u00e3o Institucional - Prefeitura Municipal de Itirapina\" \/>\n<meta property=\"og:description\" content=\"A sua opini\u00e3o \u00e9 fundamental para a melhoria dos servi\u00e7os p\u00fablicos municipais. A Prefeitura disponibiliza este espa\u00e7o para que cidad\u00e3os possam avaliar o atendimento, a qualidade dos servi\u00e7os prestados e o funcionamento dos \u00f3rg\u00e3os p\u00fablicos municipais. Atrav\u00e9s da Pesquisa de Satisfa\u00e7\u00e3o, buscamos compreender as necessidades da popula\u00e7\u00e3o, identificar pontos que precisam ser aprimorados e fortalecer a transpar\u00eancia e a efici\u00eancia da administra\u00e7\u00e3o p\u00fablica. Sua participa\u00e7\u00e3o \u00e9 simples, r\u00e1pida e muito importante. As informa\u00e7\u00f5es coletadas ser\u00e3o utilizadas exclusivamente para fins de avalia\u00e7\u00e3o e aperfei\u00e7oamento dos servi\u00e7os oferecidos \u00e0 comunidade. Contamos com a sua colabora\u00e7\u00e3o para construirmos uma cidade cada vez melhor para todos. Clique no bot\u00e3o abaixo para acessar a Pesquisa de Satisfa\u00e7\u00e3o.\" \/>\n<meta property=\"og:url\" content=\"https:\/\/www.itirapina.sp.gov.br\/portal\/acesso-a-informacao\/pesquisa-de-satisfacao-institucional\/\" \/>\n<meta property=\"og:site_name\" content=\"Prefeitura Municipal de Itirapina\" \/>\n<meta property=\"article:publisher\" content=\"https:\/\/www.facebook.com\/prefeituramunicipaldeitirapina\" \/>\n<meta property=\"article:modified_time\" content=\"2026-05-12T16:35:44+00:00\" \/>\n<meta property=\"og:image\" content=\"https:\/\/www.itirapina.sp.gov.br\/portal\/wp-content\/uploads\/2023\/06\/brasao_etiqueta.jpg\" \/>\n\t<meta property=\"og:image:width\" content=\"537\" \/>\n\t<meta property=\"og:image:height\" content=\"587\" \/>\n\t<meta property=\"og:image:type\" content=\"image\/jpeg\" \/>\n<meta name=\"twitter:card\" content=\"summary_large_image\" \/>\n<meta name=\"twitter:label1\" content=\"Est. tempo de leitura\" \/>\n\t<meta name=\"twitter:data1\" content=\"1 minuto\" \/>\n<script type=\"application\/ld+json\" class=\"yoast-schema-graph\">{\"@context\":\"https:\\\/\\\/schema.org\",\"@graph\":[{\"@type\":\"WebPage\",\"@id\":\"https:\\\/\\\/www.itirapina.sp.gov.br\\\/portal\\\/acesso-a-informacao\\\/pesquisa-de-satisfacao-institucional\\\/\",\"url\":\"https:\\\/\\\/www.itirapina.sp.gov.br\\\/portal\\\/acesso-a-informacao\\\/pesquisa-de-satisfacao-institucional\\\/\",\"name\":\"Pesquisa de Satisfa\u00e7\u00e3o Institucional - Prefeitura Municipal de Itirapina\",\"isPartOf\":{\"@id\":\"https:\\\/\\\/www.itirapina.sp.gov.br\\\/portal\\\/#website\"},\"datePublished\":\"2026-05-12T16:34:50+00:00\",\"dateModified\":\"2026-05-12T16:35:44+00:00\",\"breadcrumb\":{\"@id\":\"https:\\\/\\\/www.itirapina.sp.gov.br\\\/portal\\\/acesso-a-informacao\\\/pesquisa-de-satisfacao-institucional\\\/#breadcrumb\"},\"inLanguage\":\"pt-BR\",\"potentialAction\":[{\"@type\":\"ReadAction\",\"target\":[\"https:\\\/\\\/www.itirapina.sp.gov.br\\\/portal\\\/acesso-a-informacao\\\/pesquisa-de-satisfacao-institucional\\\/\"]}]},{\"@type\":\"BreadcrumbList\",\"@id\":\"https:\\\/\\\/www.itirapina.sp.gov.br\\\/portal\\\/acesso-a-informacao\\\/pesquisa-de-satisfacao-institucional\\\/#breadcrumb\",\"itemListElement\":[{\"@type\":\"ListItem\",\"position\":1,\"name\":\"In\u00edcio\",\"item\":\"https:\\\/\\\/www.itirapina.sp.gov.br\\\/portal\\\/\"},{\"@type\":\"ListItem\",\"position\":2,\"name\":\"Acesso a Informa\u00e7\u00e3o\",\"item\":\"https:\\\/\\\/www.itirapina.sp.gov.br\\\/portal\\\/acesso-a-informacao\\\/\"},{\"@type\":\"ListItem\",\"position\":3,\"name\":\"Pesquisa de Satisfa\u00e7\u00e3o Institucional\"}]},{\"@type\":\"WebSite\",\"@id\":\"https:\\\/\\\/www.itirapina.sp.gov.br\\\/portal\\\/#website\",\"url\":\"https:\\\/\\\/www.itirapina.sp.gov.br\\\/portal\\\/\",\"name\":\"Prefeitura Municipal de Itirapina\",\"description\":\"Portal da Prefeitura de Itirapina\",\"publisher\":{\"@id\":\"https:\\\/\\\/www.itirapina.sp.gov.br\\\/portal\\\/#organization\"},\"alternateName\":\"Prefeitura de Itirapina\",\"potentialAction\":[{\"@type\":\"SearchAction\",\"target\":{\"@type\":\"EntryPoint\",\"urlTemplate\":\"https:\\\/\\\/www.itirapina.sp.gov.br\\\/portal\\\/?s={search_term_string}\"},\"query-input\":{\"@type\":\"PropertyValueSpecification\",\"valueRequired\":true,\"valueName\":\"search_term_string\"}}],\"inLanguage\":\"pt-BR\"},{\"@type\":\"Organization\",\"@id\":\"https:\\\/\\\/www.itirapina.sp.gov.br\\\/portal\\\/#organization\",\"name\":\"Prefeitura Municipal de Itirapina\",\"alternateName\":\"Prefeitura de Itirapina\",\"url\":\"https:\\\/\\\/www.itirapina.sp.gov.br\\\/portal\\\/\",\"logo\":{\"@type\":\"ImageObject\",\"inLanguage\":\"pt-BR\",\"@id\":\"https:\\\/\\\/www.itirapina.sp.gov.br\\\/portal\\\/#\\\/schema\\\/logo\\\/image\\\/\",\"url\":\"https:\\\/\\\/www.itirapina.sp.gov.br\\\/portal\\\/wp-content\\\/uploads\\\/2023\\\/06\\\/brasao_etiqueta.jpg\",\"contentUrl\":\"https:\\\/\\\/www.itirapina.sp.gov.br\\\/portal\\\/wp-content\\\/uploads\\\/2023\\\/06\\\/brasao_etiqueta.jpg\",\"width\":537,\"height\":587,\"caption\":\"Prefeitura Municipal de Itirapina\"},\"image\":{\"@id\":\"https:\\\/\\\/www.itirapina.sp.gov.br\\\/portal\\\/#\\\/schema\\\/logo\\\/image\\\/\"},\"sameAs\":[\"https:\\\/\\\/www.facebook.com\\\/prefeituramunicipaldeitirapina\",\"https:\\\/\\\/www.instagram.com\\\/itirapinaturismo\\\/\"]}]}<\/script>\n<!-- \/ Yoast SEO plugin. -->","yoast_head_json":{"title":"Pesquisa de Satisfa\u00e7\u00e3o Institucional - Prefeitura Municipal de Itirapina","robots":{"index":"index","follow":"follow","max-snippet":"max-snippet:-1","max-image-preview":"max-image-preview:large","max-video-preview":"max-video-preview:-1"},"canonical":"https:\/\/www.itirapina.sp.gov.br\/portal\/acesso-a-informacao\/pesquisa-de-satisfacao-institucional\/","og_locale":"pt_BR","og_type":"article","og_title":"Pesquisa de Satisfa\u00e7\u00e3o Institucional - Prefeitura Municipal de Itirapina","og_description":"A sua opini\u00e3o \u00e9 fundamental para a melhoria dos servi\u00e7os p\u00fablicos municipais. A Prefeitura disponibiliza este espa\u00e7o para que cidad\u00e3os possam avaliar o atendimento, a qualidade dos servi\u00e7os prestados e o funcionamento dos \u00f3rg\u00e3os p\u00fablicos municipais. Atrav\u00e9s da Pesquisa de Satisfa\u00e7\u00e3o, buscamos compreender as necessidades da popula\u00e7\u00e3o, identificar pontos que precisam ser aprimorados e fortalecer a transpar\u00eancia e a efici\u00eancia da administra\u00e7\u00e3o p\u00fablica. Sua participa\u00e7\u00e3o \u00e9 simples, r\u00e1pida e muito importante. As informa\u00e7\u00f5es coletadas ser\u00e3o utilizadas exclusivamente para fins de avalia\u00e7\u00e3o e aperfei\u00e7oamento dos servi\u00e7os oferecidos \u00e0 comunidade. Contamos com a sua colabora\u00e7\u00e3o para construirmos uma cidade cada vez melhor para todos. Clique no bot\u00e3o abaixo para acessar a Pesquisa de Satisfa\u00e7\u00e3o.","og_url":"https:\/\/www.itirapina.sp.gov.br\/portal\/acesso-a-informacao\/pesquisa-de-satisfacao-institucional\/","og_site_name":"Prefeitura Municipal de Itirapina","article_publisher":"https:\/\/www.facebook.com\/prefeituramunicipaldeitirapina","article_modified_time":"2026-05-12T16:35:44+00:00","og_image":[{"width":537,"height":587,"url":"https:\/\/www.itirapina.sp.gov.br\/portal\/wp-content\/uploads\/2023\/06\/brasao_etiqueta.jpg","type":"image\/jpeg"}],"twitter_card":"summary_large_image","twitter_misc":{"Est. tempo de leitura":"1 minuto"},"schema":{"@context":"https:\/\/schema.org","@graph":[{"@type":"WebPage","@id":"https:\/\/www.itirapina.sp.gov.br\/portal\/acesso-a-informacao\/pesquisa-de-satisfacao-institucional\/","url":"https:\/\/www.itirapina.sp.gov.br\/portal\/acesso-a-informacao\/pesquisa-de-satisfacao-institucional\/","name":"Pesquisa de Satisfa\u00e7\u00e3o Institucional - Prefeitura Municipal de Itirapina","isPartOf":{"@id":"https:\/\/www.itirapina.sp.gov.br\/portal\/#website"},"datePublished":"2026-05-12T16:34:50+00:00","dateModified":"2026-05-12T16:35:44+00:00","breadcrumb":{"@id":"https:\/\/www.itirapina.sp.gov.br\/portal\/acesso-a-informacao\/pesquisa-de-satisfacao-institucional\/#breadcrumb"},"inLanguage":"pt-BR","potentialAction":[{"@type":"ReadAction","target":["https:\/\/www.itirapina.sp.gov.br\/portal\/acesso-a-informacao\/pesquisa-de-satisfacao-institucional\/"]}]},{"@type":"BreadcrumbList","@id":"https:\/\/www.itirapina.sp.gov.br\/portal\/acesso-a-informacao\/pesquisa-de-satisfacao-institucional\/#breadcrumb","itemListElement":[{"@type":"ListItem","position":1,"name":"In\u00edcio","item":"https:\/\/www.itirapina.sp.gov.br\/portal\/"},{"@type":"ListItem","position":2,"name":"Acesso a Informa\u00e7\u00e3o","item":"https:\/\/www.itirapina.sp.gov.br\/portal\/acesso-a-informacao\/"},{"@type":"ListItem","position":3,"name":"Pesquisa de Satisfa\u00e7\u00e3o Institucional"}]},{"@type":"WebSite","@id":"https:\/\/www.itirapina.sp.gov.br\/portal\/#website","url":"https:\/\/www.itirapina.sp.gov.br\/portal\/","name":"Prefeitura Municipal de Itirapina","description":"Portal da Prefeitura de Itirapina","publisher":{"@id":"https:\/\/www.itirapina.sp.gov.br\/portal\/#organization"},"alternateName":"Prefeitura de Itirapina","potentialAction":[{"@type":"SearchAction","target":{"@type":"EntryPoint","urlTemplate":"https:\/\/www.itirapina.sp.gov.br\/portal\/?s={search_term_string}"},"query-input":{"@type":"PropertyValueSpecification","valueRequired":true,"valueName":"search_term_string"}}],"inLanguage":"pt-BR"},{"@type":"Organization","@id":"https:\/\/www.itirapina.sp.gov.br\/portal\/#organization","name":"Prefeitura Municipal de Itirapina","alternateName":"Prefeitura de Itirapina","url":"https:\/\/www.itirapina.sp.gov.br\/portal\/","logo":{"@type":"ImageObject","inLanguage":"pt-BR","@id":"https:\/\/www.itirapina.sp.gov.br\/portal\/#\/schema\/logo\/image\/","url":"https:\/\/www.itirapina.sp.gov.br\/portal\/wp-content\/uploads\/2023\/06\/brasao_etiqueta.jpg","contentUrl":"https:\/\/www.itirapina.sp.gov.br\/portal\/wp-content\/uploads\/2023\/06\/brasao_etiqueta.jpg","width":537,"height":587,"caption":"Prefeitura Municipal de Itirapina"},"image":{"@id":"https:\/\/www.itirapina.sp.gov.br\/portal\/#\/schema\/logo\/image\/"},"sameAs":["https:\/\/www.facebook.com\/prefeituramunicipaldeitirapina","https:\/\/www.instagram.com\/itirapinaturismo\/"]}]}},"_links":{"self":[{"href":"https:\/\/www.itirapina.sp.gov.br\/portal\/wp-json\/wp\/v2\/pages\/7589","targetHints":{"allow":["GET"]}}],"collection":[{"href":"https:\/\/www.itirapina.sp.gov.br\/portal\/wp-json\/wp\/v2\/pages"}],"about":[{"href":"https:\/\/www.itirapina.sp.gov.br\/portal\/wp-json\/wp\/v2\/types\/page"}],"author":[{"embeddable":true,"href":"https:\/\/www.itirapina.sp.gov.br\/portal\/wp-json\/wp\/v2\/users\/1"}],"replies":[{"embeddable":true,"href":"https:\/\/www.itirapina.sp.gov.br\/portal\/wp-json\/wp\/v2\/comments?post=7589"}],"version-history":[{"count":2,"href":"https:\/\/www.itirapina.sp.gov.br\/portal\/wp-json\/wp\/v2\/pages\/7589\/revisions"}],"predecessor-version":[{"id":7600,"href":"https:\/\/www.itirapina.sp.gov.br\/portal\/wp-json\/wp\/v2\/pages\/7589\/revisions\/7600"}],"up":[{"embeddable":true,"href":"https:\/\/www.itirapina.sp.gov.br\/portal\/wp-json\/wp\/v2\/pages\/239"}],"wp:attachment":[{"href":"https:\/\/www.itirapina.sp.gov.br\/portal\/wp-json\/wp\/v2\/media?parent=7589"}],"curies":[{"name":"wp","href":"https:\/\/api.w.org\/{rel}","templated":true}]}}