{"id":7535,"date":"2026-05-04T15:30:33","date_gmt":"2026-05-04T18:30:33","guid":{"rendered":"https:\/\/www.itirapina.sp.gov.br\/portal\/?page_id=7535"},"modified":"2026-05-04T15:31:58","modified_gmt":"2026-05-04T18:31:58","slug":"horarios-de-onibus","status":"publish","type":"page","link":"https:\/\/www.itirapina.sp.gov.br\/portal\/horarios-de-onibus\/","title":{"rendered":"Hor\u00e1rios de \u00f4nibus"},"content":{"rendered":"\t\t<div data-elementor-type=\"wp-page\" data-elementor-id=\"7535\" class=\"elementor elementor-7535\">\n\t\t\t\t\t\t<section class=\"elementor-section elementor-top-section elementor-element elementor-element-7ec0397 elementor-section-boxed elementor-section-height-default elementor-section-height-default wpr-particle-no wpr-jarallax-no wpr-parallax-no wpr-sticky-section-no wpr-equal-height-no\" data-id=\"7ec0397\" data-element_type=\"section\" data-e-type=\"section\">\n\t\t\t\t\t\t<div class=\"elementor-container elementor-column-gap-default\">\n\t\t\t\t\t<div class=\"elementor-column elementor-col-100 elementor-top-column elementor-element elementor-element-a6383c5\" data-id=\"a6383c5\" data-element_type=\"column\" data-e-type=\"column\">\n\t\t\t<div class=\"elementor-widget-wrap elementor-element-populated\">\n\t\t\t\t\t\t<div class=\"elementor-element elementor-element-8d230ab elementor-widget elementor-widget-heading\" data-id=\"8d230ab\" data-element_type=\"widget\" data-e-type=\"widget\" data-widget_type=\"heading.default\">\n\t\t\t\t<div class=\"elementor-widget-container\">\n\t\t\t\t\t<h1 class=\"elementor-heading-title elementor-size-default\">HOR\u00c1RIOS DE \u00d4NIBUS<\/h1>\t\t\t\t<\/div>\n\t\t\t\t<\/div>\n\t\t\t\t<div class=\"elementor-element elementor-element-a6f99e9 elementor-widget elementor-widget-text-editor\" data-id=\"a6f99e9\" data-element_type=\"widget\" data-e-type=\"widget\" data-widget_type=\"text-editor.default\">\n\t\t\t\t<div class=\"elementor-widget-container\">\n\t\t\t\t\t\t\t\t\t<p>Consulte os hor\u00e1rios de \u00f4nibus que fazem linhas suburbanas para Itirapina, das cidades de S\u00e3o Carlos e Rio Claro.<\/p><p>Para maiores informa\u00e7\u00f5es, consulte o site das pr\u00f3prias empresas que realizam o transporte.<\/p>\t\t\t\t\t\t\t\t<\/div>\n\t\t\t\t<\/div>\n\t\t\t\t<div class=\"elementor-element elementor-element-8661f38 elementor-tabs-view-horizontal elementor-widget elementor-widget-tabs\" data-id=\"8661f38\" data-element_type=\"widget\" data-e-type=\"widget\" data-widget_type=\"tabs.default\">\n\t\t\t\t<div class=\"elementor-widget-container\">\n\t\t\t\t\t\t\t<div class=\"elementor-tabs\">\n\t\t\t<div class=\"elementor-tabs-wrapper\" role=\"tablist\" >\n\t\t\t\t\t\t\t\t\t<div id=\"elementor-tab-title-1401\" class=\"elementor-tab-title elementor-tab-desktop-title\" aria-selected=\"true\" data-tab=\"1\" role=\"tab\" tabindex=\"0\" aria-controls=\"elementor-tab-content-1401\" aria-expanded=\"false\">ITIRAPINA - S\u00c3O CARLOS<\/div>\n\t\t\t\t\t\t\t\t\t<div id=\"elementor-tab-title-1402\" class=\"elementor-tab-title elementor-tab-desktop-title\" aria-selected=\"false\" data-tab=\"2\" role=\"tab\" tabindex=\"-1\" aria-controls=\"elementor-tab-content-1402\" aria-expanded=\"false\">ITIRAPINA - RIO CLARO<\/div>\n\t\t\t\t\t\t\t<\/div>\n\t\t\t<div class=\"elementor-tabs-content-wrapper\" role=\"tablist\" aria-orientation=\"vertical\">\n\t\t\t\t\t\t\t\t\t<div class=\"elementor-tab-title elementor-tab-mobile-title\" aria-selected=\"true\" data-tab=\"1\" role=\"tab\" tabindex=\"0\" aria-controls=\"elementor-tab-content-1401\" aria-expanded=\"false\">ITIRAPINA - S\u00c3O CARLOS<\/div>\n\t\t\t\t\t<div id=\"elementor-tab-content-1401\" class=\"elementor-tab-content elementor-clearfix\" data-tab=\"1\" role=\"tabpanel\" aria-labelledby=\"elementor-tab-title-1401\" tabindex=\"0\" hidden=\"false\"><p>Via <strong>Paraty Mobilidade<\/strong> (<a href=\"https:\/\/paratymobilidade.com.br\/linhas_horarios.php\" target=\"_blank\" rel=\"noopener\">consulte no site pr\u00f3prio<\/a>).<\/p><h2>HOR\u00c1RIOS<\/h2><p><strong>DIAS \u00daTEIS<br \/><br \/>ITIRAPINA \/ S\u00c3O CARLOS<\/strong><br \/>05:50 \/ 08:00 \/ 12:00 \/ 15:00 \/ 17:10<br \/><br \/><strong>S\u00c3O CARLOS \/ ITIRAPINA<\/strong><br \/>07:00 \/ 11:00 \/ 13:00 \/ 16:05 \/ 18:30<\/p><p><strong>S\u00c1BADOS<br \/><br \/>ITIRAPINA \/ S\u00c3O CARLOS<\/strong><br \/>08:00 \/ 15:00 \/17:10<br \/><br \/><strong>S\u00c3O CARLOS \/ ITIRAPINA<\/strong><br \/>07:00 \/ 13:00 \/ 16:05\u00a0<\/p><p><strong>DOMINGOS E FERIADOS<\/strong><br \/><br \/><strong>ITIRAPINA \/ S\u00c3O CARLOS<\/strong><br \/>N\u00c3O RODA<br \/><br \/><strong>S\u00c3O CARLOS \/ ITIRAPINA<\/strong><br \/>N\u00c3O RODA<\/p><h2>ITINER\u00c1RIO<\/h2><p><strong>S\u00c3O CARLOS \u2013 ITIRAPINA: VIA WASHINGTON LUIZ (hor\u00e1rios com asterisco &#8220;*&#8221;)<\/strong><\/p><p><strong>Ida:<\/strong><br \/>Parte do Terminal Rodovi\u00e1rio de S\u00e3o Carlos, Rua C\u00e9sar Ricome, Rua Dona Alexandrina, Rua Raimundo Correa, Av. S\u00e3o Carlos, Av. Get\u00falio Vargas, Rod. Washington Luiz, Rod. SP 225, Rua 8, Av. 3, Rua 12, Terminal Rodovi\u00e1rio Itirapina.<\/p><p><strong>Volta:<\/strong><br \/>Parte do Terminal Rodovi\u00e1rio de Itirapina, Rua 12, Av. 2, Rua 10, Av. Cianelli, Av. 9, Rua 5, Av. 2, Rua 4, Av. 12, Av. Perimetral, Rua Ceci, Rua Jaguarucu, Rua Arariboia, Rua Jaci, Rua Ceci, Av. Perimetral, Av. 10B, Rua 4, Av. 7, Rua 5, Av.9, Rua 12, Av. 2, Rua 10, Av. Cianelli, Av. 9, Rua 8, Rod. SP 225, Rod Washington Luiz, Av. Get\u00falio Vargas, Av. S\u00e3o Carlos, Rua C\u00e9sar Ricome, Terminal Rodovi\u00e1rio de S\u00e3o Carlos.<\/p><p><strong>S\u00c3O CARLOS \u2013 ITIRAPINA: VIA BROA<\/strong><\/p><p><strong>Ida:<\/strong><br \/>Parte do Terminal Rodovi\u00e1rio de S\u00e3o Carlos, Rua C\u00e9sar Ricome, Rua Dona Alexandrina, Rua Raimundo Correa, Av. S\u00e3o Carlos, Av. Jo\u00e3o L. Rodrigues, Rua dos Ferrovi\u00e1rios, Av. Morumbi, Estrada do Broa, Rua 8, Av. 3, Rua 12, Terminal Rodovi\u00e1rio Itirapina.<\/p><p><strong>Volta:<\/strong><br \/>Parte do Terminal Rodovi\u00e1rio de Itirapina, Rua 12, Av. 2, Rua 10, Av. Cianelli, Av. 9, Rua 5, Av. 2, Rua 4, Av. 12, Av. Perimetral, Rua Ceci, Rua Jaguarucu, Rua Arariboia, Rua Jaci, Rua Ceci, Av. Perimetral, Av. 10B, Rua 4, Av. 7, Rua 5, Av.9, Rua 12, Av. 2, Rua 10, Av. Cianelli, Av. 9, Rua 8, Estrada do Broa, Av. Morumbi, Rua Lucio Rodrigues, Rua Jo\u00e3o L. Rodrigues, Av. S\u00e3o Carlos, Rua C\u00e9sar Ricome, Terminal Rodovi\u00e1rio de S\u00e3o Carlos.<\/p><p><strong>Dist\u00e2ncias:<\/strong><br \/>S\u00e3o Carlos \/ Represa do Lobo &#8211; 22,6 Km<br \/>S\u00e3o Carlos \/ Itirapina &#8211; 35,7 Km<\/p><p>\u00a0<\/p><\/div>\n\t\t\t\t\t\t\t\t\t<div class=\"elementor-tab-title elementor-tab-mobile-title\" aria-selected=\"false\" data-tab=\"2\" role=\"tab\" tabindex=\"-1\" aria-controls=\"elementor-tab-content-1402\" aria-expanded=\"false\">ITIRAPINA - RIO CLARO<\/div>\n\t\t\t\t\t<div id=\"elementor-tab-content-1402\" class=\"elementor-tab-content elementor-clearfix\" data-tab=\"2\" role=\"tabpanel\" aria-labelledby=\"elementor-tab-title-1402\" tabindex=\"0\" hidden=\"hidden\"><div class=\"trip-schedule\"><div class=\"trip-schedule-title\">Via <strong>VB Transportes e Turismo Ltda<\/strong> (<a href=\"https:\/\/www.vbtransportes.com.br\/servicos\/linhas-e-horarios\/rio-claro-artesp\/\" target=\"_blank\" rel=\"noopener\">consulte no pr\u00f3prio site<\/a>).<\/div><div>\u00a0<\/div><h2>HOR\u00c1RIOS<\/h2><\/div><div><p><strong>DIAS \u00daTEIS<\/strong><\/p><p><strong>RIO CLARO \/ ITIRAPINA<br \/><\/strong>07:00 \/ 17:00<\/p><p><strong>ITIRAPINA \/ RIO CLARO<br \/><\/strong>07:50 \/ 17:50<\/p><p><strong>S\u00c1BADOS<\/strong><\/p><p><strong>RIO CLARO \/ ITIRAPINA<br \/><\/strong>07:00 \/ 17:00<\/p><p><strong>ITIRAPINA \/ RIO CLARO<br \/><\/strong>07:50 \/ 17:50<\/p><\/div><div class=\"trip-schedule\"><div>\u00a0<\/div><\/div><\/div>\n\t\t\t\t\t\t\t<\/div>\n\t\t<\/div>\n\t\t\t\t\t\t<\/div>\n\t\t\t\t<\/div>\n\t\t\t\t<div class=\"elementor-element elementor-element-c068653 elementor-widget elementor-widget-text-editor\" data-id=\"c068653\" data-element_type=\"widget\" data-e-type=\"widget\" data-widget_type=\"text-editor.default\">\n\t\t\t\t<div class=\"elementor-widget-container\">\n\t\t\t\t\t\t\t\t\t<p><em>P\u00e1gina atualizada em: 04\/05\/2026.<\/em><\/p>\t\t\t\t\t\t\t\t<\/div>\n\t\t\t\t<\/div>\n\t\t\t\t\t<\/div>\n\t\t<\/div>\n\t\t\t\t\t<\/div>\n\t\t<\/section>\n\t\t\t\t<\/div>\n\t\t","protected":false},"excerpt":{"rendered":"<p>HOR\u00c1RIOS DE \u00d4NIBUS Consulte os hor\u00e1rios de \u00f4nibus que fazem linhas suburbanas para Itirapina, das cidades de S\u00e3o Carlos e Rio Claro. Para maiores informa\u00e7\u00f5es, consulte o site das pr\u00f3prias empresas que realizam o transporte. ITIRAPINA &#8211; S\u00c3O CARLOS ITIRAPINA &#8211; RIO CLARO ITIRAPINA &#8211; S\u00c3O CARLOS Via Paraty Mobilidade (consulte no site pr\u00f3prio). HOR\u00c1RIOS DIAS \u00daTEIS ITIRAPINA \/ S\u00c3O CARLOS05:50 \/ 08:00 \/ 12:00 \/ 15:00 \/ 17:10 S\u00c3O CARLOS \/ ITIRAPINA07:00 \/ 11:00 \/ 13:00 \/ 16:05 \/ 18:30 S\u00c1BADOS ITIRAPINA \/ S\u00c3O CARLOS08:00 \/ 15:00 \/17:10 S\u00c3O CARLOS \/ ITIRAPINA07:00 \/ 13:00 \/ 16:05\u00a0 DOMINGOS E FERIADOS ITIRAPINA \/ S\u00c3O CARLOSN\u00c3O RODA S\u00c3O CARLOS \/ ITIRAPINAN\u00c3O RODA ITINER\u00c1RIO S\u00c3O CARLOS \u2013 ITIRAPINA: VIA WASHINGTON LUIZ (hor\u00e1rios com asterisco &#8220;*&#8221;) Ida:Parte do Terminal Rodovi\u00e1rio de S\u00e3o Carlos, Rua C\u00e9sar Ricome, Rua Dona Alexandrina, Rua Raimundo Correa, Av. S\u00e3o Carlos, Av. Get\u00falio Vargas, Rod. Washington Luiz, Rod. SP 225, Rua 8, Av. 3, Rua 12, Terminal Rodovi\u00e1rio Itirapina. Volta:Parte do Terminal Rodovi\u00e1rio de Itirapina, Rua 12, Av. 2, Rua 10, Av. Cianelli, Av. 9, Rua 5, Av. 2, Rua 4, Av. 12, Av. Perimetral, Rua Ceci, Rua Jaguarucu, Rua Arariboia, Rua Jaci, Rua Ceci, Av. Perimetral, Av. 10B, Rua 4, Av. 7, Rua 5, Av.9, Rua 12, Av. 2, Rua 10, Av. Cianelli, Av. 9, Rua 8, Rod. SP 225, Rod Washington Luiz, Av. Get\u00falio Vargas, Av. S\u00e3o Carlos, Rua C\u00e9sar Ricome, Terminal Rodovi\u00e1rio de S\u00e3o Carlos. S\u00c3O CARLOS \u2013 ITIRAPINA: VIA BROA Ida:Parte do Terminal Rodovi\u00e1rio de S\u00e3o Carlos, Rua C\u00e9sar Ricome, Rua Dona Alexandrina, Rua Raimundo Correa, Av. S\u00e3o Carlos, Av. Jo\u00e3o L. Rodrigues, Rua dos Ferrovi\u00e1rios, Av. Morumbi, Estrada do Broa, Rua 8, Av. 3, Rua 12, Terminal Rodovi\u00e1rio Itirapina. Volta:Parte do Terminal Rodovi\u00e1rio de Itirapina, Rua 12, Av. 2, Rua 10, Av. Cianelli, Av. 9, Rua 5, Av. 2, Rua 4, Av. 12, Av. Perimetral, Rua Ceci, Rua Jaguarucu, Rua Arariboia, Rua Jaci, Rua Ceci, Av. Perimetral, Av. 10B, Rua 4, Av. 7, Rua 5, Av.9, Rua 12, Av. 2, Rua 10, Av. Cianelli, Av. 9, Rua 8, Estrada do Broa, Av. Morumbi, Rua Lucio Rodrigues, Rua Jo\u00e3o L. Rodrigues, Av. S\u00e3o Carlos, Rua C\u00e9sar Ricome, Terminal Rodovi\u00e1rio de S\u00e3o Carlos. Dist\u00e2ncias:S\u00e3o Carlos \/ Represa do Lobo &#8211; 22,6 KmS\u00e3o Carlos \/ Itirapina &#8211; 35,7 Km \u00a0 ITIRAPINA &#8211; RIO CLARO Via VB Transportes e Turismo Ltda (consulte no pr\u00f3prio site).\u00a0 HOR\u00c1RIOS DIAS \u00daTEIS RIO CLARO \/ ITIRAPINA07:00 \/ 17:00 ITIRAPINA \/ RIO CLARO07:50 \/ 17:50 S\u00c1BADOS RIO CLARO \/ ITIRAPINA07:00 \/ 17:00 ITIRAPINA \/ RIO CLARO07:50 \/ 17:50 \u00a0 P\u00e1gina atualizada em: 04\/05\/2026.<\/p>\n","protected":false},"author":1,"featured_media":0,"parent":0,"menu_order":0,"comment_status":"closed","ping_status":"closed","template":"page-templates\/boxed-without-title.php","meta":{"_crdt_document":"","footnotes":""},"class_list":["post-7535","page","type-page","status-publish","hentry"],"yoast_head":"<!-- This site is optimized with the Yoast SEO plugin v27.5 - https:\/\/yoast.com\/product\/yoast-seo-wordpress\/ -->\n<title>Hor\u00e1rios de \u00f4nibus - Prefeitura Municipal de Itirapina<\/title>\n<meta name=\"robots\" content=\"index, follow, max-snippet:-1, max-image-preview:large, max-video-preview:-1\" \/>\n<link rel=\"canonical\" href=\"https:\/\/www.itirapina.sp.gov.br\/portal\/horarios-de-onibus\/\" \/>\n<meta property=\"og:locale\" content=\"pt_BR\" \/>\n<meta property=\"og:type\" content=\"article\" \/>\n<meta property=\"og:title\" content=\"Hor\u00e1rios de \u00f4nibus - Prefeitura Municipal de Itirapina\" \/>\n<meta property=\"og:description\" content=\"HOR\u00c1RIOS DE \u00d4NIBUS Consulte os hor\u00e1rios de \u00f4nibus que fazem linhas suburbanas para Itirapina, das cidades de S\u00e3o Carlos e Rio Claro. Para maiores informa\u00e7\u00f5es, consulte o site das pr\u00f3prias empresas que realizam o transporte. ITIRAPINA &#8211; S\u00c3O CARLOS ITIRAPINA &#8211; RIO CLARO ITIRAPINA &#8211; S\u00c3O CARLOS Via Paraty Mobilidade (consulte no site pr\u00f3prio). HOR\u00c1RIOS DIAS \u00daTEIS ITIRAPINA \/ S\u00c3O CARLOS05:50 \/ 08:00 \/ 12:00 \/ 15:00 \/ 17:10 S\u00c3O CARLOS \/ ITIRAPINA07:00 \/ 11:00 \/ 13:00 \/ 16:05 \/ 18:30 S\u00c1BADOS ITIRAPINA \/ S\u00c3O CARLOS08:00 \/ 15:00 \/17:10 S\u00c3O CARLOS \/ ITIRAPINA07:00 \/ 13:00 \/ 16:05\u00a0 DOMINGOS E FERIADOS ITIRAPINA \/ S\u00c3O CARLOSN\u00c3O RODA S\u00c3O CARLOS \/ ITIRAPINAN\u00c3O RODA ITINER\u00c1RIO S\u00c3O CARLOS \u2013 ITIRAPINA: VIA WASHINGTON LUIZ (hor\u00e1rios com asterisco &#8220;*&#8221;) Ida:Parte do Terminal Rodovi\u00e1rio de S\u00e3o Carlos, Rua C\u00e9sar Ricome, Rua Dona Alexandrina, Rua Raimundo Correa, Av. S\u00e3o Carlos, Av. Get\u00falio Vargas, Rod. Washington Luiz, Rod. SP 225, Rua 8, Av. 3, Rua 12, Terminal Rodovi\u00e1rio Itirapina. Volta:Parte do Terminal Rodovi\u00e1rio de Itirapina, Rua 12, Av. 2, Rua 10, Av. Cianelli, Av. 9, Rua 5, Av. 2, Rua 4, Av. 12, Av. Perimetral, Rua Ceci, Rua Jaguarucu, Rua Arariboia, Rua Jaci, Rua Ceci, Av. Perimetral, Av. 10B, Rua 4, Av. 7, Rua 5, Av.9, Rua 12, Av. 2, Rua 10, Av. Cianelli, Av. 9, Rua 8, Rod. SP 225, Rod Washington Luiz, Av. Get\u00falio Vargas, Av. S\u00e3o Carlos, Rua C\u00e9sar Ricome, Terminal Rodovi\u00e1rio de S\u00e3o Carlos. S\u00c3O CARLOS \u2013 ITIRAPINA: VIA BROA Ida:Parte do Terminal Rodovi\u00e1rio de S\u00e3o Carlos, Rua C\u00e9sar Ricome, Rua Dona Alexandrina, Rua Raimundo Correa, Av. S\u00e3o Carlos, Av. Jo\u00e3o L. Rodrigues, Rua dos Ferrovi\u00e1rios, Av. Morumbi, Estrada do Broa, Rua 8, Av. 3, Rua 12, Terminal Rodovi\u00e1rio Itirapina. Volta:Parte do Terminal Rodovi\u00e1rio de Itirapina, Rua 12, Av. 2, Rua 10, Av. Cianelli, Av. 9, Rua 5, Av. 2, Rua 4, Av. 12, Av. Perimetral, Rua Ceci, Rua Jaguarucu, Rua Arariboia, Rua Jaci, Rua Ceci, Av. Perimetral, Av. 10B, Rua 4, Av. 7, Rua 5, Av.9, Rua 12, Av. 2, Rua 10, Av. Cianelli, Av. 9, Rua 8, Estrada do Broa, Av. Morumbi, Rua Lucio Rodrigues, Rua Jo\u00e3o L. Rodrigues, Av. S\u00e3o Carlos, Rua C\u00e9sar Ricome, Terminal Rodovi\u00e1rio de S\u00e3o Carlos. Dist\u00e2ncias:S\u00e3o Carlos \/ Represa do Lobo &#8211; 22,6 KmS\u00e3o Carlos \/ Itirapina &#8211; 35,7 Km \u00a0 ITIRAPINA &#8211; RIO CLARO Via VB Transportes e Turismo Ltda (consulte no pr\u00f3prio site).\u00a0 HOR\u00c1RIOS DIAS \u00daTEIS RIO CLARO \/ ITIRAPINA07:00 \/ 17:00 ITIRAPINA \/ RIO CLARO07:50 \/ 17:50 S\u00c1BADOS RIO CLARO \/ ITIRAPINA07:00 \/ 17:00 ITIRAPINA \/ RIO CLARO07:50 \/ 17:50 \u00a0 P\u00e1gina atualizada em: 04\/05\/2026.\" \/>\n<meta property=\"og:url\" content=\"https:\/\/www.itirapina.sp.gov.br\/portal\/horarios-de-onibus\/\" \/>\n<meta property=\"og:site_name\" content=\"Prefeitura Municipal de Itirapina\" \/>\n<meta property=\"article:publisher\" content=\"https:\/\/www.facebook.com\/prefeituramunicipaldeitirapina\" \/>\n<meta property=\"article:modified_time\" content=\"2026-05-04T18:31:58+00:00\" \/>\n<meta property=\"og:image\" content=\"https:\/\/www.itirapina.sp.gov.br\/portal\/wp-content\/uploads\/2023\/06\/brasao_etiqueta.jpg\" \/>\n\t<meta property=\"og:image:width\" content=\"537\" \/>\n\t<meta property=\"og:image:height\" content=\"587\" \/>\n\t<meta property=\"og:image:type\" content=\"image\/jpeg\" \/>\n<meta name=\"twitter:card\" content=\"summary_large_image\" \/>\n<meta name=\"twitter:label1\" content=\"Est. tempo de leitura\" \/>\n\t<meta name=\"twitter:data1\" content=\"3 minutos\" \/>\n<script type=\"application\/ld+json\" class=\"yoast-schema-graph\">{\"@context\":\"https:\\\/\\\/schema.org\",\"@graph\":[{\"@type\":\"WebPage\",\"@id\":\"https:\\\/\\\/www.itirapina.sp.gov.br\\\/portal\\\/horarios-de-onibus\\\/\",\"url\":\"https:\\\/\\\/www.itirapina.sp.gov.br\\\/portal\\\/horarios-de-onibus\\\/\",\"name\":\"Hor\u00e1rios de \u00f4nibus - Prefeitura Municipal de Itirapina\",\"isPartOf\":{\"@id\":\"https:\\\/\\\/www.itirapina.sp.gov.br\\\/portal\\\/#website\"},\"datePublished\":\"2026-05-04T18:30:33+00:00\",\"dateModified\":\"2026-05-04T18:31:58+00:00\",\"breadcrumb\":{\"@id\":\"https:\\\/\\\/www.itirapina.sp.gov.br\\\/portal\\\/horarios-de-onibus\\\/#breadcrumb\"},\"inLanguage\":\"pt-BR\",\"potentialAction\":[{\"@type\":\"ReadAction\",\"target\":[\"https:\\\/\\\/www.itirapina.sp.gov.br\\\/portal\\\/horarios-de-onibus\\\/\"]}]},{\"@type\":\"BreadcrumbList\",\"@id\":\"https:\\\/\\\/www.itirapina.sp.gov.br\\\/portal\\\/horarios-de-onibus\\\/#breadcrumb\",\"itemListElement\":[{\"@type\":\"ListItem\",\"position\":1,\"name\":\"In\u00edcio\",\"item\":\"https:\\\/\\\/www.itirapina.sp.gov.br\\\/portal\\\/\"},{\"@type\":\"ListItem\",\"position\":2,\"name\":\"Hor\u00e1rios de \u00f4nibus\"}]},{\"@type\":\"WebSite\",\"@id\":\"https:\\\/\\\/www.itirapina.sp.gov.br\\\/portal\\\/#website\",\"url\":\"https:\\\/\\\/www.itirapina.sp.gov.br\\\/portal\\\/\",\"name\":\"Prefeitura Municipal de Itirapina\",\"description\":\"Portal da Prefeitura de Itirapina\",\"publisher\":{\"@id\":\"https:\\\/\\\/www.itirapina.sp.gov.br\\\/portal\\\/#organization\"},\"alternateName\":\"Prefeitura de Itirapina\",\"potentialAction\":[{\"@type\":\"SearchAction\",\"target\":{\"@type\":\"EntryPoint\",\"urlTemplate\":\"https:\\\/\\\/www.itirapina.sp.gov.br\\\/portal\\\/?s={search_term_string}\"},\"query-input\":{\"@type\":\"PropertyValueSpecification\",\"valueRequired\":true,\"valueName\":\"search_term_string\"}}],\"inLanguage\":\"pt-BR\"},{\"@type\":\"Organization\",\"@id\":\"https:\\\/\\\/www.itirapina.sp.gov.br\\\/portal\\\/#organization\",\"name\":\"Prefeitura Municipal de Itirapina\",\"alternateName\":\"Prefeitura de Itirapina\",\"url\":\"https:\\\/\\\/www.itirapina.sp.gov.br\\\/portal\\\/\",\"logo\":{\"@type\":\"ImageObject\",\"inLanguage\":\"pt-BR\",\"@id\":\"https:\\\/\\\/www.itirapina.sp.gov.br\\\/portal\\\/#\\\/schema\\\/logo\\\/image\\\/\",\"url\":\"https:\\\/\\\/www.itirapina.sp.gov.br\\\/portal\\\/wp-content\\\/uploads\\\/2023\\\/06\\\/brasao_etiqueta.jpg\",\"contentUrl\":\"https:\\\/\\\/www.itirapina.sp.gov.br\\\/portal\\\/wp-content\\\/uploads\\\/2023\\\/06\\\/brasao_etiqueta.jpg\",\"width\":537,\"height\":587,\"caption\":\"Prefeitura Municipal de Itirapina\"},\"image\":{\"@id\":\"https:\\\/\\\/www.itirapina.sp.gov.br\\\/portal\\\/#\\\/schema\\\/logo\\\/image\\\/\"},\"sameAs\":[\"https:\\\/\\\/www.facebook.com\\\/prefeituramunicipaldeitirapina\",\"https:\\\/\\\/www.instagram.com\\\/itirapinaturismo\\\/\"]}]}<\/script>\n<!-- \/ Yoast SEO plugin. -->","yoast_head_json":{"title":"Hor\u00e1rios de \u00f4nibus - Prefeitura Municipal de Itirapina","robots":{"index":"index","follow":"follow","max-snippet":"max-snippet:-1","max-image-preview":"max-image-preview:large","max-video-preview":"max-video-preview:-1"},"canonical":"https:\/\/www.itirapina.sp.gov.br\/portal\/horarios-de-onibus\/","og_locale":"pt_BR","og_type":"article","og_title":"Hor\u00e1rios de \u00f4nibus - Prefeitura Municipal de Itirapina","og_description":"HOR\u00c1RIOS DE \u00d4NIBUS Consulte os hor\u00e1rios de \u00f4nibus que fazem linhas suburbanas para Itirapina, das cidades de S\u00e3o Carlos e Rio Claro. Para maiores informa\u00e7\u00f5es, consulte o site das pr\u00f3prias empresas que realizam o transporte. ITIRAPINA &#8211; S\u00c3O CARLOS ITIRAPINA &#8211; RIO CLARO ITIRAPINA &#8211; S\u00c3O CARLOS Via Paraty Mobilidade (consulte no site pr\u00f3prio). HOR\u00c1RIOS DIAS \u00daTEIS ITIRAPINA \/ S\u00c3O CARLOS05:50 \/ 08:00 \/ 12:00 \/ 15:00 \/ 17:10 S\u00c3O CARLOS \/ ITIRAPINA07:00 \/ 11:00 \/ 13:00 \/ 16:05 \/ 18:30 S\u00c1BADOS ITIRAPINA \/ S\u00c3O CARLOS08:00 \/ 15:00 \/17:10 S\u00c3O CARLOS \/ ITIRAPINA07:00 \/ 13:00 \/ 16:05\u00a0 DOMINGOS E FERIADOS ITIRAPINA \/ S\u00c3O CARLOSN\u00c3O RODA S\u00c3O CARLOS \/ ITIRAPINAN\u00c3O RODA ITINER\u00c1RIO S\u00c3O CARLOS \u2013 ITIRAPINA: VIA WASHINGTON LUIZ (hor\u00e1rios com asterisco &#8220;*&#8221;) Ida:Parte do Terminal Rodovi\u00e1rio de S\u00e3o Carlos, Rua C\u00e9sar Ricome, Rua Dona Alexandrina, Rua Raimundo Correa, Av. S\u00e3o Carlos, Av. Get\u00falio Vargas, Rod. Washington Luiz, Rod. SP 225, Rua 8, Av. 3, Rua 12, Terminal Rodovi\u00e1rio Itirapina. Volta:Parte do Terminal Rodovi\u00e1rio de Itirapina, Rua 12, Av. 2, Rua 10, Av. Cianelli, Av. 9, Rua 5, Av. 2, Rua 4, Av. 12, Av. Perimetral, Rua Ceci, Rua Jaguarucu, Rua Arariboia, Rua Jaci, Rua Ceci, Av. Perimetral, Av. 10B, Rua 4, Av. 7, Rua 5, Av.9, Rua 12, Av. 2, Rua 10, Av. Cianelli, Av. 9, Rua 8, Rod. SP 225, Rod Washington Luiz, Av. Get\u00falio Vargas, Av. S\u00e3o Carlos, Rua C\u00e9sar Ricome, Terminal Rodovi\u00e1rio de S\u00e3o Carlos. S\u00c3O CARLOS \u2013 ITIRAPINA: VIA BROA Ida:Parte do Terminal Rodovi\u00e1rio de S\u00e3o Carlos, Rua C\u00e9sar Ricome, Rua Dona Alexandrina, Rua Raimundo Correa, Av. S\u00e3o Carlos, Av. Jo\u00e3o L. Rodrigues, Rua dos Ferrovi\u00e1rios, Av. Morumbi, Estrada do Broa, Rua 8, Av. 3, Rua 12, Terminal Rodovi\u00e1rio Itirapina. Volta:Parte do Terminal Rodovi\u00e1rio de Itirapina, Rua 12, Av. 2, Rua 10, Av. Cianelli, Av. 9, Rua 5, Av. 2, Rua 4, Av. 12, Av. Perimetral, Rua Ceci, Rua Jaguarucu, Rua Arariboia, Rua Jaci, Rua Ceci, Av. Perimetral, Av. 10B, Rua 4, Av. 7, Rua 5, Av.9, Rua 12, Av. 2, Rua 10, Av. Cianelli, Av. 9, Rua 8, Estrada do Broa, Av. Morumbi, Rua Lucio Rodrigues, Rua Jo\u00e3o L. Rodrigues, Av. S\u00e3o Carlos, Rua C\u00e9sar Ricome, Terminal Rodovi\u00e1rio de S\u00e3o Carlos. Dist\u00e2ncias:S\u00e3o Carlos \/ Represa do Lobo &#8211; 22,6 KmS\u00e3o Carlos \/ Itirapina &#8211; 35,7 Km \u00a0 ITIRAPINA &#8211; RIO CLARO Via VB Transportes e Turismo Ltda (consulte no pr\u00f3prio site).\u00a0 HOR\u00c1RIOS DIAS \u00daTEIS RIO CLARO \/ ITIRAPINA07:00 \/ 17:00 ITIRAPINA \/ RIO CLARO07:50 \/ 17:50 S\u00c1BADOS RIO CLARO \/ ITIRAPINA07:00 \/ 17:00 ITIRAPINA \/ RIO CLARO07:50 \/ 17:50 \u00a0 P\u00e1gina atualizada em: 04\/05\/2026.","og_url":"https:\/\/www.itirapina.sp.gov.br\/portal\/horarios-de-onibus\/","og_site_name":"Prefeitura Municipal de Itirapina","article_publisher":"https:\/\/www.facebook.com\/prefeituramunicipaldeitirapina","article_modified_time":"2026-05-04T18:31:58+00:00","og_image":[{"width":537,"height":587,"url":"https:\/\/www.itirapina.sp.gov.br\/portal\/wp-content\/uploads\/2023\/06\/brasao_etiqueta.jpg","type":"image\/jpeg"}],"twitter_card":"summary_large_image","twitter_misc":{"Est. tempo de leitura":"3 minutos"},"schema":{"@context":"https:\/\/schema.org","@graph":[{"@type":"WebPage","@id":"https:\/\/www.itirapina.sp.gov.br\/portal\/horarios-de-onibus\/","url":"https:\/\/www.itirapina.sp.gov.br\/portal\/horarios-de-onibus\/","name":"Hor\u00e1rios de \u00f4nibus - Prefeitura Municipal de Itirapina","isPartOf":{"@id":"https:\/\/www.itirapina.sp.gov.br\/portal\/#website"},"datePublished":"2026-05-04T18:30:33+00:00","dateModified":"2026-05-04T18:31:58+00:00","breadcrumb":{"@id":"https:\/\/www.itirapina.sp.gov.br\/portal\/horarios-de-onibus\/#breadcrumb"},"inLanguage":"pt-BR","potentialAction":[{"@type":"ReadAction","target":["https:\/\/www.itirapina.sp.gov.br\/portal\/horarios-de-onibus\/"]}]},{"@type":"BreadcrumbList","@id":"https:\/\/www.itirapina.sp.gov.br\/portal\/horarios-de-onibus\/#breadcrumb","itemListElement":[{"@type":"ListItem","position":1,"name":"In\u00edcio","item":"https:\/\/www.itirapina.sp.gov.br\/portal\/"},{"@type":"ListItem","position":2,"name":"Hor\u00e1rios de \u00f4nibus"}]},{"@type":"WebSite","@id":"https:\/\/www.itirapina.sp.gov.br\/portal\/#website","url":"https:\/\/www.itirapina.sp.gov.br\/portal\/","name":"Prefeitura Municipal de Itirapina","description":"Portal da Prefeitura de Itirapina","publisher":{"@id":"https:\/\/www.itirapina.sp.gov.br\/portal\/#organization"},"alternateName":"Prefeitura de Itirapina","potentialAction":[{"@type":"SearchAction","target":{"@type":"EntryPoint","urlTemplate":"https:\/\/www.itirapina.sp.gov.br\/portal\/?s={search_term_string}"},"query-input":{"@type":"PropertyValueSpecification","valueRequired":true,"valueName":"search_term_string"}}],"inLanguage":"pt-BR"},{"@type":"Organization","@id":"https:\/\/www.itirapina.sp.gov.br\/portal\/#organization","name":"Prefeitura Municipal de Itirapina","alternateName":"Prefeitura de Itirapina","url":"https:\/\/www.itirapina.sp.gov.br\/portal\/","logo":{"@type":"ImageObject","inLanguage":"pt-BR","@id":"https:\/\/www.itirapina.sp.gov.br\/portal\/#\/schema\/logo\/image\/","url":"https:\/\/www.itirapina.sp.gov.br\/portal\/wp-content\/uploads\/2023\/06\/brasao_etiqueta.jpg","contentUrl":"https:\/\/www.itirapina.sp.gov.br\/portal\/wp-content\/uploads\/2023\/06\/brasao_etiqueta.jpg","width":537,"height":587,"caption":"Prefeitura Municipal de Itirapina"},"image":{"@id":"https:\/\/www.itirapina.sp.gov.br\/portal\/#\/schema\/logo\/image\/"},"sameAs":["https:\/\/www.facebook.com\/prefeituramunicipaldeitirapina","https:\/\/www.instagram.com\/itirapinaturismo\/"]}]}},"_links":{"self":[{"href":"https:\/\/www.itirapina.sp.gov.br\/portal\/wp-json\/wp\/v2\/pages\/7535","targetHints":{"allow":["GET"]}}],"collection":[{"href":"https:\/\/www.itirapina.sp.gov.br\/portal\/wp-json\/wp\/v2\/pages"}],"about":[{"href":"https:\/\/www.itirapina.sp.gov.br\/portal\/wp-json\/wp\/v2\/types\/page"}],"author":[{"embeddable":true,"href":"https:\/\/www.itirapina.sp.gov.br\/portal\/wp-json\/wp\/v2\/users\/1"}],"replies":[{"embeddable":true,"href":"https:\/\/www.itirapina.sp.gov.br\/portal\/wp-json\/wp\/v2\/comments?post=7535"}],"version-history":[{"count":12,"href":"https:\/\/www.itirapina.sp.gov.br\/portal\/wp-json\/wp\/v2\/pages\/7535\/revisions"}],"predecessor-version":[{"id":7548,"href":"https:\/\/www.itirapina.sp.gov.br\/portal\/wp-json\/wp\/v2\/pages\/7535\/revisions\/7548"}],"wp:attachment":[{"href":"https:\/\/www.itirapina.sp.gov.br\/portal\/wp-json\/wp\/v2\/media?parent=7535"}],"curies":[{"name":"wp","href":"https:\/\/api.w.org\/{rel}","templated":true}]}}