{"id":503,"date":"2023-06-26T10:53:16","date_gmt":"2023-06-26T13:53:16","guid":{"rendered":"https:\/\/www.itirapina.sp.gov.br\/portal\/?page_id=503"},"modified":"2026-03-10T15:55:56","modified_gmt":"2026-03-10T18:55:56","slug":"servicos","status":"publish","type":"page","link":"https:\/\/www.itirapina.sp.gov.br\/portal\/servicos\/","title":{"rendered":"Servi\u00e7os Online"},"content":{"rendered":"\n<h2 class=\"wp-block-heading\">Menu de Servi\u00e7os Online:<\/h2>\n\n\n\n<p class=\"wp-block-paragraph\">Nesta p\u00e1gina voc\u00ea tem acesso a todos os <strong>servi\u00e7os online*<\/strong> dispon\u00edveis da Prefeitura Municipal de Itirapina:<\/p>\n\n\n\n<p class=\"wp-block-paragraph\"><sub>*Nossos links poder\u00e3o te redirecionar para p\u00e1ginas de terceiros, que s\u00e3o os fornecedores de v\u00e1rios de nossos servi\u00e7os online dispon\u00edveis em nosso portal.<\/sub><\/p>\n\n\n\n<nav>\n<ul id=\"mobile-menu-2-4d46c4f\">\n<li><a href=\"https:\/\/portal.cidadao.conam.com.br\/itirapina\/veracidade.php\">Autenticidade de Certid\u00f5es<\/a><\/li>\n<li><a href=\"https:\/\/itirapina.notificacao.gestoriluminacaopublica.com.br\/municipio\/2416\">Cadastrar ocorr\u00eancia com Ilumina\u00e7\u00e3o P\u00fablica<\/a><\/li>\n<li><a href=\"https:\/\/portal.cidadao.conam.com.br\/itirapina\/certidao_venal.php\">Certid\u00e3o de Valor Venal<\/a><\/li>\n<li><a href=\"https:\/\/portal.cidadao.conam.com.br\/itirapina\/certidao_mobiliario.php\">Certid\u00e3o Negativa do Mobili\u00e1rio<\/a><\/li>\n<li><a href=\"https:\/\/portal.cidadao.conam.com.br\/itirapina\/certidao_imobiliario.php\">Certid\u00e3o Negativa do Imobili\u00e1rio<\/a><\/li>\n<li><a href=\"https:\/\/portal.cidadao.conam.com.br\/itirapina\/boleto_avista_imobiliario.php\">D\u00edvida \u2013 Boleto a Vista \u2013 Imobili\u00e1rio<\/a><\/li>\n<li><a href=\"https:\/\/portal.cidadao.conam.com.br\/itirapina\/boleto_avista_mobiliario.php\">D\u00edvida \u2013 Boleto a Vista \u2013 Mobili\u00e1rio<\/a><\/li>\n<li><a href=\"https:\/\/id.itirapina.sp.gov.br\/\">Domic\u00edlio Eletr\u00f4nico<\/a><\/li>\n<li><a href=\"https:\/\/www.savam.com.br\/?id=3840\">Envio de GIA \/ EFD ICMS<\/a><\/li>\n<li><a href=\"https:\/\/portal.cidadao.conam.com.br\/itirapina\/extrato_imobiliario.php\">Extrato de D\u00e9bito Imobili\u00e1rio<\/a><\/li>\n<li><a href=\"https:\/\/portal.cidadao.conam.com.br\/itirapina\/extrato_mobiliario.php\">Extrato de D\u00e9bito Mobili\u00e1rio<\/a><\/li>\n<li><a href=\"http:\/\/leideacesso.etransparencia.com.br\/esic\/wp_login.aspx?3523602,1\">E-SIC \u2013 Sistema Eletr\u00f4nico do Servi\u00e7o de Informa\u00e7\u00e3o ao Cidad\u00e3o<\/a><\/li>\n<li><a href=\"https:\/\/www.itirapina.sp.gov.br\/portal\/itbi-imposto-sobre-transmissao-de-bens-imoveis\/\">ITBI \u2013 Imposto sobre Transmiss\u00e3o de Bens Im\u00f3veis<\/a><\/li>\n<li><a href=\"https:\/\/itirapina.sigissweb.com\/\">Nota Fiscal Eletr\u00f4nica<\/a><\/li>\n<li><a href=\"https:\/\/www.itirapina.sp.gov.br\/portal\/requerimentos\/\">Requerimentos<\/a><\/li>\n<li><a href=\"https:\/\/portal.cidadao.conam.com.br\/itirapina\/conta_agua.php\">Segunda via \u2013 Conta de \u00c1gua<\/a><\/li>\n<li><a href=\"https:\/\/portal.cidadao.conam.com.br\/itirapina\/2via_iptu.php\">Segunda via \u2013 IPTU<\/a><\/li>\n<li><a href=\"https:\/\/portal.cidadao.conam.com.br\/itirapina\/2via_parcelamento_soap.php\">Segunda via do parcelamento de d\u00edvidas<\/a><\/li>\n<li><a href=\"https:\/\/portal.cidadao.conam.com.br\/itirapina\/2via_iss_taxas_soap.php\">Segunda via \u2013 ISS\/Taxas<\/a><\/li>\n<\/ul>\n<\/nav>\n","protected":false},"excerpt":{"rendered":"<p>Menu de Servi\u00e7os Online: Nesta p\u00e1gina voc\u00ea tem acesso a todos os servi\u00e7os online* dispon\u00edveis da Prefeitura Municipal de Itirapina: *Nossos links poder\u00e3o te redirecionar para p\u00e1ginas de terceiros, que s\u00e3o os fornecedores de v\u00e1rios de nossos servi\u00e7os online dispon\u00edveis em nosso portal. Autenticidade de Certid\u00f5es Cadastrar ocorr\u00eancia com Ilumina\u00e7\u00e3o P\u00fablica Certid\u00e3o de Valor Venal Certid\u00e3o Negativa do Mobili\u00e1rio Certid\u00e3o Negativa do Imobili\u00e1rio D\u00edvida \u2013 Boleto a Vista \u2013 Imobili\u00e1rio D\u00edvida \u2013 Boleto a Vista \u2013 Mobili\u00e1rio Domic\u00edlio Eletr\u00f4nico Envio de GIA \/ EFD ICMS Extrato de D\u00e9bito Imobili\u00e1rio Extrato de D\u00e9bito Mobili\u00e1rio E-SIC \u2013 Sistema Eletr\u00f4nico do Servi\u00e7o de Informa\u00e7\u00e3o ao Cidad\u00e3o ITBI \u2013 Imposto sobre Transmiss\u00e3o de Bens Im\u00f3veis Nota Fiscal Eletr\u00f4nica Requerimentos Segunda via \u2013 Conta de \u00c1gua Segunda via \u2013 IPTU Segunda via do parcelamento de d\u00edvidas Segunda via \u2013 ISS\/Taxas<\/p>\n","protected":false},"author":1,"featured_media":0,"parent":0,"menu_order":0,"comment_status":"closed","ping_status":"closed","template":"","meta":{"_crdt_document":"","footnotes":""},"class_list":["post-503","page","type-page","status-publish","hentry"],"yoast_head":"<!-- This site is optimized with the Yoast SEO plugin v27.4 - https:\/\/yoast.com\/product\/yoast-seo-wordpress\/ -->\n<title>Servi\u00e7os Online - Prefeitura Municipal de Itirapina<\/title>\n<meta name=\"robots\" content=\"index, follow, max-snippet:-1, max-image-preview:large, max-video-preview:-1\" \/>\n<link rel=\"canonical\" href=\"https:\/\/www.itirapina.sp.gov.br\/portal\/servicos\/\" \/>\n<meta property=\"og:locale\" content=\"pt_BR\" \/>\n<meta property=\"og:type\" content=\"article\" \/>\n<meta property=\"og:title\" content=\"Servi\u00e7os Online - Prefeitura Municipal de Itirapina\" \/>\n<meta property=\"og:description\" content=\"Menu de Servi\u00e7os Online: Nesta p\u00e1gina voc\u00ea tem acesso a todos os servi\u00e7os online* dispon\u00edveis da Prefeitura Municipal de Itirapina: *Nossos links poder\u00e3o te redirecionar para p\u00e1ginas de terceiros, que s\u00e3o os fornecedores de v\u00e1rios de nossos servi\u00e7os online dispon\u00edveis em nosso portal. Autenticidade de Certid\u00f5es Cadastrar ocorr\u00eancia com Ilumina\u00e7\u00e3o P\u00fablica Certid\u00e3o de Valor Venal Certid\u00e3o Negativa do Mobili\u00e1rio Certid\u00e3o Negativa do Imobili\u00e1rio D\u00edvida \u2013 Boleto a Vista \u2013 Imobili\u00e1rio D\u00edvida \u2013 Boleto a Vista \u2013 Mobili\u00e1rio Domic\u00edlio Eletr\u00f4nico Envio de GIA \/ EFD ICMS Extrato de D\u00e9bito Imobili\u00e1rio Extrato de D\u00e9bito Mobili\u00e1rio E-SIC \u2013 Sistema Eletr\u00f4nico do Servi\u00e7o de Informa\u00e7\u00e3o ao Cidad\u00e3o ITBI \u2013 Imposto sobre Transmiss\u00e3o de Bens Im\u00f3veis Nota Fiscal Eletr\u00f4nica Requerimentos Segunda via \u2013 Conta de \u00c1gua Segunda via \u2013 IPTU Segunda via do parcelamento de d\u00edvidas Segunda via \u2013 ISS\/Taxas\" \/>\n<meta property=\"og:url\" content=\"https:\/\/www.itirapina.sp.gov.br\/portal\/servicos\/\" \/>\n<meta property=\"og:site_name\" content=\"Prefeitura Municipal de Itirapina\" \/>\n<meta property=\"article:publisher\" content=\"https:\/\/www.facebook.com\/prefeituramunicipaldeitirapina\" \/>\n<meta property=\"article:modified_time\" content=\"2026-03-10T18:55:56+00:00\" \/>\n<meta property=\"og:image\" content=\"https:\/\/www.itirapina.sp.gov.br\/portal\/wp-content\/uploads\/2023\/06\/brasao_etiqueta.jpg\" \/>\n\t<meta property=\"og:image:width\" content=\"537\" \/>\n\t<meta property=\"og:image:height\" content=\"587\" \/>\n\t<meta property=\"og:image:type\" content=\"image\/jpeg\" \/>\n<meta name=\"twitter:card\" content=\"summary_large_image\" \/>\n<meta name=\"twitter:label1\" content=\"Est. tempo de leitura\" \/>\n\t<meta name=\"twitter:data1\" content=\"2 minutos\" \/>\n<script type=\"application\/ld+json\" class=\"yoast-schema-graph\">{\"@context\":\"https:\\\/\\\/schema.org\",\"@graph\":[{\"@type\":\"WebPage\",\"@id\":\"https:\\\/\\\/www.itirapina.sp.gov.br\\\/portal\\\/servicos\\\/\",\"url\":\"https:\\\/\\\/www.itirapina.sp.gov.br\\\/portal\\\/servicos\\\/\",\"name\":\"Servi\u00e7os Online - Prefeitura Municipal de Itirapina\",\"isPartOf\":{\"@id\":\"https:\\\/\\\/www.itirapina.sp.gov.br\\\/portal\\\/#website\"},\"datePublished\":\"2023-06-26T13:53:16+00:00\",\"dateModified\":\"2026-03-10T18:55:56+00:00\",\"breadcrumb\":{\"@id\":\"https:\\\/\\\/www.itirapina.sp.gov.br\\\/portal\\\/servicos\\\/#breadcrumb\"},\"inLanguage\":\"pt-BR\",\"potentialAction\":[{\"@type\":\"ReadAction\",\"target\":[\"https:\\\/\\\/www.itirapina.sp.gov.br\\\/portal\\\/servicos\\\/\"]}]},{\"@type\":\"BreadcrumbList\",\"@id\":\"https:\\\/\\\/www.itirapina.sp.gov.br\\\/portal\\\/servicos\\\/#breadcrumb\",\"itemListElement\":[{\"@type\":\"ListItem\",\"position\":1,\"name\":\"In\u00edcio\",\"item\":\"https:\\\/\\\/www.itirapina.sp.gov.br\\\/portal\\\/\"},{\"@type\":\"ListItem\",\"position\":2,\"name\":\"Servi\u00e7os Online\"}]},{\"@type\":\"WebSite\",\"@id\":\"https:\\\/\\\/www.itirapina.sp.gov.br\\\/portal\\\/#website\",\"url\":\"https:\\\/\\\/www.itirapina.sp.gov.br\\\/portal\\\/\",\"name\":\"Prefeitura Municipal de Itirapina\",\"description\":\"Portal da Prefeitura de Itirapina\",\"publisher\":{\"@id\":\"https:\\\/\\\/www.itirapina.sp.gov.br\\\/portal\\\/#organization\"},\"alternateName\":\"Prefeitura de Itirapina\",\"potentialAction\":[{\"@type\":\"SearchAction\",\"target\":{\"@type\":\"EntryPoint\",\"urlTemplate\":\"https:\\\/\\\/www.itirapina.sp.gov.br\\\/portal\\\/?s={search_term_string}\"},\"query-input\":{\"@type\":\"PropertyValueSpecification\",\"valueRequired\":true,\"valueName\":\"search_term_string\"}}],\"inLanguage\":\"pt-BR\"},{\"@type\":\"Organization\",\"@id\":\"https:\\\/\\\/www.itirapina.sp.gov.br\\\/portal\\\/#organization\",\"name\":\"Prefeitura Municipal de Itirapina\",\"alternateName\":\"Prefeitura de Itirapina\",\"url\":\"https:\\\/\\\/www.itirapina.sp.gov.br\\\/portal\\\/\",\"logo\":{\"@type\":\"ImageObject\",\"inLanguage\":\"pt-BR\",\"@id\":\"https:\\\/\\\/www.itirapina.sp.gov.br\\\/portal\\\/#\\\/schema\\\/logo\\\/image\\\/\",\"url\":\"https:\\\/\\\/www.itirapina.sp.gov.br\\\/portal\\\/wp-content\\\/uploads\\\/2023\\\/06\\\/brasao_etiqueta.jpg\",\"contentUrl\":\"https:\\\/\\\/www.itirapina.sp.gov.br\\\/portal\\\/wp-content\\\/uploads\\\/2023\\\/06\\\/brasao_etiqueta.jpg\",\"width\":537,\"height\":587,\"caption\":\"Prefeitura Municipal de Itirapina\"},\"image\":{\"@id\":\"https:\\\/\\\/www.itirapina.sp.gov.br\\\/portal\\\/#\\\/schema\\\/logo\\\/image\\\/\"},\"sameAs\":[\"https:\\\/\\\/www.facebook.com\\\/prefeituramunicipaldeitirapina\",\"https:\\\/\\\/www.instagram.com\\\/itirapinaturismo\\\/\"]}]}<\/script>\n<!-- \/ Yoast SEO plugin. -->","yoast_head_json":{"title":"Servi\u00e7os Online - Prefeitura Municipal de Itirapina","robots":{"index":"index","follow":"follow","max-snippet":"max-snippet:-1","max-image-preview":"max-image-preview:large","max-video-preview":"max-video-preview:-1"},"canonical":"https:\/\/www.itirapina.sp.gov.br\/portal\/servicos\/","og_locale":"pt_BR","og_type":"article","og_title":"Servi\u00e7os Online - Prefeitura Municipal de Itirapina","og_description":"Menu de Servi\u00e7os Online: Nesta p\u00e1gina voc\u00ea tem acesso a todos os servi\u00e7os online* dispon\u00edveis da Prefeitura Municipal de Itirapina: *Nossos links poder\u00e3o te redirecionar para p\u00e1ginas de terceiros, que s\u00e3o os fornecedores de v\u00e1rios de nossos servi\u00e7os online dispon\u00edveis em nosso portal. Autenticidade de Certid\u00f5es Cadastrar ocorr\u00eancia com Ilumina\u00e7\u00e3o P\u00fablica Certid\u00e3o de Valor Venal Certid\u00e3o Negativa do Mobili\u00e1rio Certid\u00e3o Negativa do Imobili\u00e1rio D\u00edvida \u2013 Boleto a Vista \u2013 Imobili\u00e1rio D\u00edvida \u2013 Boleto a Vista \u2013 Mobili\u00e1rio Domic\u00edlio Eletr\u00f4nico Envio de GIA \/ EFD ICMS Extrato de D\u00e9bito Imobili\u00e1rio Extrato de D\u00e9bito Mobili\u00e1rio E-SIC \u2013 Sistema Eletr\u00f4nico do Servi\u00e7o de Informa\u00e7\u00e3o ao Cidad\u00e3o ITBI \u2013 Imposto sobre Transmiss\u00e3o de Bens Im\u00f3veis Nota Fiscal Eletr\u00f4nica Requerimentos Segunda via \u2013 Conta de \u00c1gua Segunda via \u2013 IPTU Segunda via do parcelamento de d\u00edvidas Segunda via \u2013 ISS\/Taxas","og_url":"https:\/\/www.itirapina.sp.gov.br\/portal\/servicos\/","og_site_name":"Prefeitura Municipal de Itirapina","article_publisher":"https:\/\/www.facebook.com\/prefeituramunicipaldeitirapina","article_modified_time":"2026-03-10T18:55:56+00:00","og_image":[{"width":537,"height":587,"url":"https:\/\/www.itirapina.sp.gov.br\/portal\/wp-content\/uploads\/2023\/06\/brasao_etiqueta.jpg","type":"image\/jpeg"}],"twitter_card":"summary_large_image","twitter_misc":{"Est. tempo de leitura":"2 minutos"},"schema":{"@context":"https:\/\/schema.org","@graph":[{"@type":"WebPage","@id":"https:\/\/www.itirapina.sp.gov.br\/portal\/servicos\/","url":"https:\/\/www.itirapina.sp.gov.br\/portal\/servicos\/","name":"Servi\u00e7os Online - Prefeitura Municipal de Itirapina","isPartOf":{"@id":"https:\/\/www.itirapina.sp.gov.br\/portal\/#website"},"datePublished":"2023-06-26T13:53:16+00:00","dateModified":"2026-03-10T18:55:56+00:00","breadcrumb":{"@id":"https:\/\/www.itirapina.sp.gov.br\/portal\/servicos\/#breadcrumb"},"inLanguage":"pt-BR","potentialAction":[{"@type":"ReadAction","target":["https:\/\/www.itirapina.sp.gov.br\/portal\/servicos\/"]}]},{"@type":"BreadcrumbList","@id":"https:\/\/www.itirapina.sp.gov.br\/portal\/servicos\/#breadcrumb","itemListElement":[{"@type":"ListItem","position":1,"name":"In\u00edcio","item":"https:\/\/www.itirapina.sp.gov.br\/portal\/"},{"@type":"ListItem","position":2,"name":"Servi\u00e7os Online"}]},{"@type":"WebSite","@id":"https:\/\/www.itirapina.sp.gov.br\/portal\/#website","url":"https:\/\/www.itirapina.sp.gov.br\/portal\/","name":"Prefeitura Municipal de Itirapina","description":"Portal da Prefeitura de Itirapina","publisher":{"@id":"https:\/\/www.itirapina.sp.gov.br\/portal\/#organization"},"alternateName":"Prefeitura de Itirapina","potentialAction":[{"@type":"SearchAction","target":{"@type":"EntryPoint","urlTemplate":"https:\/\/www.itirapina.sp.gov.br\/portal\/?s={search_term_string}"},"query-input":{"@type":"PropertyValueSpecification","valueRequired":true,"valueName":"search_term_string"}}],"inLanguage":"pt-BR"},{"@type":"Organization","@id":"https:\/\/www.itirapina.sp.gov.br\/portal\/#organization","name":"Prefeitura Municipal de Itirapina","alternateName":"Prefeitura de Itirapina","url":"https:\/\/www.itirapina.sp.gov.br\/portal\/","logo":{"@type":"ImageObject","inLanguage":"pt-BR","@id":"https:\/\/www.itirapina.sp.gov.br\/portal\/#\/schema\/logo\/image\/","url":"https:\/\/www.itirapina.sp.gov.br\/portal\/wp-content\/uploads\/2023\/06\/brasao_etiqueta.jpg","contentUrl":"https:\/\/www.itirapina.sp.gov.br\/portal\/wp-content\/uploads\/2023\/06\/brasao_etiqueta.jpg","width":537,"height":587,"caption":"Prefeitura Municipal de Itirapina"},"image":{"@id":"https:\/\/www.itirapina.sp.gov.br\/portal\/#\/schema\/logo\/image\/"},"sameAs":["https:\/\/www.facebook.com\/prefeituramunicipaldeitirapina","https:\/\/www.instagram.com\/itirapinaturismo\/"]}]}},"_links":{"self":[{"href":"https:\/\/www.itirapina.sp.gov.br\/portal\/wp-json\/wp\/v2\/pages\/503","targetHints":{"allow":["GET"]}}],"collection":[{"href":"https:\/\/www.itirapina.sp.gov.br\/portal\/wp-json\/wp\/v2\/pages"}],"about":[{"href":"https:\/\/www.itirapina.sp.gov.br\/portal\/wp-json\/wp\/v2\/types\/page"}],"author":[{"embeddable":true,"href":"https:\/\/www.itirapina.sp.gov.br\/portal\/wp-json\/wp\/v2\/users\/1"}],"replies":[{"embeddable":true,"href":"https:\/\/www.itirapina.sp.gov.br\/portal\/wp-json\/wp\/v2\/comments?post=503"}],"version-history":[{"count":27,"href":"https:\/\/www.itirapina.sp.gov.br\/portal\/wp-json\/wp\/v2\/pages\/503\/revisions"}],"predecessor-version":[{"id":7385,"href":"https:\/\/www.itirapina.sp.gov.br\/portal\/wp-json\/wp\/v2\/pages\/503\/revisions\/7385"}],"wp:attachment":[{"href":"https:\/\/www.itirapina.sp.gov.br\/portal\/wp-json\/wp\/v2\/media?parent=503"}],"curies":[{"name":"wp","href":"https:\/\/api.w.org\/{rel}","templated":true}]}}