{"id":4071,"date":"2024-09-20T10:13:24","date_gmt":"2024-09-20T13:13:24","guid":{"rendered":"https:\/\/www.itirapina.sp.gov.br\/portal\/?page_id=4071"},"modified":"2024-09-20T10:17:48","modified_gmt":"2024-09-20T13:17:48","slug":"acompanhe-as-obras-do-municipio","status":"publish","type":"page","link":"https:\/\/www.itirapina.sp.gov.br\/portal\/acompanhe-as-obras-do-municipio\/","title":{"rendered":"Acompanhe as Obras do Munic\u00edpio"},"content":{"rendered":"\n<p class=\"wp-block-paragraph\">Bem-vindo \u00e0 nossa plataforma de transpar\u00eancia! A partir do mapa interativo dispon\u00edvel mais abaixo pelo link, voc\u00ea poder\u00e1 acompanhar em tempo real todas as obras em andamento em nosso munic\u00edpio.<\/p>\n\n\n\n<p class=\"wp-block-paragraph\">Aqui, voc\u00ea encontrar\u00e1 informa\u00e7\u00f5es detalhadas sobre cada projeto, incluindo:<\/p>\n\n\n\n<ul class=\"wp-block-list\">\n<li><strong>Localiza\u00e7\u00e3o<\/strong>: Posi\u00e7\u00e3o exata da obra no mapa de onde voc\u00ea poder\u00e1 as informa\u00e7\u00f5es abaixo:\n<ul class=\"wp-block-list\">\n<li><strong>Contrato<\/strong>: N\u00famero do contrato desta obra;<\/li>\n\n\n\n<li><strong>Objeto<\/strong>: Identifica\u00e7\u00e3o do projeto;<\/li>\n\n\n\n<li><strong>Per\u00edodo de execu\u00e7\u00e3o<\/strong>: Prazos para o in\u00edcio e t\u00e9rmino do projeto;<\/li>\n\n\n\n<li><strong>Situa\u00e7\u00e3o<\/strong>: Se a obra est\u00e1 em fase de planejamento, em andamento, paralisada ou conclu\u00edda;<\/li>\n\n\n\n<li><strong>Empresa<\/strong>: Empresa encarregada pela execu\u00e7\u00e3o;<\/li>\n\n\n\n<li><strong>Setor<\/strong>: Secretaria para a qual a obra est\u00e1 sendo realizada;<\/li>\n\n\n\n<li><strong>Classifica\u00e7\u00e3o<\/strong>: O tipo de obra que est\u00e1 sendo realizada;<\/li>\n\n\n\n<li><strong>Prazos de execu\u00e7\u00e3o<\/strong>: Informa\u00e7\u00f5es detalhadas sobre o prazo a ser seguido;<\/li>\n\n\n\n<li><strong>Informa\u00e7\u00f5es financeiras<\/strong>: Custo total da obra para os cofres p\u00fablicos, detalhados em subt\u00f3picos.<\/li>\n<\/ul>\n<\/li>\n<\/ul>\n\n\n\n<p class=\"wp-block-paragraph\"><strong>Como Navegar:<\/strong><\/p>\n\n\n\n<ol class=\"wp-block-list\">\n<li><strong>Explore o Mapa<\/strong>: Utilize o mapa para localizar obras em diferentes regi\u00f5es do munic\u00edpio. Clique nos marcadores para visualizar as informa\u00e7\u00f5es detalhadas de cada projeto.<\/li>\n\n\n\n<li><strong>Filtros de Busca<\/strong>: Se desejar, voc\u00ea pode filtrar as obras por bairro, tipo de obra, Situa\u00e7\u00e3o, Bem p\u00fablico, Classifica\u00e7\u00e3o ou por Contratado, podendo marcar ou desmarcar sobre a quais Secretarias\/Setores a obra pertence.<\/li>\n\n\n\n<li><strong>Transpar\u00eancia e Participa\u00e7\u00e3o<\/strong>: Esta ferramenta foi desenvolvida para promover a transpar\u00eancia na gest\u00e3o dos recursos p\u00fablicos e permitir que cada cidad\u00e3o possa acompanhar e fiscalizar de perto o andamento das obras.<\/li>\n<\/ol>\n\n\n\n<p class=\"wp-block-paragraph\">Estamos comprometidos em garantir que o desenvolvimento da nossa cidade ocorra de maneira clara e acess\u00edvel a todos. A sua participa\u00e7\u00e3o \u00e9 fundamental para uma gest\u00e3o p\u00fablica mais eficiente e respons\u00e1vel.<\/p>\n\n\n\n<div style=\"height:40px\" aria-hidden=\"true\" class=\"wp-block-spacer\"><\/div>\n\n\n<div class=\"wp-block-image is-style-default\">\n<figure class=\"aligncenter size-full is-resized\"><a href=\"https:\/\/itirapina.obrasgov.com.br\/obras-gov-map\/#\/map\" target=\"_blank\" rel=\"noreferrer noopener\"><img fetchpriority=\"high\" decoding=\"async\" width=\"550\" height=\"375\" src=\"https:\/\/www.itirapina.sp.gov.br\/portal\/wp-content\/uploads\/2024\/09\/btn-mapa.png\" alt=\"Acesse o mapa clicando aqui\" class=\"wp-image-4074\" style=\"width:300px\" srcset=\"https:\/\/www.itirapina.sp.gov.br\/portal\/wp-content\/uploads\/2024\/09\/btn-mapa.png 550w, https:\/\/www.itirapina.sp.gov.br\/portal\/wp-content\/uploads\/2024\/09\/btn-mapa-300x205.png 300w\" sizes=\"(max-width: 550px) 100vw, 550px\" \/><\/a><figcaption class=\"wp-element-caption\"><a href=\"https:\/\/itirapina.obrasgov.com.br\/obras-gov-map\/#\/map\" target=\"_blank\" rel=\"noopener\" title=\"CLIQUE PARA ACESSAR O MAPA\"><strong><a href=\"https:\/\/itirapina.obrasgov.com.br\/obras-gov-map\/#\/map\" target=\"_blank\" rel=\"noopener\" title=\"CLIQUE PARA ACESSAR O MAPA\"><\/a><\/strong><\/a><\/figcaption><\/figure>\n<\/div>\n\n\n<h3 class=\"wp-block-heading has-text-align-center\"><a href=\"https:\/\/itirapina.obrasgov.com.br\/obras-gov-map\/#\/map\" target=\"_blank\" rel=\"noopener\" title=\"CLIQUE PARA ACESSAR O MAPA\"><strong>CLIQUE PARA ACESSAR O MAPA<\/strong><\/a><\/h3>\n\n\n\n<div style=\"height:40px\" aria-hidden=\"true\" class=\"wp-block-spacer\"><\/div>\n\n\n\n<p class=\"wp-block-paragraph\"><\/p>\n","protected":false},"excerpt":{"rendered":"<p>Bem-vindo \u00e0 nossa plataforma de transpar\u00eancia! A partir do mapa interativo dispon\u00edvel mais abaixo pelo link, voc\u00ea poder\u00e1 acompanhar em tempo real todas as obras em andamento em nosso munic\u00edpio. Aqui, voc\u00ea encontrar\u00e1 informa\u00e7\u00f5es detalhadas sobre cada projeto, incluindo: Como Navegar: Estamos comprometidos em garantir que o desenvolvimento da nossa cidade ocorra de maneira clara e acess\u00edvel a todos. A sua participa\u00e7\u00e3o \u00e9 fundamental para uma gest\u00e3o p\u00fablica mais eficiente e respons\u00e1vel. CLIQUE PARA ACESSAR O MAPA<\/p>\n","protected":false},"author":1,"featured_media":0,"parent":0,"menu_order":0,"comment_status":"closed","ping_status":"closed","template":"","meta":{"_crdt_document":"","footnotes":""},"class_list":["post-4071","page","type-page","status-publish","hentry"],"yoast_head":"<!-- This site is optimized with the Yoast SEO plugin v27.4 - https:\/\/yoast.com\/product\/yoast-seo-wordpress\/ -->\n<title>Acompanhe as Obras do Munic\u00edpio - Prefeitura Municipal de Itirapina<\/title>\n<meta name=\"robots\" content=\"index, follow, max-snippet:-1, max-image-preview:large, max-video-preview:-1\" \/>\n<link rel=\"canonical\" href=\"https:\/\/www.itirapina.sp.gov.br\/portal\/acompanhe-as-obras-do-municipio\/\" \/>\n<meta property=\"og:locale\" content=\"pt_BR\" \/>\n<meta property=\"og:type\" content=\"article\" \/>\n<meta property=\"og:title\" content=\"Acompanhe as Obras do Munic\u00edpio - Prefeitura Municipal de Itirapina\" \/>\n<meta property=\"og:description\" content=\"Bem-vindo \u00e0 nossa plataforma de transpar\u00eancia! A partir do mapa interativo dispon\u00edvel mais abaixo pelo link, voc\u00ea poder\u00e1 acompanhar em tempo real todas as obras em andamento em nosso munic\u00edpio. Aqui, voc\u00ea encontrar\u00e1 informa\u00e7\u00f5es detalhadas sobre cada projeto, incluindo: Como Navegar: Estamos comprometidos em garantir que o desenvolvimento da nossa cidade ocorra de maneira clara e acess\u00edvel a todos. A sua participa\u00e7\u00e3o \u00e9 fundamental para uma gest\u00e3o p\u00fablica mais eficiente e respons\u00e1vel. CLIQUE PARA ACESSAR O MAPA\" \/>\n<meta property=\"og:url\" content=\"https:\/\/www.itirapina.sp.gov.br\/portal\/acompanhe-as-obras-do-municipio\/\" \/>\n<meta property=\"og:site_name\" content=\"Prefeitura Municipal de Itirapina\" \/>\n<meta property=\"article:publisher\" content=\"https:\/\/www.facebook.com\/prefeituramunicipaldeitirapina\" \/>\n<meta property=\"article:modified_time\" content=\"2024-09-20T13:17:48+00:00\" \/>\n<meta property=\"og:image\" content=\"https:\/\/www.itirapina.sp.gov.br\/portal\/wp-content\/uploads\/2024\/09\/btn-mapa.png\" \/>\n\t<meta property=\"og:image:width\" content=\"550\" \/>\n\t<meta property=\"og:image:height\" content=\"375\" \/>\n\t<meta property=\"og:image:type\" content=\"image\/png\" \/>\n<meta name=\"twitter:card\" content=\"summary_large_image\" \/>\n<meta name=\"twitter:label1\" content=\"Est. tempo de leitura\" \/>\n\t<meta name=\"twitter:data1\" content=\"2 minutos\" \/>\n<script type=\"application\/ld+json\" class=\"yoast-schema-graph\">{\"@context\":\"https:\\\/\\\/schema.org\",\"@graph\":[{\"@type\":\"WebPage\",\"@id\":\"https:\\\/\\\/www.itirapina.sp.gov.br\\\/portal\\\/acompanhe-as-obras-do-municipio\\\/\",\"url\":\"https:\\\/\\\/www.itirapina.sp.gov.br\\\/portal\\\/acompanhe-as-obras-do-municipio\\\/\",\"name\":\"Acompanhe as Obras do Munic\u00edpio - Prefeitura Municipal de Itirapina\",\"isPartOf\":{\"@id\":\"https:\\\/\\\/www.itirapina.sp.gov.br\\\/portal\\\/#website\"},\"primaryImageOfPage\":{\"@id\":\"https:\\\/\\\/www.itirapina.sp.gov.br\\\/portal\\\/acompanhe-as-obras-do-municipio\\\/#primaryimage\"},\"image\":{\"@id\":\"https:\\\/\\\/www.itirapina.sp.gov.br\\\/portal\\\/acompanhe-as-obras-do-municipio\\\/#primaryimage\"},\"thumbnailUrl\":\"https:\\\/\\\/www.itirapina.sp.gov.br\\\/portal\\\/wp-content\\\/uploads\\\/2024\\\/09\\\/btn-mapa.png\",\"datePublished\":\"2024-09-20T13:13:24+00:00\",\"dateModified\":\"2024-09-20T13:17:48+00:00\",\"breadcrumb\":{\"@id\":\"https:\\\/\\\/www.itirapina.sp.gov.br\\\/portal\\\/acompanhe-as-obras-do-municipio\\\/#breadcrumb\"},\"inLanguage\":\"pt-BR\",\"potentialAction\":[{\"@type\":\"ReadAction\",\"target\":[\"https:\\\/\\\/www.itirapina.sp.gov.br\\\/portal\\\/acompanhe-as-obras-do-municipio\\\/\"]}]},{\"@type\":\"ImageObject\",\"inLanguage\":\"pt-BR\",\"@id\":\"https:\\\/\\\/www.itirapina.sp.gov.br\\\/portal\\\/acompanhe-as-obras-do-municipio\\\/#primaryimage\",\"url\":\"https:\\\/\\\/www.itirapina.sp.gov.br\\\/portal\\\/wp-content\\\/uploads\\\/2024\\\/09\\\/btn-mapa.png\",\"contentUrl\":\"https:\\\/\\\/www.itirapina.sp.gov.br\\\/portal\\\/wp-content\\\/uploads\\\/2024\\\/09\\\/btn-mapa.png\",\"width\":550,\"height\":375},{\"@type\":\"BreadcrumbList\",\"@id\":\"https:\\\/\\\/www.itirapina.sp.gov.br\\\/portal\\\/acompanhe-as-obras-do-municipio\\\/#breadcrumb\",\"itemListElement\":[{\"@type\":\"ListItem\",\"position\":1,\"name\":\"In\u00edcio\",\"item\":\"https:\\\/\\\/www.itirapina.sp.gov.br\\\/portal\\\/\"},{\"@type\":\"ListItem\",\"position\":2,\"name\":\"Acompanhe as Obras do Munic\u00edpio\"}]},{\"@type\":\"WebSite\",\"@id\":\"https:\\\/\\\/www.itirapina.sp.gov.br\\\/portal\\\/#website\",\"url\":\"https:\\\/\\\/www.itirapina.sp.gov.br\\\/portal\\\/\",\"name\":\"Prefeitura Municipal de Itirapina\",\"description\":\"Portal da Prefeitura de Itirapina\",\"publisher\":{\"@id\":\"https:\\\/\\\/www.itirapina.sp.gov.br\\\/portal\\\/#organization\"},\"alternateName\":\"Prefeitura de Itirapina\",\"potentialAction\":[{\"@type\":\"SearchAction\",\"target\":{\"@type\":\"EntryPoint\",\"urlTemplate\":\"https:\\\/\\\/www.itirapina.sp.gov.br\\\/portal\\\/?s={search_term_string}\"},\"query-input\":{\"@type\":\"PropertyValueSpecification\",\"valueRequired\":true,\"valueName\":\"search_term_string\"}}],\"inLanguage\":\"pt-BR\"},{\"@type\":\"Organization\",\"@id\":\"https:\\\/\\\/www.itirapina.sp.gov.br\\\/portal\\\/#organization\",\"name\":\"Prefeitura Municipal de Itirapina\",\"alternateName\":\"Prefeitura de Itirapina\",\"url\":\"https:\\\/\\\/www.itirapina.sp.gov.br\\\/portal\\\/\",\"logo\":{\"@type\":\"ImageObject\",\"inLanguage\":\"pt-BR\",\"@id\":\"https:\\\/\\\/www.itirapina.sp.gov.br\\\/portal\\\/#\\\/schema\\\/logo\\\/image\\\/\",\"url\":\"https:\\\/\\\/www.itirapina.sp.gov.br\\\/portal\\\/wp-content\\\/uploads\\\/2023\\\/06\\\/brasao_etiqueta.jpg\",\"contentUrl\":\"https:\\\/\\\/www.itirapina.sp.gov.br\\\/portal\\\/wp-content\\\/uploads\\\/2023\\\/06\\\/brasao_etiqueta.jpg\",\"width\":537,\"height\":587,\"caption\":\"Prefeitura Municipal de Itirapina\"},\"image\":{\"@id\":\"https:\\\/\\\/www.itirapina.sp.gov.br\\\/portal\\\/#\\\/schema\\\/logo\\\/image\\\/\"},\"sameAs\":[\"https:\\\/\\\/www.facebook.com\\\/prefeituramunicipaldeitirapina\",\"https:\\\/\\\/www.instagram.com\\\/itirapinaturismo\\\/\"]}]}<\/script>\n<!-- \/ Yoast SEO plugin. -->","yoast_head_json":{"title":"Acompanhe as Obras do Munic\u00edpio - Prefeitura Municipal de Itirapina","robots":{"index":"index","follow":"follow","max-snippet":"max-snippet:-1","max-image-preview":"max-image-preview:large","max-video-preview":"max-video-preview:-1"},"canonical":"https:\/\/www.itirapina.sp.gov.br\/portal\/acompanhe-as-obras-do-municipio\/","og_locale":"pt_BR","og_type":"article","og_title":"Acompanhe as Obras do Munic\u00edpio - Prefeitura Municipal de Itirapina","og_description":"Bem-vindo \u00e0 nossa plataforma de transpar\u00eancia! A partir do mapa interativo dispon\u00edvel mais abaixo pelo link, voc\u00ea poder\u00e1 acompanhar em tempo real todas as obras em andamento em nosso munic\u00edpio. Aqui, voc\u00ea encontrar\u00e1 informa\u00e7\u00f5es detalhadas sobre cada projeto, incluindo: Como Navegar: Estamos comprometidos em garantir que o desenvolvimento da nossa cidade ocorra de maneira clara e acess\u00edvel a todos. A sua participa\u00e7\u00e3o \u00e9 fundamental para uma gest\u00e3o p\u00fablica mais eficiente e respons\u00e1vel. CLIQUE PARA ACESSAR O MAPA","og_url":"https:\/\/www.itirapina.sp.gov.br\/portal\/acompanhe-as-obras-do-municipio\/","og_site_name":"Prefeitura Municipal de Itirapina","article_publisher":"https:\/\/www.facebook.com\/prefeituramunicipaldeitirapina","article_modified_time":"2024-09-20T13:17:48+00:00","og_image":[{"width":550,"height":375,"url":"https:\/\/www.itirapina.sp.gov.br\/portal\/wp-content\/uploads\/2024\/09\/btn-mapa.png","type":"image\/png"}],"twitter_card":"summary_large_image","twitter_misc":{"Est. tempo de leitura":"2 minutos"},"schema":{"@context":"https:\/\/schema.org","@graph":[{"@type":"WebPage","@id":"https:\/\/www.itirapina.sp.gov.br\/portal\/acompanhe-as-obras-do-municipio\/","url":"https:\/\/www.itirapina.sp.gov.br\/portal\/acompanhe-as-obras-do-municipio\/","name":"Acompanhe as Obras do Munic\u00edpio - Prefeitura Municipal de Itirapina","isPartOf":{"@id":"https:\/\/www.itirapina.sp.gov.br\/portal\/#website"},"primaryImageOfPage":{"@id":"https:\/\/www.itirapina.sp.gov.br\/portal\/acompanhe-as-obras-do-municipio\/#primaryimage"},"image":{"@id":"https:\/\/www.itirapina.sp.gov.br\/portal\/acompanhe-as-obras-do-municipio\/#primaryimage"},"thumbnailUrl":"https:\/\/www.itirapina.sp.gov.br\/portal\/wp-content\/uploads\/2024\/09\/btn-mapa.png","datePublished":"2024-09-20T13:13:24+00:00","dateModified":"2024-09-20T13:17:48+00:00","breadcrumb":{"@id":"https:\/\/www.itirapina.sp.gov.br\/portal\/acompanhe-as-obras-do-municipio\/#breadcrumb"},"inLanguage":"pt-BR","potentialAction":[{"@type":"ReadAction","target":["https:\/\/www.itirapina.sp.gov.br\/portal\/acompanhe-as-obras-do-municipio\/"]}]},{"@type":"ImageObject","inLanguage":"pt-BR","@id":"https:\/\/www.itirapina.sp.gov.br\/portal\/acompanhe-as-obras-do-municipio\/#primaryimage","url":"https:\/\/www.itirapina.sp.gov.br\/portal\/wp-content\/uploads\/2024\/09\/btn-mapa.png","contentUrl":"https:\/\/www.itirapina.sp.gov.br\/portal\/wp-content\/uploads\/2024\/09\/btn-mapa.png","width":550,"height":375},{"@type":"BreadcrumbList","@id":"https:\/\/www.itirapina.sp.gov.br\/portal\/acompanhe-as-obras-do-municipio\/#breadcrumb","itemListElement":[{"@type":"ListItem","position":1,"name":"In\u00edcio","item":"https:\/\/www.itirapina.sp.gov.br\/portal\/"},{"@type":"ListItem","position":2,"name":"Acompanhe as Obras do Munic\u00edpio"}]},{"@type":"WebSite","@id":"https:\/\/www.itirapina.sp.gov.br\/portal\/#website","url":"https:\/\/www.itirapina.sp.gov.br\/portal\/","name":"Prefeitura Municipal de Itirapina","description":"Portal da Prefeitura de Itirapina","publisher":{"@id":"https:\/\/www.itirapina.sp.gov.br\/portal\/#organization"},"alternateName":"Prefeitura de Itirapina","potentialAction":[{"@type":"SearchAction","target":{"@type":"EntryPoint","urlTemplate":"https:\/\/www.itirapina.sp.gov.br\/portal\/?s={search_term_string}"},"query-input":{"@type":"PropertyValueSpecification","valueRequired":true,"valueName":"search_term_string"}}],"inLanguage":"pt-BR"},{"@type":"Organization","@id":"https:\/\/www.itirapina.sp.gov.br\/portal\/#organization","name":"Prefeitura Municipal de Itirapina","alternateName":"Prefeitura de Itirapina","url":"https:\/\/www.itirapina.sp.gov.br\/portal\/","logo":{"@type":"ImageObject","inLanguage":"pt-BR","@id":"https:\/\/www.itirapina.sp.gov.br\/portal\/#\/schema\/logo\/image\/","url":"https:\/\/www.itirapina.sp.gov.br\/portal\/wp-content\/uploads\/2023\/06\/brasao_etiqueta.jpg","contentUrl":"https:\/\/www.itirapina.sp.gov.br\/portal\/wp-content\/uploads\/2023\/06\/brasao_etiqueta.jpg","width":537,"height":587,"caption":"Prefeitura Municipal de Itirapina"},"image":{"@id":"https:\/\/www.itirapina.sp.gov.br\/portal\/#\/schema\/logo\/image\/"},"sameAs":["https:\/\/www.facebook.com\/prefeituramunicipaldeitirapina","https:\/\/www.instagram.com\/itirapinaturismo\/"]}]}},"_links":{"self":[{"href":"https:\/\/www.itirapina.sp.gov.br\/portal\/wp-json\/wp\/v2\/pages\/4071","targetHints":{"allow":["GET"]}}],"collection":[{"href":"https:\/\/www.itirapina.sp.gov.br\/portal\/wp-json\/wp\/v2\/pages"}],"about":[{"href":"https:\/\/www.itirapina.sp.gov.br\/portal\/wp-json\/wp\/v2\/types\/page"}],"author":[{"embeddable":true,"href":"https:\/\/www.itirapina.sp.gov.br\/portal\/wp-json\/wp\/v2\/users\/1"}],"replies":[{"embeddable":true,"href":"https:\/\/www.itirapina.sp.gov.br\/portal\/wp-json\/wp\/v2\/comments?post=4071"}],"version-history":[{"count":4,"href":"https:\/\/www.itirapina.sp.gov.br\/portal\/wp-json\/wp\/v2\/pages\/4071\/revisions"}],"predecessor-version":[{"id":4077,"href":"https:\/\/www.itirapina.sp.gov.br\/portal\/wp-json\/wp\/v2\/pages\/4071\/revisions\/4077"}],"wp:attachment":[{"href":"https:\/\/www.itirapina.sp.gov.br\/portal\/wp-json\/wp\/v2\/media?parent=4071"}],"curies":[{"name":"wp","href":"https:\/\/api.w.org\/{rel}","templated":true}]}}