{"id":320,"date":"2023-06-19T10:41:18","date_gmt":"2023-06-19T13:41:18","guid":{"rendered":"https:\/\/www.itirapina.sp.gov.br\/portal\/?page_id=320"},"modified":"2023-08-09T10:12:02","modified_gmt":"2023-08-09T13:12:02","slug":"acessibilidade","status":"publish","type":"page","link":"https:\/\/www.itirapina.sp.gov.br\/portal\/acessibilidade\/","title":{"rendered":"Acessibilidade"},"content":{"rendered":"\n<p class=\"wp-block-paragraph\">O termo acessibilidade significa incluir a pessoa com defici\u00eancia na participa\u00e7\u00e3o de atividades como o uso de produtos, servi\u00e7os e informa\u00e7\u00f5es. <\/p>\n\n\n\n<p class=\"wp-block-paragraph\">Alguns exemplos s\u00e3o os pr\u00e9dios com rampas de acesso para cadeira de rodas e banheiros adaptados para deficientes.<\/p>\n\n\n\n<p class=\"wp-block-paragraph\">Na internet, acessibilidade refere-se principalmente \u00e0s recomenda\u00e7\u00f5es do WCAG (World Content Accessibility Guide) do W3C e no caso do Governo Brasileiro ao eMAG (Modelo de Acessibilidade em Governo Eletr\u00f4nico). <\/p>\n\n\n\n<p class=\"wp-block-paragraph\">O eMAG est\u00e1 alinhado as recomenda\u00e7\u00f5es internacionais, mas estabelece padr\u00f5es de comportamento acess\u00edvel para sites governamentais.<\/p>\n\n\n\n<p class=\"wp-block-paragraph\">A acessibilidade no Portal da Prefeitura de Itirapina est\u00e1 inserida na programa\u00e7\u00e3o HTML das p\u00e1ginas e \u00e9 automaticamente identificada por programas de leitura de tela como o <a href=\"https:\/\/www.nvaccess.org\/\" target=\"_blank\" rel=\"noreferrer noopener\">NVDA &#8211; Leitor de Tela Livre para Windows<\/a>. <\/p>\n\n\n\n<p class=\"wp-block-paragraph\">O Portal tamb\u00e9m possui o bot\u00e3o de acesso a ferramenta VLIBRAS em sua lateral, que traduz conte\u00fados digitais (texto, \u00e1udio e v\u00eddeo) para L\u00edngua Brasileira de Sinais &#8211; LIBRAS. <\/p>\n\n\n\n<p class=\"wp-block-paragraph\">Al\u00e9m disso, \u00e9 poss\u00edvel controlar o tamanho das letras nas p\u00e1ginas e o contraste das cores por meio de um bot\u00e3o no canto inferior direito com o icone da acessibilidade.<\/p>\n\n\n\n<p class=\"wp-block-paragraph\"><strong>Leis e decretos sobre acessibilidade<\/strong><\/p>\n\n\n\n<ul class=\"wp-block-list\">\n<li>Leis e decretos sobre acessibilidade:\n<ul class=\"wp-block-list\">\n<li>Decreto n\u00ba 5.296, de 02 de dezembro de 2004<\/li>\n\n\n\n<li>Decreto n\u00ba 6.949, de 25 de agosto de 2009 &#8211; Promulga a Conven\u00e7\u00e3o Internacional sobre os Direitos das Pessoas com Defici\u00eancia e seu Protocolo Facultativo, assinados em Nova York, em 30 de mar\u00e7o de 2007<\/li>\n\n\n\n<li>Decreto n\u00ba 7.724, de 16 de Maio de 2012 &#8211; Regulamenta a lei que disp\u00f5e sobre o acesso a informa\u00e7\u00f5es.<\/li>\n\n\n\n<li>LEI N\u00ba 13.146, DE 6 DE JULHO DE 2015 Art. 63: \u00c9 obrigat\u00f3ria a acessibilidade nos s\u00edtios da internet mantidos por empresas com sede ou representa\u00e7\u00e3o comercial no Pa\u00eds ou por \u00f3rg\u00e3os de governo, para uso da pessoa com defici\u00eancia, garantindo-lhe acesso \u00e0s informa\u00e7\u00f5es dispon\u00edveis, conforme as melhores pr\u00e1ticas e diretrizes de acessibilidade adotadas internacionalmente. \u00a7 1o Os s\u00edtios devem conter s\u00edmbolo de acessibilidade em destaque.<\/li>\n<\/ul>\n<\/li>\n<\/ul>\n\n\n\n<p class=\"wp-block-paragraph\"><strong>D\u00favidas, cr\u00edticas e sugest\u00f5es<\/strong><\/p>\n\n\n\n<p class=\"wp-block-paragraph\">No caso de problemas com a acessibilidade do portal, favor entrar em contato pelo telefone: (19) 3575-9000<\/p>\n\n\n\n<p class=\"wp-block-paragraph\"><\/p>\n","protected":false},"excerpt":{"rendered":"<p>O termo acessibilidade significa incluir a pessoa com defici\u00eancia na participa\u00e7\u00e3o de atividades como o uso de produtos, servi\u00e7os e informa\u00e7\u00f5es. Alguns exemplos s\u00e3o os pr\u00e9dios com rampas de acesso para cadeira de rodas e banheiros adaptados para deficientes. Na internet, acessibilidade refere-se principalmente \u00e0s recomenda\u00e7\u00f5es do WCAG (World Content Accessibility Guide) do W3C e no caso do Governo Brasileiro ao eMAG (Modelo de Acessibilidade em Governo Eletr\u00f4nico). O eMAG est\u00e1 alinhado as recomenda\u00e7\u00f5es internacionais, mas estabelece padr\u00f5es de comportamento acess\u00edvel para sites governamentais. A acessibilidade no Portal da Prefeitura de Itirapina est\u00e1 inserida na programa\u00e7\u00e3o HTML das p\u00e1ginas e \u00e9 automaticamente identificada por programas de leitura de tela como o NVDA &#8211; Leitor de Tela Livre para Windows. O Portal tamb\u00e9m possui o bot\u00e3o de acesso a ferramenta VLIBRAS em sua lateral, que traduz conte\u00fados digitais (texto, \u00e1udio e v\u00eddeo) para L\u00edngua Brasileira de Sinais &#8211; LIBRAS. Al\u00e9m disso, \u00e9 poss\u00edvel controlar o tamanho das letras nas p\u00e1ginas e o contraste das cores por meio de um bot\u00e3o no canto inferior direito com o icone da acessibilidade. Leis e decretos sobre acessibilidade D\u00favidas, cr\u00edticas e sugest\u00f5es No caso de problemas com a acessibilidade do portal, favor entrar em contato pelo telefone: (19) 3575-9000<\/p>\n","protected":false},"author":1,"featured_media":0,"parent":0,"menu_order":0,"comment_status":"closed","ping_status":"closed","template":"","meta":{"_crdt_document":"","footnotes":""},"class_list":["post-320","page","type-page","status-publish","hentry"],"yoast_head":"<!-- This site is optimized with the Yoast SEO plugin v27.4 - https:\/\/yoast.com\/product\/yoast-seo-wordpress\/ -->\n<title>Acessibilidade - Prefeitura Municipal de Itirapina<\/title>\n<meta name=\"robots\" content=\"index, follow, max-snippet:-1, max-image-preview:large, max-video-preview:-1\" \/>\n<link rel=\"canonical\" href=\"https:\/\/www.itirapina.sp.gov.br\/portal\/acessibilidade\/\" \/>\n<meta property=\"og:locale\" content=\"pt_BR\" \/>\n<meta property=\"og:type\" content=\"article\" \/>\n<meta property=\"og:title\" content=\"Acessibilidade - Prefeitura Municipal de Itirapina\" \/>\n<meta property=\"og:description\" content=\"O termo acessibilidade significa incluir a pessoa com defici\u00eancia na participa\u00e7\u00e3o de atividades como o uso de produtos, servi\u00e7os e informa\u00e7\u00f5es. Alguns exemplos s\u00e3o os pr\u00e9dios com rampas de acesso para cadeira de rodas e banheiros adaptados para deficientes. Na internet, acessibilidade refere-se principalmente \u00e0s recomenda\u00e7\u00f5es do WCAG (World Content Accessibility Guide) do W3C e no caso do Governo Brasileiro ao eMAG (Modelo de Acessibilidade em Governo Eletr\u00f4nico). O eMAG est\u00e1 alinhado as recomenda\u00e7\u00f5es internacionais, mas estabelece padr\u00f5es de comportamento acess\u00edvel para sites governamentais. A acessibilidade no Portal da Prefeitura de Itirapina est\u00e1 inserida na programa\u00e7\u00e3o HTML das p\u00e1ginas e \u00e9 automaticamente identificada por programas de leitura de tela como o NVDA &#8211; Leitor de Tela Livre para Windows. O Portal tamb\u00e9m possui o bot\u00e3o de acesso a ferramenta VLIBRAS em sua lateral, que traduz conte\u00fados digitais (texto, \u00e1udio e v\u00eddeo) para L\u00edngua Brasileira de Sinais &#8211; LIBRAS. Al\u00e9m disso, \u00e9 poss\u00edvel controlar o tamanho das letras nas p\u00e1ginas e o contraste das cores por meio de um bot\u00e3o no canto inferior direito com o icone da acessibilidade. Leis e decretos sobre acessibilidade D\u00favidas, cr\u00edticas e sugest\u00f5es No caso de problemas com a acessibilidade do portal, favor entrar em contato pelo telefone: (19) 3575-9000\" \/>\n<meta property=\"og:url\" content=\"https:\/\/www.itirapina.sp.gov.br\/portal\/acessibilidade\/\" \/>\n<meta property=\"og:site_name\" content=\"Prefeitura Municipal de Itirapina\" \/>\n<meta property=\"article:publisher\" content=\"https:\/\/www.facebook.com\/prefeituramunicipaldeitirapina\" \/>\n<meta property=\"article:modified_time\" content=\"2023-08-09T13:12:02+00:00\" \/>\n<meta property=\"og:image\" content=\"https:\/\/www.itirapina.sp.gov.br\/portal\/wp-content\/uploads\/2023\/06\/brasao_etiqueta.jpg\" \/>\n\t<meta property=\"og:image:width\" content=\"537\" \/>\n\t<meta property=\"og:image:height\" content=\"587\" \/>\n\t<meta property=\"og:image:type\" content=\"image\/jpeg\" \/>\n<meta name=\"twitter:card\" content=\"summary_large_image\" \/>\n<meta name=\"twitter:label1\" content=\"Est. tempo de leitura\" \/>\n\t<meta name=\"twitter:data1\" content=\"2 minutos\" \/>\n<script type=\"application\/ld+json\" class=\"yoast-schema-graph\">{\"@context\":\"https:\\\/\\\/schema.org\",\"@graph\":[{\"@type\":\"WebPage\",\"@id\":\"https:\\\/\\\/www.itirapina.sp.gov.br\\\/portal\\\/acessibilidade\\\/\",\"url\":\"https:\\\/\\\/www.itirapina.sp.gov.br\\\/portal\\\/acessibilidade\\\/\",\"name\":\"Acessibilidade - Prefeitura Municipal de Itirapina\",\"isPartOf\":{\"@id\":\"https:\\\/\\\/www.itirapina.sp.gov.br\\\/portal\\\/#website\"},\"datePublished\":\"2023-06-19T13:41:18+00:00\",\"dateModified\":\"2023-08-09T13:12:02+00:00\",\"breadcrumb\":{\"@id\":\"https:\\\/\\\/www.itirapina.sp.gov.br\\\/portal\\\/acessibilidade\\\/#breadcrumb\"},\"inLanguage\":\"pt-BR\",\"potentialAction\":[{\"@type\":\"ReadAction\",\"target\":[\"https:\\\/\\\/www.itirapina.sp.gov.br\\\/portal\\\/acessibilidade\\\/\"]}]},{\"@type\":\"BreadcrumbList\",\"@id\":\"https:\\\/\\\/www.itirapina.sp.gov.br\\\/portal\\\/acessibilidade\\\/#breadcrumb\",\"itemListElement\":[{\"@type\":\"ListItem\",\"position\":1,\"name\":\"In\u00edcio\",\"item\":\"https:\\\/\\\/www.itirapina.sp.gov.br\\\/portal\\\/\"},{\"@type\":\"ListItem\",\"position\":2,\"name\":\"Acessibilidade\"}]},{\"@type\":\"WebSite\",\"@id\":\"https:\\\/\\\/www.itirapina.sp.gov.br\\\/portal\\\/#website\",\"url\":\"https:\\\/\\\/www.itirapina.sp.gov.br\\\/portal\\\/\",\"name\":\"Prefeitura Municipal de Itirapina\",\"description\":\"Portal da Prefeitura de Itirapina\",\"publisher\":{\"@id\":\"https:\\\/\\\/www.itirapina.sp.gov.br\\\/portal\\\/#organization\"},\"alternateName\":\"Prefeitura de Itirapina\",\"potentialAction\":[{\"@type\":\"SearchAction\",\"target\":{\"@type\":\"EntryPoint\",\"urlTemplate\":\"https:\\\/\\\/www.itirapina.sp.gov.br\\\/portal\\\/?s={search_term_string}\"},\"query-input\":{\"@type\":\"PropertyValueSpecification\",\"valueRequired\":true,\"valueName\":\"search_term_string\"}}],\"inLanguage\":\"pt-BR\"},{\"@type\":\"Organization\",\"@id\":\"https:\\\/\\\/www.itirapina.sp.gov.br\\\/portal\\\/#organization\",\"name\":\"Prefeitura Municipal de Itirapina\",\"alternateName\":\"Prefeitura de Itirapina\",\"url\":\"https:\\\/\\\/www.itirapina.sp.gov.br\\\/portal\\\/\",\"logo\":{\"@type\":\"ImageObject\",\"inLanguage\":\"pt-BR\",\"@id\":\"https:\\\/\\\/www.itirapina.sp.gov.br\\\/portal\\\/#\\\/schema\\\/logo\\\/image\\\/\",\"url\":\"https:\\\/\\\/www.itirapina.sp.gov.br\\\/portal\\\/wp-content\\\/uploads\\\/2023\\\/06\\\/brasao_etiqueta.jpg\",\"contentUrl\":\"https:\\\/\\\/www.itirapina.sp.gov.br\\\/portal\\\/wp-content\\\/uploads\\\/2023\\\/06\\\/brasao_etiqueta.jpg\",\"width\":537,\"height\":587,\"caption\":\"Prefeitura Municipal de Itirapina\"},\"image\":{\"@id\":\"https:\\\/\\\/www.itirapina.sp.gov.br\\\/portal\\\/#\\\/schema\\\/logo\\\/image\\\/\"},\"sameAs\":[\"https:\\\/\\\/www.facebook.com\\\/prefeituramunicipaldeitirapina\",\"https:\\\/\\\/www.instagram.com\\\/itirapinaturismo\\\/\"]}]}<\/script>\n<!-- \/ Yoast SEO plugin. -->","yoast_head_json":{"title":"Acessibilidade - Prefeitura Municipal de Itirapina","robots":{"index":"index","follow":"follow","max-snippet":"max-snippet:-1","max-image-preview":"max-image-preview:large","max-video-preview":"max-video-preview:-1"},"canonical":"https:\/\/www.itirapina.sp.gov.br\/portal\/acessibilidade\/","og_locale":"pt_BR","og_type":"article","og_title":"Acessibilidade - Prefeitura Municipal de Itirapina","og_description":"O termo acessibilidade significa incluir a pessoa com defici\u00eancia na participa\u00e7\u00e3o de atividades como o uso de produtos, servi\u00e7os e informa\u00e7\u00f5es. Alguns exemplos s\u00e3o os pr\u00e9dios com rampas de acesso para cadeira de rodas e banheiros adaptados para deficientes. Na internet, acessibilidade refere-se principalmente \u00e0s recomenda\u00e7\u00f5es do WCAG (World Content Accessibility Guide) do W3C e no caso do Governo Brasileiro ao eMAG (Modelo de Acessibilidade em Governo Eletr\u00f4nico). O eMAG est\u00e1 alinhado as recomenda\u00e7\u00f5es internacionais, mas estabelece padr\u00f5es de comportamento acess\u00edvel para sites governamentais. A acessibilidade no Portal da Prefeitura de Itirapina est\u00e1 inserida na programa\u00e7\u00e3o HTML das p\u00e1ginas e \u00e9 automaticamente identificada por programas de leitura de tela como o NVDA &#8211; Leitor de Tela Livre para Windows. O Portal tamb\u00e9m possui o bot\u00e3o de acesso a ferramenta VLIBRAS em sua lateral, que traduz conte\u00fados digitais (texto, \u00e1udio e v\u00eddeo) para L\u00edngua Brasileira de Sinais &#8211; LIBRAS. Al\u00e9m disso, \u00e9 poss\u00edvel controlar o tamanho das letras nas p\u00e1ginas e o contraste das cores por meio de um bot\u00e3o no canto inferior direito com o icone da acessibilidade. Leis e decretos sobre acessibilidade D\u00favidas, cr\u00edticas e sugest\u00f5es No caso de problemas com a acessibilidade do portal, favor entrar em contato pelo telefone: (19) 3575-9000","og_url":"https:\/\/www.itirapina.sp.gov.br\/portal\/acessibilidade\/","og_site_name":"Prefeitura Municipal de Itirapina","article_publisher":"https:\/\/www.facebook.com\/prefeituramunicipaldeitirapina","article_modified_time":"2023-08-09T13:12:02+00:00","og_image":[{"width":537,"height":587,"url":"https:\/\/www.itirapina.sp.gov.br\/portal\/wp-content\/uploads\/2023\/06\/brasao_etiqueta.jpg","type":"image\/jpeg"}],"twitter_card":"summary_large_image","twitter_misc":{"Est. tempo de leitura":"2 minutos"},"schema":{"@context":"https:\/\/schema.org","@graph":[{"@type":"WebPage","@id":"https:\/\/www.itirapina.sp.gov.br\/portal\/acessibilidade\/","url":"https:\/\/www.itirapina.sp.gov.br\/portal\/acessibilidade\/","name":"Acessibilidade - Prefeitura Municipal de Itirapina","isPartOf":{"@id":"https:\/\/www.itirapina.sp.gov.br\/portal\/#website"},"datePublished":"2023-06-19T13:41:18+00:00","dateModified":"2023-08-09T13:12:02+00:00","breadcrumb":{"@id":"https:\/\/www.itirapina.sp.gov.br\/portal\/acessibilidade\/#breadcrumb"},"inLanguage":"pt-BR","potentialAction":[{"@type":"ReadAction","target":["https:\/\/www.itirapina.sp.gov.br\/portal\/acessibilidade\/"]}]},{"@type":"BreadcrumbList","@id":"https:\/\/www.itirapina.sp.gov.br\/portal\/acessibilidade\/#breadcrumb","itemListElement":[{"@type":"ListItem","position":1,"name":"In\u00edcio","item":"https:\/\/www.itirapina.sp.gov.br\/portal\/"},{"@type":"ListItem","position":2,"name":"Acessibilidade"}]},{"@type":"WebSite","@id":"https:\/\/www.itirapina.sp.gov.br\/portal\/#website","url":"https:\/\/www.itirapina.sp.gov.br\/portal\/","name":"Prefeitura Municipal de Itirapina","description":"Portal da Prefeitura de Itirapina","publisher":{"@id":"https:\/\/www.itirapina.sp.gov.br\/portal\/#organization"},"alternateName":"Prefeitura de Itirapina","potentialAction":[{"@type":"SearchAction","target":{"@type":"EntryPoint","urlTemplate":"https:\/\/www.itirapina.sp.gov.br\/portal\/?s={search_term_string}"},"query-input":{"@type":"PropertyValueSpecification","valueRequired":true,"valueName":"search_term_string"}}],"inLanguage":"pt-BR"},{"@type":"Organization","@id":"https:\/\/www.itirapina.sp.gov.br\/portal\/#organization","name":"Prefeitura Municipal de Itirapina","alternateName":"Prefeitura de Itirapina","url":"https:\/\/www.itirapina.sp.gov.br\/portal\/","logo":{"@type":"ImageObject","inLanguage":"pt-BR","@id":"https:\/\/www.itirapina.sp.gov.br\/portal\/#\/schema\/logo\/image\/","url":"https:\/\/www.itirapina.sp.gov.br\/portal\/wp-content\/uploads\/2023\/06\/brasao_etiqueta.jpg","contentUrl":"https:\/\/www.itirapina.sp.gov.br\/portal\/wp-content\/uploads\/2023\/06\/brasao_etiqueta.jpg","width":537,"height":587,"caption":"Prefeitura Municipal de Itirapina"},"image":{"@id":"https:\/\/www.itirapina.sp.gov.br\/portal\/#\/schema\/logo\/image\/"},"sameAs":["https:\/\/www.facebook.com\/prefeituramunicipaldeitirapina","https:\/\/www.instagram.com\/itirapinaturismo\/"]}]}},"_links":{"self":[{"href":"https:\/\/www.itirapina.sp.gov.br\/portal\/wp-json\/wp\/v2\/pages\/320","targetHints":{"allow":["GET"]}}],"collection":[{"href":"https:\/\/www.itirapina.sp.gov.br\/portal\/wp-json\/wp\/v2\/pages"}],"about":[{"href":"https:\/\/www.itirapina.sp.gov.br\/portal\/wp-json\/wp\/v2\/types\/page"}],"author":[{"embeddable":true,"href":"https:\/\/www.itirapina.sp.gov.br\/portal\/wp-json\/wp\/v2\/users\/1"}],"replies":[{"embeddable":true,"href":"https:\/\/www.itirapina.sp.gov.br\/portal\/wp-json\/wp\/v2\/comments?post=320"}],"version-history":[{"count":3,"href":"https:\/\/www.itirapina.sp.gov.br\/portal\/wp-json\/wp\/v2\/pages\/320\/revisions"}],"predecessor-version":[{"id":1623,"href":"https:\/\/www.itirapina.sp.gov.br\/portal\/wp-json\/wp\/v2\/pages\/320\/revisions\/1623"}],"wp:attachment":[{"href":"https:\/\/www.itirapina.sp.gov.br\/portal\/wp-json\/wp\/v2\/media?parent=320"}],"curies":[{"name":"wp","href":"https:\/\/api.w.org\/{rel}","templated":true}]}}