{"id":294,"date":"2023-06-16T11:26:08","date_gmt":"2023-06-16T14:26:08","guid":{"rendered":"https:\/\/www.itirapina.sp.gov.br\/portal\/?page_id=294"},"modified":"2026-03-30T07:09:59","modified_gmt":"2026-03-30T10:09:59","slug":"ouvidoria","status":"publish","type":"page","link":"https:\/\/www.itirapina.sp.gov.br\/portal\/ouvidoria\/","title":{"rendered":"Ouvidoria"},"content":{"rendered":"\n<p class=\"wp-block-paragraph\">Caro cidad\u00e3o, a Ouvidoria do Munic\u00edpio de Itirapina foi criada para atend\u00ea-lo.<\/p>\n\n\n\n<p class=\"wp-block-paragraph\">Voc\u00ea pode elogiar, sugerir, reclamar ou denunciar os servi\u00e7os prestados pelas unidades da Administra\u00e7\u00e3o Municipal ou pessoas jur\u00eddicas mantidos parcial ou totalmente com recursos p\u00fablicos municipais. Voc\u00ea pode,tamb\u00e9m, enviar d\u00favidas e questionamentos quanto a Lei Geral de Prote\u00e7\u00e3o de Dados (LGPD) e sua aplica\u00e7\u00e3o, assim como denunciar um poss\u00edvel vazamento de dados. <\/p>\n\n\n\n<p class=\"wp-block-paragraph\">Acreditamos que sua participa\u00e7\u00e3o permitir\u00e1 ao Poder P\u00fablico buscar novas solu\u00e7\u00f5es e aprimorar os servi\u00e7os. Participe! Pratique sua cidadania. Somente assim poderemos construir um Governo cada vez mais participativo e pr\u00f3ximo das necessidades sociais.<\/p>\n\n\n\n<hr class=\"wp-block-separator has-alpha-channel-opacity\"\/>\n\n\n\n<p class=\"wp-block-paragraph\"><strong>Atendimento Presencial<\/strong><\/p>\n\n\n\n<p class=\"wp-block-paragraph\"><strong>Endere\u00e7o:<\/strong> Avenida 1, 106, Centro (juntamente \u00e0 Controladoria Geral do Munic\u00edpio)<br><strong>Hor\u00e1rio de Atendimento ao P\u00fablico:<\/strong> De segunda a sexta-feira, das 13 \u00e0s 17 horas.<\/p>\n\n\n\n<hr class=\"wp-block-separator has-alpha-channel-opacity\"\/>\n\n\n\n<p class=\"wp-block-paragraph\"><strong>Atendimento Digital<\/strong><\/p>\n\n\n\n<p class=\"wp-block-paragraph\"><em><strong>ATEN\u00c7\u00c3O:<\/strong> Para anexar arquivos, \u00e9 necess\u00e1rio realizar o primeiro contato pelo formul\u00e1rio abaixo e, ap\u00f3s envi\u00e1-lo, voc\u00ea receber\u00e1, em breve, uma resposta contendo instru\u00e7\u00f5es e orienta\u00e7\u00f5es em seu email ou telefone disponibilizado para contato.<\/em><\/p>\n\n\n<style id=\"wpforms-css-vars-546\">\n\t\t\t\t#wpforms-546 {\n\t\t\t\t\n\t\t\t}\n\t\t\t<\/style><div class=\"wpforms-container wpforms-container-full wpforms-render-modern\" id=\"wpforms-546\"><form id=\"wpforms-form-546\" class=\"wpforms-validate wpforms-form wpforms-ajax-form\" data-formid=\"546\" method=\"post\" enctype=\"multipart\/form-data\" action=\"\/portal\/wp-json\/wp\/v2\/pages\/294\" data-token=\"6534ac1a39e5f8d235e0e211aa192aa5\" data-token-time=\"1776793756\"><noscript class=\"wpforms-error-noscript\">Ative o JavaScript no seu navegador para preencher este formul\u00e1rio.<\/noscript><div id=\"wpforms-error-noscript\" style=\"display: none;\">Ative o JavaScript no seu navegador para preencher este formul\u00e1rio.<\/div><div class=\"wpforms-field-container\"><div id=\"wpforms-546-field_1-container\" class=\"wpforms-field wpforms-field-text\" data-field-id=\"1\"><label class=\"wpforms-field-label\" for=\"wpforms-546-field_1\">Nome completo:<\/label><input type=\"text\" id=\"wpforms-546-field_1\" class=\"wpforms-field-medium\" name=\"wpforms[fields][1]\" placeholder=\"Digite seu nome aqui.\" aria-errormessage=\"wpforms-546-field_1-error\" ><\/div><div id=\"wpforms-546-field_10-container\" class=\"wpforms-field wpforms-field-text\" data-field-id=\"10\"><label class=\"wpforms-field-label\" for=\"wpforms-546-field_10\">CPF:<\/label><input type=\"text\" id=\"wpforms-546-field_10\" class=\"wpforms-field-medium wpforms-masked-input wpforms-limit-characters-enabled\" data-rule-inputmask-incomplete=\"1\" data-inputmask-mask=\"999.999.999-99\" data-form-id=\"546\" data-field-id=\"10\" data-text-limit=\"14\" name=\"wpforms[fields][10]\" placeholder=\"___.___.___-__\" aria-errormessage=\"wpforms-546-field_10-error\" maxlength=\"14\" ><\/div><div id=\"wpforms-546-field_3-container\" class=\"wpforms-field wpforms-field-email\" data-field-id=\"3\"><label class=\"wpforms-field-label\" for=\"wpforms-546-field_3\">E-mail<\/label><input type=\"email\" id=\"wpforms-546-field_3\" class=\"wpforms-field-medium\" name=\"wpforms[fields][3]\" placeholder=\"exemplo@exemplo.com.br\" spellcheck=\"false\" aria-errormessage=\"wpforms-546-field_3-error\" ><\/div><div id=\"wpforms-546-field_5-container\" class=\"wpforms-field wpforms-field-text\" data-field-id=\"5\"><label class=\"wpforms-field-label\" for=\"wpforms-546-field_5\">Telefone\/Celular:<\/label><input type=\"text\" id=\"wpforms-546-field_5\" class=\"wpforms-field-medium wpforms-masked-input wpforms-limit-characters-enabled\" data-rule-inputmask-incomplete=\"1\" data-inputmask-mask=\"(99) 9999-9999[9]\" data-form-id=\"546\" data-field-id=\"5\" data-text-limit=\"15\" name=\"wpforms[fields][5]\" placeholder=\"(__) ____-____\" aria-errormessage=\"wpforms-546-field_5-error\" maxlength=\"15\" ><\/div><div id=\"wpforms-546-field_6-container\" class=\"wpforms-field wpforms-field-text\" data-field-id=\"6\"><label class=\"wpforms-field-label\" for=\"wpforms-546-field_6\">Endere\u00e7o completo:<\/label><input type=\"text\" id=\"wpforms-546-field_6\" class=\"wpforms-field-medium\" name=\"wpforms[fields][6]\" placeholder=\"Rua\/Avenida, n\u00famero da resid\u00eancia, Bairro, Cidade, Estado, CEP\" aria-errormessage=\"wpforms-546-field_6-error\" ><\/div><div id=\"wpforms-546-field_7-container\" class=\"wpforms-field wpforms-field-select wpforms-field-select-style-classic\" data-field-id=\"7\"><label class=\"wpforms-field-label\" for=\"wpforms-546-field_7\">Motivo do contato: <span class=\"wpforms-required-label\" aria-hidden=\"true\">*<\/span><\/label><select id=\"wpforms-546-field_7\" class=\"wpforms-field-medium wpforms-field-required\" name=\"wpforms[fields][7]\" required=\"required\"><option value=\"Den\u00fancias\"  selected='selected' class=\"choice-3 depth-1\"  >Den\u00fancias<\/option><option value=\"Denunciar vazamento de Dados\"  class=\"choice-13 depth-1\"  >Denunciar vazamento de Dados<\/option><option value=\"Elogios\"  class=\"choice-4 depth-1\"  >Elogios<\/option><option value=\"Falar com a encarregada (Prote\u00e7\u00e3o de Dados)\"  class=\"choice-12 depth-1\"  >Falar com a encarregada (Prote\u00e7\u00e3o de Dados)<\/option><option value=\"Fale com a Prefeita\"  class=\"choice-5 depth-1\"  >Fale com a Prefeita<\/option><option value=\"Pedido de Informa\u00e7\u00f5es\"  class=\"choice-6 depth-1\"  >Pedido de Informa\u00e7\u00f5es<\/option><option value=\"Reclama\u00e7\u00f5es\"  class=\"choice-7 depth-1\"  >Reclama\u00e7\u00f5es<\/option><option value=\"Servi\u00e7os\"  class=\"choice-8 depth-1\"  >Servi\u00e7os<\/option><option value=\"Solicita\u00e7\u00f5es\"  class=\"choice-9 depth-1\"  >Solicita\u00e7\u00f5es<\/option><option value=\"Sugest\u00f5es\"  class=\"choice-10 depth-1\"  >Sugest\u00f5es<\/option><option value=\"Manifesta\u00e7\u00f5es\"  class=\"choice-11 depth-1\"  >Manifesta\u00e7\u00f5es<\/option><\/select><\/div><div id=\"wpforms-546-field_8-container\" class=\"wpforms-field wpforms-field-textarea\" data-field-id=\"8\"><label class=\"wpforms-field-label\" for=\"wpforms-546-field_8\">Sua mensagem: <span class=\"wpforms-required-label\" aria-hidden=\"true\">*<\/span><\/label><textarea id=\"wpforms-546-field_8\" class=\"wpforms-field-medium wpforms-field-required\" name=\"wpforms[fields][8]\" placeholder=\"Escreva aqui sua mensagem.\" aria-errormessage=\"wpforms-546-field_8-error\" required><\/textarea><\/div><\/div><!-- .wpforms-field-container --><div class=\"wpforms-recaptcha-container wpforms-is-turnstile\" ><div class=\"wpforms-turnstile\" data-sitekey=\"0x4AAAAAAAGsJbqgf1bCe1xa\" data-action=\"FormID-546\"><\/div><input type=\"text\" name=\"g-recaptcha-hidden\" class=\"wpforms-recaptcha-hidden\" style=\"position:absolute!important;clip:rect(0,0,0,0)!important;height:1px!important;width:1px!important;border:0!important;overflow:hidden!important;padding:0!important;margin:0!important;\" data-rule-turnstile=\"1\"><\/div><div class=\"wpforms-submit-container\" ><input type=\"hidden\" name=\"wpforms[id]\" value=\"546\"><input type=\"hidden\" name=\"page_title\" value=\"\"><input type=\"hidden\" name=\"page_url\" value=\"https:\/\/www.itirapina.sp.gov.br\/portal\/wp-json\/wp\/v2\/pages\/294\"><input type=\"hidden\" name=\"url_referer\" value=\"\"><button type=\"submit\" name=\"wpforms[submit]\" id=\"wpforms-submit-546\" class=\"wpforms-submit\" data-alt-text=\"Enviando\u2026\" data-submit-text=\"Enviar\" aria-live=\"assertive\" value=\"wpforms-submit\">Enviar<\/button><img decoding=\"async\" src=\"https:\/\/www.itirapina.sp.gov.br\/portal\/wp-content\/plugins\/wpforms-lite\/assets\/images\/submit-spin.svg\" class=\"wpforms-submit-spinner\" style=\"display: none;\" width=\"26\" height=\"26\" alt=\"Carregando\"><\/div><\/form><\/div>  <!-- .wpforms-container -->\n\n\n\n            <div class=\"widget shortcode-widget lsvr_document-list-widget lsvr_document-list-widget--shortcode\"><div class=\"widget__inner\">\n<div class=\"widget__content\">\n\n\t\n\t\t<ul class=\"lsvr_document-list-widget__list\">\n\n    \t\t\n    \t\t\t<li class=\"lsvr_document-list-widget__item\">\n\n        \t\t\t<h4 class=\"lsvr_document-list-widget__item-title\">\n        \t\t\t\t<a href=\"https:\/\/www.itirapina.sp.gov.br\/portal\/documentos\/relatorio-da-ouvidoria\/\" class=\"lsvr_document-list-widget__item-title-link\">\n        \t\t\t\t\tRelat\u00f3rios da Ouvidoria        \t\t\t\t<\/a>\n        \t\t\t<\/h4>\n\n        \t\t\t\n    \t\t\t<\/li>\n\n    \t\t\n\t\t<\/ul>\n\n\t\t\n\t\n<\/div>\n\n<\/div><\/div>\n            ","protected":false},"excerpt":{"rendered":"<p>Caro cidad\u00e3o, a Ouvidoria do Munic\u00edpio de Itirapina foi criada para atend\u00ea-lo. Voc\u00ea pode elogiar, sugerir, reclamar ou denunciar os servi\u00e7os prestados pelas unidades da Administra\u00e7\u00e3o Municipal ou pessoas jur\u00eddicas mantidos parcial ou totalmente com recursos p\u00fablicos municipais. Voc\u00ea pode,tamb\u00e9m, enviar d\u00favidas e questionamentos quanto a Lei Geral de Prote\u00e7\u00e3o de Dados (LGPD) e sua aplica\u00e7\u00e3o, assim como denunciar um poss\u00edvel vazamento de dados. Acreditamos que sua participa\u00e7\u00e3o permitir\u00e1 ao Poder P\u00fablico buscar novas solu\u00e7\u00f5es e aprimorar os servi\u00e7os. Participe! Pratique sua cidadania. Somente assim poderemos construir um Governo cada vez mais participativo e pr\u00f3ximo das necessidades sociais. Atendimento Presencial Endere\u00e7o: Avenida 1, 106, Centro (juntamente \u00e0 Controladoria Geral do Munic\u00edpio)Hor\u00e1rio de Atendimento ao P\u00fablico: De segunda a sexta-feira, das 13 \u00e0s 17 horas. Atendimento Digital ATEN\u00c7\u00c3O: Para anexar arquivos, \u00e9 necess\u00e1rio realizar o primeiro contato pelo formul\u00e1rio abaixo e, ap\u00f3s envi\u00e1-lo, voc\u00ea receber\u00e1, em breve, uma resposta contendo instru\u00e7\u00f5es e orienta\u00e7\u00f5es em seu email ou telefone disponibilizado para contato.<\/p>\n","protected":false},"author":1,"featured_media":0,"parent":0,"menu_order":0,"comment_status":"closed","ping_status":"closed","template":"","meta":{"_crdt_document":"","footnotes":""},"class_list":["post-294","page","type-page","status-publish","hentry"],"yoast_head":"<!-- This site is optimized with the Yoast SEO plugin v27.4 - https:\/\/yoast.com\/product\/yoast-seo-wordpress\/ -->\n<title>Ouvidoria - Prefeitura Municipal de Itirapina<\/title>\n<meta name=\"robots\" content=\"index, follow, max-snippet:-1, max-image-preview:large, max-video-preview:-1\" \/>\n<link rel=\"canonical\" href=\"https:\/\/www.itirapina.sp.gov.br\/portal\/ouvidoria\/\" \/>\n<meta property=\"og:locale\" content=\"pt_BR\" \/>\n<meta property=\"og:type\" content=\"article\" \/>\n<meta property=\"og:title\" content=\"Ouvidoria - Prefeitura Municipal de Itirapina\" \/>\n<meta property=\"og:description\" content=\"Caro cidad\u00e3o, a Ouvidoria do Munic\u00edpio de Itirapina foi criada para atend\u00ea-lo. Voc\u00ea pode elogiar, sugerir, reclamar ou denunciar os servi\u00e7os prestados pelas unidades da Administra\u00e7\u00e3o Municipal ou pessoas jur\u00eddicas mantidos parcial ou totalmente com recursos p\u00fablicos municipais. Voc\u00ea pode,tamb\u00e9m, enviar d\u00favidas e questionamentos quanto a Lei Geral de Prote\u00e7\u00e3o de Dados (LGPD) e sua aplica\u00e7\u00e3o, assim como denunciar um poss\u00edvel vazamento de dados. Acreditamos que sua participa\u00e7\u00e3o permitir\u00e1 ao Poder P\u00fablico buscar novas solu\u00e7\u00f5es e aprimorar os servi\u00e7os. Participe! Pratique sua cidadania. Somente assim poderemos construir um Governo cada vez mais participativo e pr\u00f3ximo das necessidades sociais. Atendimento Presencial Endere\u00e7o: Avenida 1, 106, Centro (juntamente \u00e0 Controladoria Geral do Munic\u00edpio)Hor\u00e1rio de Atendimento ao P\u00fablico: De segunda a sexta-feira, das 13 \u00e0s 17 horas. Atendimento Digital ATEN\u00c7\u00c3O: Para anexar arquivos, \u00e9 necess\u00e1rio realizar o primeiro contato pelo formul\u00e1rio abaixo e, ap\u00f3s envi\u00e1-lo, voc\u00ea receber\u00e1, em breve, uma resposta contendo instru\u00e7\u00f5es e orienta\u00e7\u00f5es em seu email ou telefone disponibilizado para contato.\" \/>\n<meta property=\"og:url\" content=\"https:\/\/www.itirapina.sp.gov.br\/portal\/ouvidoria\/\" \/>\n<meta property=\"og:site_name\" content=\"Prefeitura Municipal de Itirapina\" \/>\n<meta property=\"article:publisher\" content=\"https:\/\/www.facebook.com\/prefeituramunicipaldeitirapina\" \/>\n<meta property=\"article:modified_time\" content=\"2026-03-30T10:09:59+00:00\" \/>\n<meta property=\"og:image\" content=\"https:\/\/www.itirapina.sp.gov.br\/portal\/wp-content\/uploads\/2023\/06\/brasao_etiqueta.jpg\" \/>\n\t<meta property=\"og:image:width\" content=\"537\" \/>\n\t<meta property=\"og:image:height\" content=\"587\" \/>\n\t<meta property=\"og:image:type\" content=\"image\/jpeg\" \/>\n<meta name=\"twitter:card\" content=\"summary_large_image\" \/>\n<meta name=\"twitter:label1\" content=\"Est. tempo de leitura\" \/>\n\t<meta name=\"twitter:data1\" content=\"1 minuto\" \/>\n<script type=\"application\/ld+json\" class=\"yoast-schema-graph\">{\"@context\":\"https:\\\/\\\/schema.org\",\"@graph\":[{\"@type\":\"WebPage\",\"@id\":\"https:\\\/\\\/www.itirapina.sp.gov.br\\\/portal\\\/ouvidoria\\\/\",\"url\":\"https:\\\/\\\/www.itirapina.sp.gov.br\\\/portal\\\/ouvidoria\\\/\",\"name\":\"Ouvidoria - Prefeitura Municipal de Itirapina\",\"isPartOf\":{\"@id\":\"https:\\\/\\\/www.itirapina.sp.gov.br\\\/portal\\\/#website\"},\"datePublished\":\"2023-06-16T14:26:08+00:00\",\"dateModified\":\"2026-03-30T10:09:59+00:00\",\"breadcrumb\":{\"@id\":\"https:\\\/\\\/www.itirapina.sp.gov.br\\\/portal\\\/ouvidoria\\\/#breadcrumb\"},\"inLanguage\":\"pt-BR\",\"potentialAction\":[{\"@type\":\"ReadAction\",\"target\":[\"https:\\\/\\\/www.itirapina.sp.gov.br\\\/portal\\\/ouvidoria\\\/\"]}]},{\"@type\":\"BreadcrumbList\",\"@id\":\"https:\\\/\\\/www.itirapina.sp.gov.br\\\/portal\\\/ouvidoria\\\/#breadcrumb\",\"itemListElement\":[{\"@type\":\"ListItem\",\"position\":1,\"name\":\"In\u00edcio\",\"item\":\"https:\\\/\\\/www.itirapina.sp.gov.br\\\/portal\\\/\"},{\"@type\":\"ListItem\",\"position\":2,\"name\":\"Ouvidoria\"}]},{\"@type\":\"WebSite\",\"@id\":\"https:\\\/\\\/www.itirapina.sp.gov.br\\\/portal\\\/#website\",\"url\":\"https:\\\/\\\/www.itirapina.sp.gov.br\\\/portal\\\/\",\"name\":\"Prefeitura Municipal de Itirapina\",\"description\":\"Portal da Prefeitura de Itirapina\",\"publisher\":{\"@id\":\"https:\\\/\\\/www.itirapina.sp.gov.br\\\/portal\\\/#organization\"},\"alternateName\":\"Prefeitura de Itirapina\",\"potentialAction\":[{\"@type\":\"SearchAction\",\"target\":{\"@type\":\"EntryPoint\",\"urlTemplate\":\"https:\\\/\\\/www.itirapina.sp.gov.br\\\/portal\\\/?s={search_term_string}\"},\"query-input\":{\"@type\":\"PropertyValueSpecification\",\"valueRequired\":true,\"valueName\":\"search_term_string\"}}],\"inLanguage\":\"pt-BR\"},{\"@type\":\"Organization\",\"@id\":\"https:\\\/\\\/www.itirapina.sp.gov.br\\\/portal\\\/#organization\",\"name\":\"Prefeitura Municipal de Itirapina\",\"alternateName\":\"Prefeitura de Itirapina\",\"url\":\"https:\\\/\\\/www.itirapina.sp.gov.br\\\/portal\\\/\",\"logo\":{\"@type\":\"ImageObject\",\"inLanguage\":\"pt-BR\",\"@id\":\"https:\\\/\\\/www.itirapina.sp.gov.br\\\/portal\\\/#\\\/schema\\\/logo\\\/image\\\/\",\"url\":\"https:\\\/\\\/www.itirapina.sp.gov.br\\\/portal\\\/wp-content\\\/uploads\\\/2023\\\/06\\\/brasao_etiqueta.jpg\",\"contentUrl\":\"https:\\\/\\\/www.itirapina.sp.gov.br\\\/portal\\\/wp-content\\\/uploads\\\/2023\\\/06\\\/brasao_etiqueta.jpg\",\"width\":537,\"height\":587,\"caption\":\"Prefeitura Municipal de Itirapina\"},\"image\":{\"@id\":\"https:\\\/\\\/www.itirapina.sp.gov.br\\\/portal\\\/#\\\/schema\\\/logo\\\/image\\\/\"},\"sameAs\":[\"https:\\\/\\\/www.facebook.com\\\/prefeituramunicipaldeitirapina\",\"https:\\\/\\\/www.instagram.com\\\/itirapinaturismo\\\/\"]}]}<\/script>\n<!-- \/ Yoast SEO plugin. -->","yoast_head_json":{"title":"Ouvidoria - Prefeitura Municipal de Itirapina","robots":{"index":"index","follow":"follow","max-snippet":"max-snippet:-1","max-image-preview":"max-image-preview:large","max-video-preview":"max-video-preview:-1"},"canonical":"https:\/\/www.itirapina.sp.gov.br\/portal\/ouvidoria\/","og_locale":"pt_BR","og_type":"article","og_title":"Ouvidoria - Prefeitura Municipal de Itirapina","og_description":"Caro cidad\u00e3o, a Ouvidoria do Munic\u00edpio de Itirapina foi criada para atend\u00ea-lo. Voc\u00ea pode elogiar, sugerir, reclamar ou denunciar os servi\u00e7os prestados pelas unidades da Administra\u00e7\u00e3o Municipal ou pessoas jur\u00eddicas mantidos parcial ou totalmente com recursos p\u00fablicos municipais. Voc\u00ea pode,tamb\u00e9m, enviar d\u00favidas e questionamentos quanto a Lei Geral de Prote\u00e7\u00e3o de Dados (LGPD) e sua aplica\u00e7\u00e3o, assim como denunciar um poss\u00edvel vazamento de dados. Acreditamos que sua participa\u00e7\u00e3o permitir\u00e1 ao Poder P\u00fablico buscar novas solu\u00e7\u00f5es e aprimorar os servi\u00e7os. Participe! Pratique sua cidadania. Somente assim poderemos construir um Governo cada vez mais participativo e pr\u00f3ximo das necessidades sociais. Atendimento Presencial Endere\u00e7o: Avenida 1, 106, Centro (juntamente \u00e0 Controladoria Geral do Munic\u00edpio)Hor\u00e1rio de Atendimento ao P\u00fablico: De segunda a sexta-feira, das 13 \u00e0s 17 horas. Atendimento Digital ATEN\u00c7\u00c3O: Para anexar arquivos, \u00e9 necess\u00e1rio realizar o primeiro contato pelo formul\u00e1rio abaixo e, ap\u00f3s envi\u00e1-lo, voc\u00ea receber\u00e1, em breve, uma resposta contendo instru\u00e7\u00f5es e orienta\u00e7\u00f5es em seu email ou telefone disponibilizado para contato.","og_url":"https:\/\/www.itirapina.sp.gov.br\/portal\/ouvidoria\/","og_site_name":"Prefeitura Municipal de Itirapina","article_publisher":"https:\/\/www.facebook.com\/prefeituramunicipaldeitirapina","article_modified_time":"2026-03-30T10:09:59+00:00","og_image":[{"width":537,"height":587,"url":"https:\/\/www.itirapina.sp.gov.br\/portal\/wp-content\/uploads\/2023\/06\/brasao_etiqueta.jpg","type":"image\/jpeg"}],"twitter_card":"summary_large_image","twitter_misc":{"Est. tempo de leitura":"1 minuto"},"schema":{"@context":"https:\/\/schema.org","@graph":[{"@type":"WebPage","@id":"https:\/\/www.itirapina.sp.gov.br\/portal\/ouvidoria\/","url":"https:\/\/www.itirapina.sp.gov.br\/portal\/ouvidoria\/","name":"Ouvidoria - Prefeitura Municipal de Itirapina","isPartOf":{"@id":"https:\/\/www.itirapina.sp.gov.br\/portal\/#website"},"datePublished":"2023-06-16T14:26:08+00:00","dateModified":"2026-03-30T10:09:59+00:00","breadcrumb":{"@id":"https:\/\/www.itirapina.sp.gov.br\/portal\/ouvidoria\/#breadcrumb"},"inLanguage":"pt-BR","potentialAction":[{"@type":"ReadAction","target":["https:\/\/www.itirapina.sp.gov.br\/portal\/ouvidoria\/"]}]},{"@type":"BreadcrumbList","@id":"https:\/\/www.itirapina.sp.gov.br\/portal\/ouvidoria\/#breadcrumb","itemListElement":[{"@type":"ListItem","position":1,"name":"In\u00edcio","item":"https:\/\/www.itirapina.sp.gov.br\/portal\/"},{"@type":"ListItem","position":2,"name":"Ouvidoria"}]},{"@type":"WebSite","@id":"https:\/\/www.itirapina.sp.gov.br\/portal\/#website","url":"https:\/\/www.itirapina.sp.gov.br\/portal\/","name":"Prefeitura Municipal de Itirapina","description":"Portal da Prefeitura de Itirapina","publisher":{"@id":"https:\/\/www.itirapina.sp.gov.br\/portal\/#organization"},"alternateName":"Prefeitura de Itirapina","potentialAction":[{"@type":"SearchAction","target":{"@type":"EntryPoint","urlTemplate":"https:\/\/www.itirapina.sp.gov.br\/portal\/?s={search_term_string}"},"query-input":{"@type":"PropertyValueSpecification","valueRequired":true,"valueName":"search_term_string"}}],"inLanguage":"pt-BR"},{"@type":"Organization","@id":"https:\/\/www.itirapina.sp.gov.br\/portal\/#organization","name":"Prefeitura Municipal de Itirapina","alternateName":"Prefeitura de Itirapina","url":"https:\/\/www.itirapina.sp.gov.br\/portal\/","logo":{"@type":"ImageObject","inLanguage":"pt-BR","@id":"https:\/\/www.itirapina.sp.gov.br\/portal\/#\/schema\/logo\/image\/","url":"https:\/\/www.itirapina.sp.gov.br\/portal\/wp-content\/uploads\/2023\/06\/brasao_etiqueta.jpg","contentUrl":"https:\/\/www.itirapina.sp.gov.br\/portal\/wp-content\/uploads\/2023\/06\/brasao_etiqueta.jpg","width":537,"height":587,"caption":"Prefeitura Municipal de Itirapina"},"image":{"@id":"https:\/\/www.itirapina.sp.gov.br\/portal\/#\/schema\/logo\/image\/"},"sameAs":["https:\/\/www.facebook.com\/prefeituramunicipaldeitirapina","https:\/\/www.instagram.com\/itirapinaturismo\/"]}]}},"_links":{"self":[{"href":"https:\/\/www.itirapina.sp.gov.br\/portal\/wp-json\/wp\/v2\/pages\/294","targetHints":{"allow":["GET"]}}],"collection":[{"href":"https:\/\/www.itirapina.sp.gov.br\/portal\/wp-json\/wp\/v2\/pages"}],"about":[{"href":"https:\/\/www.itirapina.sp.gov.br\/portal\/wp-json\/wp\/v2\/types\/page"}],"author":[{"embeddable":true,"href":"https:\/\/www.itirapina.sp.gov.br\/portal\/wp-json\/wp\/v2\/users\/1"}],"replies":[{"embeddable":true,"href":"https:\/\/www.itirapina.sp.gov.br\/portal\/wp-json\/wp\/v2\/comments?post=294"}],"version-history":[{"count":9,"href":"https:\/\/www.itirapina.sp.gov.br\/portal\/wp-json\/wp\/v2\/pages\/294\/revisions"}],"predecessor-version":[{"id":7435,"href":"https:\/\/www.itirapina.sp.gov.br\/portal\/wp-json\/wp\/v2\/pages\/294\/revisions\/7435"}],"wp:attachment":[{"href":"https:\/\/www.itirapina.sp.gov.br\/portal\/wp-json\/wp\/v2\/media?parent=294"}],"curies":[{"name":"wp","href":"https:\/\/api.w.org\/{rel}","templated":true}]}}