{"id":2577,"date":"2026-05-04T13:41:00","date_gmt":"2026-05-04T16:41:00","guid":{"rendered":"https:\/\/www.itirapina.sp.gov.br\/portal\/?page_id=2577"},"modified":"2026-05-04T13:46:01","modified_gmt":"2026-05-04T16:46:01","slug":"telefones","status":"publish","type":"page","link":"https:\/\/www.itirapina.sp.gov.br\/portal\/telefones\/","title":{"rendered":"Telefones"},"content":{"rendered":"\t\t<div data-elementor-type=\"wp-page\" data-elementor-id=\"2577\" class=\"elementor elementor-2577\">\n\t\t\t\t\t\t<section class=\"elementor-section elementor-top-section elementor-element elementor-element-a91130d elementor-section-boxed elementor-section-height-default elementor-section-height-default wpr-particle-no wpr-jarallax-no wpr-parallax-no wpr-sticky-section-no wpr-equal-height-no\" data-id=\"a91130d\" data-element_type=\"section\" data-e-type=\"section\">\n\t\t\t\t\t\t<div class=\"elementor-container elementor-column-gap-default\">\n\t\t\t\t\t<div class=\"elementor-column elementor-col-100 elementor-top-column elementor-element elementor-element-59bfac1\" data-id=\"59bfac1\" data-element_type=\"column\" data-e-type=\"column\">\n\t\t\t<div class=\"elementor-widget-wrap elementor-element-populated\">\n\t\t\t\t\t\t<div class=\"elementor-element elementor-element-ff72fe5 elementor-widget elementor-widget-heading\" data-id=\"ff72fe5\" data-element_type=\"widget\" data-e-type=\"widget\" data-widget_type=\"heading.default\">\n\t\t\t\t<div class=\"elementor-widget-container\">\n\t\t\t\t\t<h1 class=\"elementor-heading-title elementor-size-default\">TELEFONES INSTITUCIONAIS DO MUNIC\u00cdPIO<\/h1>\t\t\t\t<\/div>\n\t\t\t\t<\/div>\n\t\t\t\t<div class=\"elementor-element elementor-element-31b5625 elementor-widget elementor-widget-text-editor\" data-id=\"31b5625\" data-element_type=\"widget\" data-e-type=\"widget\" data-widget_type=\"text-editor.default\">\n\t\t\t\t<div class=\"elementor-widget-container\">\n\t\t\t\t\t\t\t\t\t<h2><strong>CONTATOS INSTITUCIONAIS<\/strong><\/h2><p><strong>Prefeitura<\/strong><br \/>(19) 3575-9000<\/p><p><strong>C\u00e2mara Municipal<\/strong><br \/>(19) 3575-1186 \u00b7 (19) 3575-1902 \u00b7 (19) 3575-3006 \u00b7 (19) 3575-3888<\/p><p><strong>Secretaria da Administra\u00e7\u00e3o\/<\/strong><strong>Departamento Pessoal<\/strong>\u00a0<br \/>(19) 3575-9010 \u00b7 (19) 3575-9011 | <strong>Seguran\u00e7a<\/strong>\u00a0<strong>do<\/strong>\u00a0<strong>Trabalho<\/strong>: (19) 3575-9018<\/p><p><strong>Secretaria de <\/strong><strong>Servi\u00e7os P\u00fablicos<\/strong><br \/>(19) 3575-3817 | <strong>Almoxarifado<\/strong>: (19) 3575-1526<\/p><p><strong>Secretaria de <\/strong><strong>Assist\u00eancia Social<\/strong><br \/>(19) 3575-3716 \u00b7 (19) 3575-3858 | <strong>CRAS<\/strong>: (19) 3575-1826 | <strong>Fundo<\/strong>\u00a0<strong>Social<\/strong>: (19) 3575-4100 | <strong>Conselho<\/strong>\u00a0<strong>Tutelar<\/strong>: (19) 3575-3434<\/p><p><strong>Secretaria da Sa\u00fade<\/strong><br \/>(19) 3575-9202 \u00b7 (19) 3575-9204 \u00b7 (19) 3575-2221 \u00b7 (19) 3575-3022<\/p><p><strong>Secretaria da Educa\u00e7\u00e3o<\/strong><br \/>(19) 3575-4070 \u00b7 (19) 3575-4008 \u00b7 (19) 3575-1027 | <strong>Casa<\/strong>\u00a0<strong>Guariento<\/strong>: (19) 3575-2251\u00a0| <strong>Cozinha<\/strong>\u00a0<strong>Central<\/strong>: (19) 3575-3391<\/p><p><strong>Secretaria de Turismo<\/strong>\u00a0<strong>e<\/strong>\u00a0<strong>Meio<\/strong>\u00a0<strong>Ambiente<\/strong><br \/>(19) 3575-1852 | <strong>Casa<\/strong>\u00a0<strong>da<\/strong>\u00a0<strong>Agricultura<\/strong>: (19) 3575-1305 | <strong>Portaria<\/strong>\u00a0<strong>Broa<\/strong>: (19) 99894-7018<\/p><p><strong>Secretaria da Fazenda<\/strong>\u00a0<br \/><strong>Fiscaliza\u00e7\u00e3o<\/strong>: (19) 3575-3926 | <strong>Lan\u00e7adoria<\/strong>: (19) 3575-3904<\/p><p><strong>Secretaria de Esporte<\/strong><br \/>(19) 3575-3900<\/p><p><strong>Secretaria de Saneamento\/DAE<\/strong><br \/>(19) 3575-1901 \u00b7 (19) 3575-2156<\/p><h2>SA\u00daDE \u2013 UNIDADES<\/h2><p><strong>Hospital<\/strong>: (19) 3575-9200<br \/><strong>CSIII<\/strong>: (19) 3575-9030 | <strong>Farm\u00e1cia CSIII<\/strong>: (19) 3575-9038<br \/><strong>PSF Nova Itirapina<\/strong>: (19) 3575-1112<br \/><strong>PSF Indai\u00e1s<\/strong>: (19) 3575-3644<br \/><strong>PSF <\/strong><strong>Jardim do Sol<\/strong>: (19) 99972-3687<br \/><strong>CEREM<\/strong>: (19) 3575-2090<br \/><strong>SAMU<\/strong>: (19) 3575-3092<br \/><strong>Vigil\u00e2ncia Sanit\u00e1ria<\/strong>: (19) 3575-3931<br \/><strong>Vigil\u00e2ncia Epidemiol\u00f3gica<\/strong>: (19) 3575-1467<\/p><h2>ESCOLAS<\/h2><p><strong>Dulce<\/strong>: (19) 3575-3846<br \/><strong>Ana C\u00e2ndida<\/strong>: (19) 3575-1983<br \/><strong>Simone<\/strong>: (19) 3575-3027<br \/><strong>EMEI<\/strong>: (19) 3575-2435<br \/><strong>Aracy<\/strong>: (19) 3575-1867<br \/><strong>Hilda Barros<\/strong>: (19) 3575-4077<br \/><strong>Jos\u00e9 Cruz<\/strong>: (19) 3575-1391<br \/><strong>Marilei<\/strong>: (19) 3575-2535<br \/><strong>Toledo<\/strong>: (19) 3575-1868\u00a0\u00b7 (19) 3575-2144<\/p><h2>CONTATOS EMERGENCIAIS<\/h2><p><strong>190 \u2013 <\/strong>Pol\u00edcia Militar<br \/><strong>193 \u2013 <\/strong>Bombeiros<br \/><strong>192 \u2013 <\/strong>SAMU<strong><br \/>199 \u2013 <\/strong>Defesa Civil<\/p>\t\t\t\t\t\t\t\t<\/div>\n\t\t\t\t<\/div>\n\t\t\t\t<div class=\"elementor-element elementor-element-052734a elementor-widget elementor-widget-spacer\" data-id=\"052734a\" data-element_type=\"widget\" data-e-type=\"widget\" data-widget_type=\"spacer.default\">\n\t\t\t\t<div class=\"elementor-widget-container\">\n\t\t\t\t\t\t\t<div class=\"elementor-spacer\">\n\t\t\t<div class=\"elementor-spacer-inner\"><\/div>\n\t\t<\/div>\n\t\t\t\t\t\t<\/div>\n\t\t\t\t<\/div>\n\t\t\t\t<div class=\"elementor-element elementor-element-923ac39 elementor-widget elementor-widget-text-editor\" data-id=\"923ac39\" data-element_type=\"widget\" data-e-type=\"widget\" data-widget_type=\"text-editor.default\">\n\t\t\t\t<div class=\"elementor-widget-container\">\n\t\t\t\t\t\t\t\t\t<p><em>Lista atualizada em: 04\/05\/2026.<\/em><\/p>\t\t\t\t\t\t\t\t<\/div>\n\t\t\t\t<\/div>\n\t\t\t\t\t<\/div>\n\t\t<\/div>\n\t\t\t\t\t<\/div>\n\t\t<\/section>\n\t\t\t\t<\/div>\n\t\t","protected":false},"excerpt":{"rendered":"<p>TELEFONES INSTITUCIONAIS DO MUNIC\u00cdPIO CONTATOS INSTITUCIONAIS Prefeitura(19) 3575-9000 C\u00e2mara Municipal(19) 3575-1186 \u00b7 (19) 3575-1902 \u00b7 (19) 3575-3006 \u00b7 (19) 3575-3888 Secretaria da Administra\u00e7\u00e3o\/Departamento Pessoal\u00a0(19) 3575-9010 \u00b7 (19) 3575-9011 | Seguran\u00e7a\u00a0do\u00a0Trabalho: (19) 3575-9018 Secretaria de Servi\u00e7os P\u00fablicos(19) 3575-3817 | Almoxarifado: (19) 3575-1526 Secretaria de Assist\u00eancia Social(19) 3575-3716 \u00b7 (19) 3575-3858 | CRAS: (19) 3575-1826 | Fundo\u00a0Social: (19) 3575-4100 | Conselho\u00a0Tutelar: (19) 3575-3434 Secretaria da Sa\u00fade(19) 3575-9202 \u00b7 (19) 3575-9204 \u00b7 (19) 3575-2221 \u00b7 (19) 3575-3022 Secretaria da Educa\u00e7\u00e3o(19) 3575-4070 \u00b7 (19) 3575-4008 \u00b7 (19) 3575-1027 | Casa\u00a0Guariento: (19) 3575-2251\u00a0| Cozinha\u00a0Central: (19) 3575-3391 Secretaria de Turismo\u00a0e\u00a0Meio\u00a0Ambiente(19) 3575-1852 | Casa\u00a0da\u00a0Agricultura: (19) 3575-1305 | Portaria\u00a0Broa: (19) 99894-7018 Secretaria da Fazenda\u00a0Fiscaliza\u00e7\u00e3o: (19) 3575-3926 | Lan\u00e7adoria: (19) 3575-3904 Secretaria de Esporte(19) 3575-3900 Secretaria de Saneamento\/DAE(19) 3575-1901 \u00b7 (19) 3575-2156 SA\u00daDE \u2013 UNIDADES Hospital: (19) 3575-9200CSIII: (19) 3575-9030 | Farm\u00e1cia CSIII: (19) 3575-9038PSF Nova Itirapina: (19) 3575-1112PSF Indai\u00e1s: (19) 3575-3644PSF Jardim do Sol: (19) 99972-3687CEREM: (19) 3575-2090SAMU: (19) 3575-3092Vigil\u00e2ncia Sanit\u00e1ria: (19) 3575-3931Vigil\u00e2ncia Epidemiol\u00f3gica: (19) 3575-1467 ESCOLAS Dulce: (19) 3575-3846Ana C\u00e2ndida: (19) 3575-1983Simone: (19) 3575-3027EMEI: (19) 3575-2435Aracy: (19) 3575-1867Hilda Barros: (19) 3575-4077Jos\u00e9 Cruz: (19) 3575-1391Marilei: (19) 3575-2535Toledo: (19) 3575-1868\u00a0\u00b7 (19) 3575-2144 CONTATOS EMERGENCIAIS 190 \u2013 Pol\u00edcia Militar193 \u2013 Bombeiros192 \u2013 SAMU199 \u2013 Defesa Civil Lista atualizada em: 04\/05\/2026.<\/p>\n","protected":false},"author":1,"featured_media":0,"parent":0,"menu_order":0,"comment_status":"closed","ping_status":"closed","template":"page-templates\/boxed-without-title.php","meta":{"_crdt_document":"","footnotes":""},"class_list":["post-2577","page","type-page","status-publish","hentry"],"yoast_head":"<!-- This site is optimized with the Yoast SEO plugin v27.5 - https:\/\/yoast.com\/product\/yoast-seo-wordpress\/ -->\n<title>Telefones - Prefeitura Municipal de Itirapina<\/title>\n<meta name=\"robots\" content=\"index, follow, max-snippet:-1, max-image-preview:large, max-video-preview:-1\" \/>\n<link rel=\"canonical\" href=\"https:\/\/www.itirapina.sp.gov.br\/portal\/telefones\/\" \/>\n<meta property=\"og:locale\" content=\"pt_BR\" \/>\n<meta property=\"og:type\" content=\"article\" \/>\n<meta property=\"og:title\" content=\"Telefones - Prefeitura Municipal de Itirapina\" \/>\n<meta property=\"og:description\" content=\"TELEFONES INSTITUCIONAIS DO MUNIC\u00cdPIO CONTATOS INSTITUCIONAIS Prefeitura(19) 3575-9000 C\u00e2mara Municipal(19) 3575-1186 \u00b7 (19) 3575-1902 \u00b7 (19) 3575-3006 \u00b7 (19) 3575-3888 Secretaria da Administra\u00e7\u00e3o\/Departamento Pessoal\u00a0(19) 3575-9010 \u00b7 (19) 3575-9011 | Seguran\u00e7a\u00a0do\u00a0Trabalho: (19) 3575-9018 Secretaria de Servi\u00e7os P\u00fablicos(19) 3575-3817 | Almoxarifado: (19) 3575-1526 Secretaria de Assist\u00eancia Social(19) 3575-3716 \u00b7 (19) 3575-3858 | CRAS: (19) 3575-1826 | Fundo\u00a0Social: (19) 3575-4100 | Conselho\u00a0Tutelar: (19) 3575-3434 Secretaria da Sa\u00fade(19) 3575-9202 \u00b7 (19) 3575-9204 \u00b7 (19) 3575-2221 \u00b7 (19) 3575-3022 Secretaria da Educa\u00e7\u00e3o(19) 3575-4070 \u00b7 (19) 3575-4008 \u00b7 (19) 3575-1027 | Casa\u00a0Guariento: (19) 3575-2251\u00a0| Cozinha\u00a0Central: (19) 3575-3391 Secretaria de Turismo\u00a0e\u00a0Meio\u00a0Ambiente(19) 3575-1852 | Casa\u00a0da\u00a0Agricultura: (19) 3575-1305 | Portaria\u00a0Broa: (19) 99894-7018 Secretaria da Fazenda\u00a0Fiscaliza\u00e7\u00e3o: (19) 3575-3926 | Lan\u00e7adoria: (19) 3575-3904 Secretaria de Esporte(19) 3575-3900 Secretaria de Saneamento\/DAE(19) 3575-1901 \u00b7 (19) 3575-2156 SA\u00daDE \u2013 UNIDADES Hospital: (19) 3575-9200CSIII: (19) 3575-9030 | Farm\u00e1cia CSIII: (19) 3575-9038PSF Nova Itirapina: (19) 3575-1112PSF Indai\u00e1s: (19) 3575-3644PSF Jardim do Sol: (19) 99972-3687CEREM: (19) 3575-2090SAMU: (19) 3575-3092Vigil\u00e2ncia Sanit\u00e1ria: (19) 3575-3931Vigil\u00e2ncia Epidemiol\u00f3gica: (19) 3575-1467 ESCOLAS Dulce: (19) 3575-3846Ana C\u00e2ndida: (19) 3575-1983Simone: (19) 3575-3027EMEI: (19) 3575-2435Aracy: (19) 3575-1867Hilda Barros: (19) 3575-4077Jos\u00e9 Cruz: (19) 3575-1391Marilei: (19) 3575-2535Toledo: (19) 3575-1868\u00a0\u00b7 (19) 3575-2144 CONTATOS EMERGENCIAIS 190 \u2013 Pol\u00edcia Militar193 \u2013 Bombeiros192 \u2013 SAMU199 \u2013 Defesa Civil Lista atualizada em: 04\/05\/2026.\" \/>\n<meta property=\"og:url\" content=\"https:\/\/www.itirapina.sp.gov.br\/portal\/telefones\/\" \/>\n<meta property=\"og:site_name\" content=\"Prefeitura Municipal de Itirapina\" \/>\n<meta property=\"article:publisher\" content=\"https:\/\/www.facebook.com\/prefeituramunicipaldeitirapina\" \/>\n<meta property=\"article:modified_time\" content=\"2026-05-04T16:46:01+00:00\" \/>\n<meta property=\"og:image\" content=\"https:\/\/www.itirapina.sp.gov.br\/portal\/wp-content\/uploads\/2023\/06\/brasao_etiqueta.jpg\" \/>\n\t<meta property=\"og:image:width\" content=\"537\" \/>\n\t<meta property=\"og:image:height\" content=\"587\" \/>\n\t<meta property=\"og:image:type\" content=\"image\/jpeg\" \/>\n<meta name=\"twitter:card\" content=\"summary_large_image\" \/>\n<meta name=\"twitter:label1\" content=\"Est. tempo de leitura\" \/>\n\t<meta name=\"twitter:data1\" content=\"2 minutos\" \/>\n<script type=\"application\/ld+json\" class=\"yoast-schema-graph\">{\"@context\":\"https:\\\/\\\/schema.org\",\"@graph\":[{\"@type\":\"WebPage\",\"@id\":\"https:\\\/\\\/www.itirapina.sp.gov.br\\\/portal\\\/telefones\\\/\",\"url\":\"https:\\\/\\\/www.itirapina.sp.gov.br\\\/portal\\\/telefones\\\/\",\"name\":\"Telefones - Prefeitura Municipal de Itirapina\",\"isPartOf\":{\"@id\":\"https:\\\/\\\/www.itirapina.sp.gov.br\\\/portal\\\/#website\"},\"datePublished\":\"2026-05-04T16:41:00+00:00\",\"dateModified\":\"2026-05-04T16:46:01+00:00\",\"breadcrumb\":{\"@id\":\"https:\\\/\\\/www.itirapina.sp.gov.br\\\/portal\\\/telefones\\\/#breadcrumb\"},\"inLanguage\":\"pt-BR\",\"potentialAction\":[{\"@type\":\"ReadAction\",\"target\":[\"https:\\\/\\\/www.itirapina.sp.gov.br\\\/portal\\\/telefones\\\/\"]}]},{\"@type\":\"BreadcrumbList\",\"@id\":\"https:\\\/\\\/www.itirapina.sp.gov.br\\\/portal\\\/telefones\\\/#breadcrumb\",\"itemListElement\":[{\"@type\":\"ListItem\",\"position\":1,\"name\":\"In\u00edcio\",\"item\":\"https:\\\/\\\/www.itirapina.sp.gov.br\\\/portal\\\/\"},{\"@type\":\"ListItem\",\"position\":2,\"name\":\"Telefones\"}]},{\"@type\":\"WebSite\",\"@id\":\"https:\\\/\\\/www.itirapina.sp.gov.br\\\/portal\\\/#website\",\"url\":\"https:\\\/\\\/www.itirapina.sp.gov.br\\\/portal\\\/\",\"name\":\"Prefeitura Municipal de Itirapina\",\"description\":\"Portal da Prefeitura de Itirapina\",\"publisher\":{\"@id\":\"https:\\\/\\\/www.itirapina.sp.gov.br\\\/portal\\\/#organization\"},\"alternateName\":\"Prefeitura de Itirapina\",\"potentialAction\":[{\"@type\":\"SearchAction\",\"target\":{\"@type\":\"EntryPoint\",\"urlTemplate\":\"https:\\\/\\\/www.itirapina.sp.gov.br\\\/portal\\\/?s={search_term_string}\"},\"query-input\":{\"@type\":\"PropertyValueSpecification\",\"valueRequired\":true,\"valueName\":\"search_term_string\"}}],\"inLanguage\":\"pt-BR\"},{\"@type\":\"Organization\",\"@id\":\"https:\\\/\\\/www.itirapina.sp.gov.br\\\/portal\\\/#organization\",\"name\":\"Prefeitura Municipal de Itirapina\",\"alternateName\":\"Prefeitura de Itirapina\",\"url\":\"https:\\\/\\\/www.itirapina.sp.gov.br\\\/portal\\\/\",\"logo\":{\"@type\":\"ImageObject\",\"inLanguage\":\"pt-BR\",\"@id\":\"https:\\\/\\\/www.itirapina.sp.gov.br\\\/portal\\\/#\\\/schema\\\/logo\\\/image\\\/\",\"url\":\"https:\\\/\\\/www.itirapina.sp.gov.br\\\/portal\\\/wp-content\\\/uploads\\\/2023\\\/06\\\/brasao_etiqueta.jpg\",\"contentUrl\":\"https:\\\/\\\/www.itirapina.sp.gov.br\\\/portal\\\/wp-content\\\/uploads\\\/2023\\\/06\\\/brasao_etiqueta.jpg\",\"width\":537,\"height\":587,\"caption\":\"Prefeitura Municipal de Itirapina\"},\"image\":{\"@id\":\"https:\\\/\\\/www.itirapina.sp.gov.br\\\/portal\\\/#\\\/schema\\\/logo\\\/image\\\/\"},\"sameAs\":[\"https:\\\/\\\/www.facebook.com\\\/prefeituramunicipaldeitirapina\",\"https:\\\/\\\/www.instagram.com\\\/itirapinaturismo\\\/\"]}]}<\/script>\n<!-- \/ Yoast SEO plugin. -->","yoast_head_json":{"title":"Telefones - Prefeitura Municipal de Itirapina","robots":{"index":"index","follow":"follow","max-snippet":"max-snippet:-1","max-image-preview":"max-image-preview:large","max-video-preview":"max-video-preview:-1"},"canonical":"https:\/\/www.itirapina.sp.gov.br\/portal\/telefones\/","og_locale":"pt_BR","og_type":"article","og_title":"Telefones - Prefeitura Municipal de Itirapina","og_description":"TELEFONES INSTITUCIONAIS DO MUNIC\u00cdPIO CONTATOS INSTITUCIONAIS Prefeitura(19) 3575-9000 C\u00e2mara Municipal(19) 3575-1186 \u00b7 (19) 3575-1902 \u00b7 (19) 3575-3006 \u00b7 (19) 3575-3888 Secretaria da Administra\u00e7\u00e3o\/Departamento Pessoal\u00a0(19) 3575-9010 \u00b7 (19) 3575-9011 | Seguran\u00e7a\u00a0do\u00a0Trabalho: (19) 3575-9018 Secretaria de Servi\u00e7os P\u00fablicos(19) 3575-3817 | Almoxarifado: (19) 3575-1526 Secretaria de Assist\u00eancia Social(19) 3575-3716 \u00b7 (19) 3575-3858 | CRAS: (19) 3575-1826 | Fundo\u00a0Social: (19) 3575-4100 | Conselho\u00a0Tutelar: (19) 3575-3434 Secretaria da Sa\u00fade(19) 3575-9202 \u00b7 (19) 3575-9204 \u00b7 (19) 3575-2221 \u00b7 (19) 3575-3022 Secretaria da Educa\u00e7\u00e3o(19) 3575-4070 \u00b7 (19) 3575-4008 \u00b7 (19) 3575-1027 | Casa\u00a0Guariento: (19) 3575-2251\u00a0| Cozinha\u00a0Central: (19) 3575-3391 Secretaria de Turismo\u00a0e\u00a0Meio\u00a0Ambiente(19) 3575-1852 | Casa\u00a0da\u00a0Agricultura: (19) 3575-1305 | Portaria\u00a0Broa: (19) 99894-7018 Secretaria da Fazenda\u00a0Fiscaliza\u00e7\u00e3o: (19) 3575-3926 | Lan\u00e7adoria: (19) 3575-3904 Secretaria de Esporte(19) 3575-3900 Secretaria de Saneamento\/DAE(19) 3575-1901 \u00b7 (19) 3575-2156 SA\u00daDE \u2013 UNIDADES Hospital: (19) 3575-9200CSIII: (19) 3575-9030 | Farm\u00e1cia CSIII: (19) 3575-9038PSF Nova Itirapina: (19) 3575-1112PSF Indai\u00e1s: (19) 3575-3644PSF Jardim do Sol: (19) 99972-3687CEREM: (19) 3575-2090SAMU: (19) 3575-3092Vigil\u00e2ncia Sanit\u00e1ria: (19) 3575-3931Vigil\u00e2ncia Epidemiol\u00f3gica: (19) 3575-1467 ESCOLAS Dulce: (19) 3575-3846Ana C\u00e2ndida: (19) 3575-1983Simone: (19) 3575-3027EMEI: (19) 3575-2435Aracy: (19) 3575-1867Hilda Barros: (19) 3575-4077Jos\u00e9 Cruz: (19) 3575-1391Marilei: (19) 3575-2535Toledo: (19) 3575-1868\u00a0\u00b7 (19) 3575-2144 CONTATOS EMERGENCIAIS 190 \u2013 Pol\u00edcia Militar193 \u2013 Bombeiros192 \u2013 SAMU199 \u2013 Defesa Civil Lista atualizada em: 04\/05\/2026.","og_url":"https:\/\/www.itirapina.sp.gov.br\/portal\/telefones\/","og_site_name":"Prefeitura Municipal de Itirapina","article_publisher":"https:\/\/www.facebook.com\/prefeituramunicipaldeitirapina","article_modified_time":"2026-05-04T16:46:01+00:00","og_image":[{"width":537,"height":587,"url":"https:\/\/www.itirapina.sp.gov.br\/portal\/wp-content\/uploads\/2023\/06\/brasao_etiqueta.jpg","type":"image\/jpeg"}],"twitter_card":"summary_large_image","twitter_misc":{"Est. tempo de leitura":"2 minutos"},"schema":{"@context":"https:\/\/schema.org","@graph":[{"@type":"WebPage","@id":"https:\/\/www.itirapina.sp.gov.br\/portal\/telefones\/","url":"https:\/\/www.itirapina.sp.gov.br\/portal\/telefones\/","name":"Telefones - Prefeitura Municipal de Itirapina","isPartOf":{"@id":"https:\/\/www.itirapina.sp.gov.br\/portal\/#website"},"datePublished":"2026-05-04T16:41:00+00:00","dateModified":"2026-05-04T16:46:01+00:00","breadcrumb":{"@id":"https:\/\/www.itirapina.sp.gov.br\/portal\/telefones\/#breadcrumb"},"inLanguage":"pt-BR","potentialAction":[{"@type":"ReadAction","target":["https:\/\/www.itirapina.sp.gov.br\/portal\/telefones\/"]}]},{"@type":"BreadcrumbList","@id":"https:\/\/www.itirapina.sp.gov.br\/portal\/telefones\/#breadcrumb","itemListElement":[{"@type":"ListItem","position":1,"name":"In\u00edcio","item":"https:\/\/www.itirapina.sp.gov.br\/portal\/"},{"@type":"ListItem","position":2,"name":"Telefones"}]},{"@type":"WebSite","@id":"https:\/\/www.itirapina.sp.gov.br\/portal\/#website","url":"https:\/\/www.itirapina.sp.gov.br\/portal\/","name":"Prefeitura Municipal de Itirapina","description":"Portal da Prefeitura de Itirapina","publisher":{"@id":"https:\/\/www.itirapina.sp.gov.br\/portal\/#organization"},"alternateName":"Prefeitura de Itirapina","potentialAction":[{"@type":"SearchAction","target":{"@type":"EntryPoint","urlTemplate":"https:\/\/www.itirapina.sp.gov.br\/portal\/?s={search_term_string}"},"query-input":{"@type":"PropertyValueSpecification","valueRequired":true,"valueName":"search_term_string"}}],"inLanguage":"pt-BR"},{"@type":"Organization","@id":"https:\/\/www.itirapina.sp.gov.br\/portal\/#organization","name":"Prefeitura Municipal de Itirapina","alternateName":"Prefeitura de Itirapina","url":"https:\/\/www.itirapina.sp.gov.br\/portal\/","logo":{"@type":"ImageObject","inLanguage":"pt-BR","@id":"https:\/\/www.itirapina.sp.gov.br\/portal\/#\/schema\/logo\/image\/","url":"https:\/\/www.itirapina.sp.gov.br\/portal\/wp-content\/uploads\/2023\/06\/brasao_etiqueta.jpg","contentUrl":"https:\/\/www.itirapina.sp.gov.br\/portal\/wp-content\/uploads\/2023\/06\/brasao_etiqueta.jpg","width":537,"height":587,"caption":"Prefeitura Municipal de Itirapina"},"image":{"@id":"https:\/\/www.itirapina.sp.gov.br\/portal\/#\/schema\/logo\/image\/"},"sameAs":["https:\/\/www.facebook.com\/prefeituramunicipaldeitirapina","https:\/\/www.instagram.com\/itirapinaturismo\/"]}]}},"_links":{"self":[{"href":"https:\/\/www.itirapina.sp.gov.br\/portal\/wp-json\/wp\/v2\/pages\/2577","targetHints":{"allow":["GET"]}}],"collection":[{"href":"https:\/\/www.itirapina.sp.gov.br\/portal\/wp-json\/wp\/v2\/pages"}],"about":[{"href":"https:\/\/www.itirapina.sp.gov.br\/portal\/wp-json\/wp\/v2\/types\/page"}],"author":[{"embeddable":true,"href":"https:\/\/www.itirapina.sp.gov.br\/portal\/wp-json\/wp\/v2\/users\/1"}],"replies":[{"embeddable":true,"href":"https:\/\/www.itirapina.sp.gov.br\/portal\/wp-json\/wp\/v2\/comments?post=2577"}],"version-history":[{"count":15,"href":"https:\/\/www.itirapina.sp.gov.br\/portal\/wp-json\/wp\/v2\/pages\/2577\/revisions"}],"predecessor-version":[{"id":7534,"href":"https:\/\/www.itirapina.sp.gov.br\/portal\/wp-json\/wp\/v2\/pages\/2577\/revisions\/7534"}],"wp:attachment":[{"href":"https:\/\/www.itirapina.sp.gov.br\/portal\/wp-json\/wp\/v2\/media?parent=2577"}],"curies":[{"name":"wp","href":"https:\/\/api.w.org\/{rel}","templated":true}]}}